{"id":552,"date":"2025-03-30T20:31:00","date_gmt":"2025-03-30T20:31:00","guid":{"rendered":"https:\/\/youtube-thumbnail-download.org\/?page_id=552"},"modified":"2025-03-30T20:31:01","modified_gmt":"2025-03-30T20:31:01","slug":"about-us","status":"publish","type":"page","link":"https:\/\/youtube-thumbnail-download.org\/de\/about-us\/","title":{"rendered":"\u00dcber Uns"},"content":{"rendered":"<p>Hallo, ich bin Ihr Gastgeber von YouTube SEO Tools - Ihre beste Ressource f\u00fcr YouTube SEO Tools! Wir wissen, wie schwer es f\u00fcr Videoproduzenten ist, ihre Videos in den Kontext der gesamten YouTube-Welt zu stellen. Deshalb haben wir eine Reihe von umfassenden YouTube-SEO-Tools entwickelt, die dir die Informationen und Strategien liefern, die du brauchst, um deine Videos besser auffindbar und ansprechender zu machen.<\/p>\n\n\n\n<h2 class=\"wp-block-heading\"><strong>Unser Auftrag<\/strong><\/h2>\n\n\n\n<p>Unser Ziel ist es, die besten SEO-Tools f\u00fcr YouTube f\u00fcr alle zug\u00e4nglich zu machen. Jeder Creator, unabh\u00e4ngig von der Gr\u00f6\u00dfe seines Unternehmens oder seines Budgets, sollte die gleiche Chance auf Erfolg haben. Wir bieten unsere Tools wirklich kostenlos an, damit Tr\u00e4ume wahr werden k\u00f6nnen; ich spreche von euch, den Kreativen.<\/p>\n\n\n\n<h2 class=\"wp-block-heading\"><strong>Unsere Tools<\/strong><\/h2>\n\n\n\n<p>YouTube-SEO-Tools - Unsere Video-Tools wurden unter Ber\u00fccksichtigung der neuesten Algorithmen und bew\u00e4hrten Verfahren entwickelt. Wenn Sie wissen m\u00f6chten, wie Sie in der YouTube-Suche ranken k\u00f6nnen, geben Ihnen all diese Tools konkrete Informationen \u00fcber den Videotitel, die Beschreibung, die Tags oder das Thumbnail, die Ihnen helfen k\u00f6nnen, die Auffindbarkeit Ihres Videos zu erh\u00f6hen. Von der Keyword-Recherche bis zur Leistungsanalyse - wir haben alles f\u00fcr Sie!<\/p>\n\n\n\n<h2 class=\"wp-block-heading\"><strong>Unser Team<\/strong><\/h2>\n\n\n\n<p>Hinter den YouTube-SEO-Tools steht ein Team aus echten Entwicklern, SEO-Spezialisten und zufriedenen YouTubern, die regelm\u00e4\u00dfig mit YouTube zu tun haben. Wir arbeiten hart, basierend auf deinem Feedback und dem sich st\u00e4ndig ver\u00e4ndernden Terrain von YouTube, um unsere Tools kontinuierlich zu verbessern.<\/p>\n\n\n\n<h2 class=\"wp-block-heading\"><strong>Mitmachen<\/strong><\/h2>\n\n\n\n<p>Wir freuen uns, dich an Bord zu haben! Kostenlose YouTube-SEO-Tools, die dir auf deinem Weg helfen, egal ob du YouTube als kostenloser Creator oder als Profi nutzt... Lass uns gemeinsam ein erfolgreiches YouTube aufbauen!<\/p>\n\n\n\n<p>Akshay<\/p>\n\n\n\n<p>Sie k\u00f6nnen uns \u00fcber die Kontaktseite kontaktieren, indem Sie den Link im Men\u00fc anklicken.<\/p>","protected":false},"excerpt":{"rendered":"<p>Hallo, ich bin Ihr Gastgeber von YouTube SEO Tools - Ihre beste Ressource f\u00fcr YouTube SEO Tools! Wir h\u00f6ren die K\u00e4mpfe von ... <\/p>\n<p class=\"read-more-container\"><a title=\"\u00dcber Uns\" class=\"read-more button\" href=\"https:\/\/youtube-thumbnail-download.org\/de\/about-us\/#more-552\" aria-label=\"Mehr Informationen \u00fcber uns\">Mehr lesen<\/a><\/p>","protected":false},"author":1,"featured_media":0,"parent":0,"menu_order":0,"comment_status":"closed","ping_status":"closed","template":"","meta":{"footnotes":""},"class_list":["post-552","page","type-page","status-publish"],"yoast_head":"<!-- This site is optimized with the Yoast SEO plugin v27.0 - https:\/\/yoast.com\/product\/yoast-seo-wordpress\/ -->\n<title>About Us - YouTube Thumbnail Downloader<\/title>\n<meta name=\"robots\" content=\"index, follow, max-snippet:-1, max-image-preview:large, max-video-preview:-1\" \/>\n<link rel=\"canonical\" href=\"https:\/\/youtube-thumbnail-download.org\/de\/about-us\/\" \/>\n<meta property=\"og:locale\" content=\"de_DE\" \/>\n<meta property=\"og:type\" content=\"article\" \/>\n<meta property=\"og:title\" content=\"About Us - YouTube Thumbnail Downloader\" \/>\n<meta property=\"og:description\" content=\"Hello, I am your host from YouTube SEO Tools\u2014your best resource for YouTube SEO tools! We hear the struggles of ... Read more\" \/>\n<meta property=\"og:url\" content=\"https:\/\/youtube-thumbnail-download.org\/de\/about-us\/\" \/>\n<meta property=\"og:site_name\" content=\"YouTube Thumbnail Downloader\" \/>\n<meta property=\"article:modified_time\" content=\"2025-03-30T20:31:01+00:00\" \/>\n<meta name=\"twitter:card\" content=\"summary_large_image\" \/>\n<meta name=\"twitter:label1\" content=\"Gesch\u00e4tzte Lesezeit\" \/>\n\t<meta name=\"twitter:data1\" content=\"1\u00a0Minute\" \/>\n<script type=\"application\/ld+json\" class=\"yoast-schema-graph\">{\"@context\":\"https:\/\/schema.org\",\"@graph\":[{\"@type\":\"WebPage\",\"@id\":\"https:\/\/youtube-thumbnail-download.org\/about-us\/\",\"url\":\"https:\/\/youtube-thumbnail-download.org\/about-us\/\",\"name\":\"About Us - YouTube Thumbnail Downloader\",\"isPartOf\":{\"@id\":\"https:\/\/youtube-thumbnail-download.org\/#website\"},\"datePublished\":\"2025-03-30T20:31:00+00:00\",\"dateModified\":\"2025-03-30T20:31:01+00:00\",\"breadcrumb\":{\"@id\":\"https:\/\/youtube-thumbnail-download.org\/about-us\/#breadcrumb\"},\"inLanguage\":\"de\",\"potentialAction\":[{\"@type\":\"ReadAction\",\"target\":[\"https:\/\/youtube-thumbnail-download.org\/about-us\/\"]}]},{\"@type\":\"BreadcrumbList\",\"@id\":\"https:\/\/youtube-thumbnail-download.org\/about-us\/#breadcrumb\",\"itemListElement\":[{\"@type\":\"ListItem\",\"position\":1,\"name\":\"Home\",\"item\":\"https:\/\/youtube-thumbnail-download.org\/\"},{\"@type\":\"ListItem\",\"position\":2,\"name\":\"About Us\"}]},{\"@type\":\"WebSite\",\"@id\":\"https:\/\/youtube-thumbnail-download.org\/#website\",\"url\":\"https:\/\/youtube-thumbnail-download.org\/\",\"name\":\"YouTube Thumbnail Downloader\",\"description\":\"\",\"publisher\":{\"@id\":\"https:\/\/youtube-thumbnail-download.org\/#organization\"},\"potentialAction\":[{\"@type\":\"SearchAction\",\"target\":{\"@type\":\"EntryPoint\",\"urlTemplate\":\"https:\/\/youtube-thumbnail-download.org\/?s={search_term_string}\"},\"query-input\":{\"@type\":\"PropertyValueSpecification\",\"valueRequired\":true,\"valueName\":\"search_term_string\"}}],\"inLanguage\":\"de\"},{\"@type\":\"Organization\",\"@id\":\"https:\/\/youtube-thumbnail-download.org\/#organization\",\"name\":\"YouTube Thumbnail Downloader\",\"url\":\"https:\/\/youtube-thumbnail-download.org\/\",\"logo\":{\"@type\":\"ImageObject\",\"inLanguage\":\"de\",\"@id\":\"https:\/\/youtube-thumbnail-download.org\/#\/schema\/logo\/image\/\",\"url\":\"https:\/\/youtube-thumbnail-download.org\/wp-content\/uploads\/2025\/05\/youtube.png\",\"contentUrl\":\"https:\/\/youtube-thumbnail-download.org\/wp-content\/uploads\/2025\/05\/youtube.png\",\"width\":350,\"height\":70,\"caption\":\"YouTube Thumbnail Downloader\"},\"image\":{\"@id\":\"https:\/\/youtube-thumbnail-download.org\/#\/schema\/logo\/image\/\"}}]}<\/script>\n<!-- \/ Yoast SEO plugin. -->","yoast_head_json":{"title":"About Us - YouTube Thumbnail Downloader","robots":{"index":"index","follow":"follow","max-snippet":"max-snippet:-1","max-image-preview":"max-image-preview:large","max-video-preview":"max-video-preview:-1"},"canonical":"https:\/\/youtube-thumbnail-download.org\/de\/about-us\/","og_locale":"de_DE","og_type":"article","og_title":"About Us - YouTube Thumbnail Downloader","og_description":"Hello, I am your host from YouTube SEO Tools\u2014your best resource for YouTube SEO tools! We hear the struggles of ... Read more","og_url":"https:\/\/youtube-thumbnail-download.org\/de\/about-us\/","og_site_name":"YouTube Thumbnail Downloader","article_modified_time":"2025-03-30T20:31:01+00:00","twitter_card":"summary_large_image","twitter_misc":{"Gesch\u00e4tzte Lesezeit":"1\u00a0Minute"},"schema":{"@context":"https:\/\/schema.org","@graph":[{"@type":"WebPage","@id":"https:\/\/youtube-thumbnail-download.org\/about-us\/","url":"https:\/\/youtube-thumbnail-download.org\/about-us\/","name":"About Us - YouTube Thumbnail Downloader","isPartOf":{"@id":"https:\/\/youtube-thumbnail-download.org\/#website"},"datePublished":"2025-03-30T20:31:00+00:00","dateModified":"2025-03-30T20:31:01+00:00","breadcrumb":{"@id":"https:\/\/youtube-thumbnail-download.org\/about-us\/#breadcrumb"},"inLanguage":"de","potentialAction":[{"@type":"ReadAction","target":["https:\/\/youtube-thumbnail-download.org\/about-us\/"]}]},{"@type":"BreadcrumbList","@id":"https:\/\/youtube-thumbnail-download.org\/about-us\/#breadcrumb","itemListElement":[{"@type":"ListItem","position":1,"name":"Home","item":"https:\/\/youtube-thumbnail-download.org\/"},{"@type":"ListItem","position":2,"name":"About Us"}]},{"@type":"WebSite","@id":"https:\/\/youtube-thumbnail-download.org\/#website","url":"https:\/\/youtube-thumbnail-download.org\/","name":"YouTube Thumbnail Downloader","description":"","publisher":{"@id":"https:\/\/youtube-thumbnail-download.org\/#organization"},"potentialAction":[{"@type":"SearchAction","target":{"@type":"EntryPoint","urlTemplate":"https:\/\/youtube-thumbnail-download.org\/?s={search_term_string}"},"query-input":{"@type":"PropertyValueSpecification","valueRequired":true,"valueName":"search_term_string"}}],"inLanguage":"de"},{"@type":"Organization","@id":"https:\/\/youtube-thumbnail-download.org\/#organization","name":"YouTube Thumbnail Downloader","url":"https:\/\/youtube-thumbnail-download.org\/","logo":{"@type":"ImageObject","inLanguage":"de","@id":"https:\/\/youtube-thumbnail-download.org\/#\/schema\/logo\/image\/","url":"https:\/\/youtube-thumbnail-download.org\/wp-content\/uploads\/2025\/05\/youtube.png","contentUrl":"https:\/\/youtube-thumbnail-download.org\/wp-content\/uploads\/2025\/05\/youtube.png","width":350,"height":70,"caption":"YouTube Thumbnail Downloader"},"image":{"@id":"https:\/\/youtube-thumbnail-download.org\/#\/schema\/logo\/image\/"}}]}},"_links":{"self":[{"href":"https:\/\/youtube-thumbnail-download.org\/de\/wp-json\/wp\/v2\/pages\/552","targetHints":{"allow":["GET"]}}],"collection":[{"href":"https:\/\/youtube-thumbnail-download.org\/de\/wp-json\/wp\/v2\/pages"}],"about":[{"href":"https:\/\/youtube-thumbnail-download.org\/de\/wp-json\/wp\/v2\/types\/page"}],"author":[{"embeddable":true,"href":"https:\/\/youtube-thumbnail-download.org\/de\/wp-json\/wp\/v2\/users\/1"}],"replies":[{"embeddable":true,"href":"https:\/\/youtube-thumbnail-download.org\/de\/wp-json\/wp\/v2\/comments?post=552"}],"version-history":[{"count":1,"href":"https:\/\/youtube-thumbnail-download.org\/de\/wp-json\/wp\/v2\/pages\/552\/revisions"}],"predecessor-version":[{"id":553,"href":"https:\/\/youtube-thumbnail-download.org\/de\/wp-json\/wp\/v2\/pages\/552\/revisions\/553"}],"wp:attachment":[{"href":"https:\/\/youtube-thumbnail-download.org\/de\/wp-json\/wp\/v2\/media?parent=552"}],"curies":[{"name":"wp","href":"https:\/\/api.w.org\/{rel}","templated":true}]}}