{"id":561,"date":"2025-03-30T20:45:14","date_gmt":"2025-03-30T20:45:14","guid":{"rendered":"https:\/\/youtube-thumbnail-download.org\/?page_id=561"},"modified":"2025-05-28T18:18:57","modified_gmt":"2025-05-28T18:18:57","slug":"terms-conditions","status":"publish","type":"page","link":"https:\/\/youtube-thumbnail-download.org\/de\/terms-conditions\/","title":{"rendered":"Bedingungen und Konditionen"},"content":{"rendered":"<h2 class=\"wp-block-heading\">Bedingungen und Konditionen<\/h2>\n\n\n\n<p>Zuletzt aktualisiert: M\u00e4rz 30, 2025<\/p>\n\n\n\n<p>Bitte lesen Sie diese Bedingungen und Konditionen sorgf\u00e4ltig durch, bevor Sie unseren Service nutzen.<\/p>\n\n\n\n<h2 class=\"wp-block-heading\">Auslegung und Definitionen<\/h2>\n\n\n\n<h3 class=\"wp-block-heading\">Auslegung<\/h3>\n\n\n\n<p>Die W\u00f6rter, deren Anfangsbuchstaben gro\u00df geschrieben sind, haben die unter den nachstehenden Bedingungen definierte Bedeutung. Die folgenden Definitionen haben dieselbe Bedeutung, unabh\u00e4ngig davon, ob sie im Singular oder im Plural stehen.<\/p>\n\n\n\n<h3 class=\"wp-block-heading\">Definitionen<\/h3>\n\n\n\n<p>F\u00fcr die Zwecke dieser Allgemeinen Gesch\u00e4ftsbedingungen:<\/p>\n\n\n\n<ul class=\"wp-block-list\">\n<li><strong>Tochtergesellschaft<\/strong>\u00a0bedeutet ein Unternehmen, das eine Partei beherrscht, von ihr beherrscht wird oder mit ihr unter gemeinsamer Beherrschung steht, wobei \"Beherrschung\" den Besitz von 50% oder mehr der Aktien, Kapitalanteile oder anderen Wertpapiere bedeutet, die zur Wahl von Direktoren oder anderen leitenden Angestellten berechtigt sind.<\/li>\n\n\n\n<li><strong>Land<\/strong>\u00a0bezieht sich auf: Texas, Vereinigte Staaten<\/li>\n\n\n\n<li><strong>Unternehmen<\/strong>\u00a0(in diesem Vertrag entweder als \"das Unternehmen\", \"wir\", \"uns\" oder \"unser\" bezeichnet) bezieht sich auf youtube thumbnails download.<\/li>\n\n\n\n<li><strong>Ger\u00e4t<\/strong>\u00a0ist jedes Ger\u00e4t, das auf den Dienst zugreifen kann, wie z. B. ein Computer, ein Mobiltelefon oder ein digitales Tablet.<\/li>\n\n\n\n<li><strong>Dienst<\/strong>\u00a0bezieht sich auf die Website.<\/li>\n\n\n\n<li><strong>Bedingungen und Konditionen<\/strong>\u00a0(auch als \"Bedingungen\" bezeichnet) sind diese Bedingungen, die die gesamte Vereinbarung zwischen Ihnen und dem Unternehmen bez\u00fcglich der Nutzung des Dienstes bilden. <\/li>\n\n\n\n<li><strong>Sozialer Mediendienst eines Drittanbieters<\/strong>\u00a0bezeichnet alle Dienstleistungen oder Inhalte (einschlie\u00dflich Daten, Informationen, Produkte oder Dienstleistungen), die von einem Dritten bereitgestellt werden und die durch den Dienst angezeigt, einbezogen oder verf\u00fcgbar gemacht werden k\u00f6nnen.<\/li>\n\n\n\n<li><strong>Website<\/strong>\u00a0bezieht sich auf den Download von YouTube-Miniaturbildern, der \u00fcber\u00a0<a href=\"https:\/\/youtube-thumbnail-download.org\/de\/\" target=\"_blank\" rel=\"noreferrer noopener\">https:\/\/youtube-thumbnail-download.org\/<\/a><\/li>\n\n\n\n<li><strong>Sie<\/strong>\u00a0bezeichnet die Person, die auf den Dienst zugreift oder ihn nutzt, bzw. das Unternehmen oder eine andere juristische Person, in deren Namen eine solche Person auf den Dienst zugreift oder ihn nutzt, je nach Fall.<\/li>\n<\/ul>\n\n\n\n<h2 class=\"wp-block-heading\">Danksagung<\/h2>\n\n\n\n<p>Dies sind die Allgemeinen Gesch\u00e4ftsbedingungen, die die Nutzung dieses Dienstes regeln und die Vereinbarung zwischen Ihnen und dem Unternehmen. Diese Allgemeinen Gesch\u00e4ftsbedingungen legen die Rechte und Pflichten aller Nutzer in Bezug auf die Nutzung des Dienstes fest.<\/p>\n\n\n\n<p>Ihr Zugang zu und Ihre Nutzung des Dienstes setzt voraus, dass Sie diese Allgemeinen Gesch\u00e4ftsbedingungen akzeptieren und einhalten. Diese Allgemeinen Gesch\u00e4ftsbedingungen gelten f\u00fcr alle Besucher, Nutzer und andere, die auf den Dienst zugreifen oder ihn nutzen.<\/p>\n\n\n\n<p>Indem Sie auf den Dienst zugreifen oder ihn nutzen, erkl\u00e4ren Sie sich mit diesen Allgemeinen Gesch\u00e4ftsbedingungen einverstanden. Wenn Sie mit einem Teil dieser Bedingungen nicht einverstanden sind, d\u00fcrfen Sie den Dienst nicht nutzen.<\/p>\n\n\n\n<p>Sie versichern, dass Sie \u00fcber 18 Jahre alt sind. Das Unternehmen erlaubt es Personen unter 18 Jahren nicht, den Service zu nutzen.<\/p>\n\n\n\n<p>Ihr Zugang zu und Ihre Nutzung des Dienstes ist auch davon abh\u00e4ngig, dass Sie die Datenschutzrichtlinie des Unternehmens akzeptieren und einhalten. Unsere Datenschutzrichtlinie beschreibt unsere Richtlinien und Verfahren f\u00fcr die Erfassung, Verwendung und Offenlegung Ihrer pers\u00f6nlichen Daten, wenn Sie die Anwendung oder die Website nutzen, und informiert Sie \u00fcber Ihre Datenschutzrechte und dar\u00fcber, wie das Gesetz Sie sch\u00fctzt. Bitte lesen Sie unsere Datenschutzrichtlinie sorgf\u00e4ltig durch, bevor Sie unseren Service nutzen.<\/p>\n\n\n\n<h2 class=\"wp-block-heading\">Links zu anderen Websites<\/h2>\n\n\n\n<p>Unser Service kann Links zu Websites oder Diensten Dritter enthalten, die sich nicht im Besitz oder unter der Kontrolle des Unternehmens befinden.<\/p>\n\n\n\n<p>Das Unternehmen hat keine Kontrolle \u00fcber die Inhalte, Datenschutzrichtlinien oder Praktiken von Websites oder Diensten Dritter und \u00fcbernimmt keine Verantwortung f\u00fcr diese. Sie erkennen ferner an und erkl\u00e4ren sich damit einverstanden, dass das Unternehmen weder direkt noch indirekt f\u00fcr Sch\u00e4den oder Verluste verantwortlich oder haftbar ist, die durch oder in Verbindung mit der Nutzung von oder dem Vertrauen auf solche Inhalte, Waren oder Dienstleistungen, die auf oder \u00fcber solche Websites oder Dienste verf\u00fcgbar sind, verursacht werden oder angeblich verursacht werden.<\/p>\n\n\n\n<p>Wir raten Ihnen dringend, die Gesch\u00e4ftsbedingungen und Datenschutzrichtlinien von Websites oder Diensten Dritter, die Sie besuchen, zu lesen.<\/p>\n\n\n\n<h2 class=\"wp-block-heading\">Terminierung<\/h2>\n\n\n\n<p>Wir k\u00f6nnen Ihren Zugang sofort und ohne Vorank\u00fcndigung oder Haftung beenden oder aussetzen, aus welchem Grund auch immer, einschlie\u00dflich und ohne Einschr\u00e4nkung, wenn Sie gegen diese Bedingungen und Konditionen versto\u00dfen.<\/p>\n\n\n\n<p>Mit der K\u00fcndigung erlischt Ihr Recht zur Nutzung des Dienstes sofort.<\/p>\n\n\n\n<h2 class=\"wp-block-heading\">Beschr\u00e4nkung der Haftung<\/h2>\n\n\n\n<p>Ungeachtet etwaiger Sch\u00e4den, die Ihnen entstehen k\u00f6nnten, ist die gesamte Haftung des Unternehmens und seiner Lieferanten gem\u00e4\u00df den Bestimmungen dieser Bedingungen und Ihr ausschlie\u00dflicher Rechtsbehelf f\u00fcr alle vorstehenden Punkte auf den Betrag beschr\u00e4nkt, den Sie tats\u00e4chlich \u00fcber den Dienst bezahlt haben, oder auf 100 USD, wenn Sie nichts \u00fcber den Dienst gekauft haben.<\/p>\n\n\n\n<p>Soweit es das geltende Recht zul\u00e4sst, haften das Unternehmen oder seine Lieferanten in keinem Fall f\u00fcr besondere, zuf\u00e4llige, indirekte oder Folgesch\u00e4den jeglicher Art (einschlie\u00dflich, aber nicht beschr\u00e4nkt auf Sch\u00e4den durch entgangenen Gewinn, Verlust von Daten oder anderen Informationen, Gesch\u00e4ftsunterbrechung, Personensch\u00e4den, Verlust der Privatsph\u00e4re, die sich aus der Nutzung oder der Unm\u00f6glichkeit der Nutzung des Dienstes, der Software Dritter und\/oder der Hardware Dritter, die mit dem Dienst verwendet wird, oder anderweitig in Verbindung mit einer Bestimmung dieser Bedingungen ergeben oder in irgendeiner Weise damit zusammenh\u00e4ngen), selbst wenn das Unternehmen oder ein Lieferant auf die M\u00f6glichkeit solcher Sch\u00e4den hingewiesen wurde und selbst wenn die Abhilfe ihren wesentlichen Zweck verfehlt.<\/p>\n\n\n\n<p>In einigen Staaten ist der Ausschluss stillschweigender Garantien oder die Beschr\u00e4nkung der Haftung f\u00fcr beil\u00e4ufig entstandene Sch\u00e4den oder Folgesch\u00e4den nicht zul\u00e4ssig, so dass einige der oben genannten Beschr\u00e4nkungen m\u00f6glicherweise nicht gelten. In diesen Staaten ist die Haftung jeder Partei auf den gr\u00f6\u00dftm\u00f6glichen gesetzlich zul\u00e4ssigen Umfang beschr\u00e4nkt.<\/p>\n\n\n\n<h2 class=\"wp-block-heading\">\"AS IS\" und \"AS AVAILABLE\" Haftungsausschluss<\/h2>\n\n\n\n<p>Der Dienst wird Ihnen \"WIE BESEHEN\" und \"WIE VERF\u00dcGBAR\" und mit allen Fehlern und M\u00e4ngeln ohne jegliche Garantie zur Verf\u00fcgung gestellt. Soweit nach geltendem Recht zul\u00e4ssig, lehnt das Unternehmen in seinem eigenen Namen und im Namen seiner verbundenen Unternehmen und seiner und deren jeweiligen Lizenzgebern und Dienstanbietern ausdr\u00fccklich alle ausdr\u00fccklichen, stillschweigenden, gesetzlichen oder sonstigen Gew\u00e4hrleistungen in Bezug auf den Dienst ab, einschlie\u00dflich aller stillschweigenden Gew\u00e4hrleistungen der Marktg\u00e4ngigkeit, der Eignung f\u00fcr einen bestimmten Zweck, des Eigentumsrechts und der Nichtverletzung von Rechten sowie Gew\u00e4hrleistungen, die sich aus dem Handelsverlauf, der Leistung, der Nutzung oder der Handelspraxis ergeben k\u00f6nnen. Ohne Einschr\u00e4nkung des Vorstehenden \u00fcbernimmt das Unternehmen keine Garantie oder Verpflichtung und gibt keinerlei Zusicherungen ab, dass der Dienst Ihren Anforderungen entspricht, die beabsichtigten Ergebnisse erzielt, mit anderer Software, Anwendungen, Systemen oder Diensten kompatibel ist oder zusammenarbeitet, ohne Unterbrechung funktioniert, Leistungs- oder Zuverl\u00e4ssigkeitsstandards erf\u00fcllt oder fehlerfrei ist oder dass Fehler oder M\u00e4ngel behoben werden k\u00f6nnen oder werden.<\/p>\n\n\n\n<p>Ohne das Vorstehende einzuschr\u00e4nken, gibt weder das Unternehmen noch einer der Anbieter des Unternehmens eine ausdr\u00fcckliche oder stillschweigende Zusicherung oder Gew\u00e4hrleistung jeglicher Art: (i) in Bezug auf den Betrieb oder die Verf\u00fcgbarkeit des Dienstes oder der darin enthaltenen Informationen, Inhalte und Materialien oder Produkte; (ii) dass der Dienst ununterbrochen oder fehlerfrei funktioniert; (iii) in Bezug auf die Genauigkeit, Zuverl\u00e4ssigkeit oder Aktualit\u00e4t von Informationen oder Inhalten, die \u00fcber den Dienst bereitgestellt werden; oder (iv) dass der Dienst, seine Server, die Inhalte oder E-Mails, die von oder im Namen des Unternehmens gesendet werden, frei von Viren, Skripten, Trojanern, W\u00fcrmern, Malware, Zeitbomben oder anderen sch\u00e4dlichen Komponenten sind.<\/p>\n\n\n\n<p>Einige Gerichtsbarkeiten lassen den Ausschluss bestimmter Arten von Garantien oder Beschr\u00e4nkungen der anwendbaren gesetzlichen Rechte eines Verbrauchers nicht zu, so dass einige oder alle der oben genannten Ausschl\u00fcsse und Beschr\u00e4nkungen m\u00f6glicherweise nicht auf Sie zutreffen. In einem solchen Fall werden die in diesem Abschnitt dargelegten Ausschl\u00fcsse und Beschr\u00e4nkungen jedoch im gr\u00f6\u00dftm\u00f6glichen Umfang angewendet, der nach geltendem Recht durchsetzbar ist.<\/p>\n\n\n\n<h2 class=\"wp-block-heading\">Geltendes Recht<\/h2>\n\n\n\n<p>F\u00fcr diese Bedingungen und Ihre Nutzung des Dienstes gelten die Gesetze des Landes unter Ausschluss der Kollisionsnormen. Ihre Nutzung der Anwendung kann auch anderen lokalen, staatlichen, nationalen oder internationalen Gesetzen unterliegen.<\/p>\n\n\n\n<h2 class=\"wp-block-heading\">Beilegung von Streitigkeiten<\/h2>\n\n\n\n<p>Wenn Sie Bedenken oder Streitigkeiten bez\u00fcglich des Dienstes haben, erkl\u00e4ren Sie sich damit einverstanden, zun\u00e4chst zu versuchen, die Streitigkeit informell zu l\u00f6sen, indem Sie das Unternehmen kontaktieren.<\/p>\n\n\n\n<h2 class=\"wp-block-heading\">F\u00fcr Benutzer aus der Europ\u00e4ischen Union (EU)<\/h2>\n\n\n\n<p>Wenn Sie ein Verbraucher aus der Europ\u00e4ischen Union sind, gelten f\u00fcr Sie die zwingenden Bestimmungen des Rechts des Landes, in dem Sie Ihren Wohnsitz haben.<\/p>\n\n\n\n<h2 class=\"wp-block-heading\">Einhaltung der Rechtsvorschriften der Vereinigten Staaten<\/h2>\n\n\n\n<p>Sie sichern zu und gew\u00e4hrleisten, dass (i) Sie nicht in einem Land ans\u00e4ssig sind, das einem Embargo der US-Regierung unterliegt oder von der US-Regierung als \"Terroristen unterst\u00fctzendes\" Land eingestuft wurde, und (ii) Sie nicht auf einer Liste der US-Regierung mit verbotenen oder eingeschr\u00e4nkten Parteien stehen.<\/p>\n\n\n\n<h2 class=\"wp-block-heading\">Trennbarkeit und Verzicht<\/h2>\n\n\n\n<h3 class=\"wp-block-heading\">Trennbarkeit<\/h3>\n\n\n\n<p>Sollte eine Bestimmung dieser Bedingungen f\u00fcr nicht durchsetzbar oder ung\u00fcltig befunden werden, wird diese Bestimmung so ge\u00e4ndert und ausgelegt, dass die Ziele dieser Bestimmung so weit wie m\u00f6glich unter dem anwendbaren Recht erreicht werden, und die \u00fcbrigen Bestimmungen bleiben in vollem Umfang in Kraft und wirksam.<\/p>\n\n\n\n<h3 class=\"wp-block-heading\">Verzicht<\/h3>\n\n\n\n<p>Sofern hierin nichts anderes bestimmt ist, hat das Vers\u00e4umnis, ein Recht auszu\u00fcben oder die Erf\u00fcllung einer Verpflichtung im Rahmen dieser Bedingungen zu verlangen, keine Auswirkungen auf die F\u00e4higkeit einer Partei, ein solches Recht auszu\u00fcben oder eine solche Erf\u00fcllung zu einem sp\u00e4teren Zeitpunkt zu verlangen, noch stellt der Verzicht auf einen Versto\u00df einen Verzicht auf einen sp\u00e4teren Versto\u00df dar.<\/p>\n\n\n\n<h2 class=\"wp-block-heading\">\u00dcbersetzung Dolmetschen<\/h2>\n\n\n\n<p>Diese Allgemeinen Gesch\u00e4ftsbedingungen k\u00f6nnen \u00fcbersetzt worden sein, wenn wir sie Ihnen in unserem Dienst zur Verf\u00fcgung gestellt haben. Sie erkl\u00e4ren sich damit einverstanden, dass im Falle eines Rechtsstreits der englische Originaltext ma\u00dfgebend ist.<\/p>\n\n\n\n<h2 class=\"wp-block-heading\">\u00c4nderungen an diesen Bedingungen und Konditionen<\/h2>\n\n\n\n<p>Wir behalten uns das Recht vor, diese Bedingungen jederzeit nach unserem alleinigen Ermessen zu \u00e4ndern oder zu ersetzen. Wenn eine \u00c4nderung wesentlich ist, werden wir uns angemessen bem\u00fchen, Sie mindestens 30 Tage vor Inkrafttreten der neuen Bedingungen zu benachrichtigen. Was eine wesentliche \u00c4nderung darstellt, wird nach unserem alleinigen Ermessen bestimmt.<\/p>\n\n\n\n<p>Indem Sie nach Inkrafttreten dieser \u00c4nderungen weiterhin auf unseren Dienst zugreifen oder ihn nutzen, erkl\u00e4ren Sie sich mit den \u00fcberarbeiteten Bedingungen einverstanden. Wenn Sie mit den neuen Bedingungen ganz oder teilweise nicht einverstanden sind, beenden Sie bitte die Nutzung der Website und des Dienstes.<\/p>\n\n\n\n<h2 class=\"wp-block-heading\">Kontaktieren Sie Uns<\/h2>\n\n\n\n<p>Wenn Sie Fragen zu diesen Allgemeinen Gesch\u00e4ftsbedingungen haben, k\u00f6nnen Sie uns kontaktieren:<\/p>\n\n\n\n<ul class=\"wp-block-list\">\n<li>Durch den Besuch dieser Seite auf unserer Website:\u00a0<a href=\"https:\/\/youtube-thumbnail-download.org\/de\/contact-us\/\" target=\"_blank\" rel=\"noreferrer noopener\">https:\/\/youtube-thumbnail-download.org\/contact-us\/<\/a><\/li>\n<\/ul>","protected":false},"excerpt":{"rendered":"<p>Bedingungen und Konditionen Zuletzt aktualisiert: 30. M\u00e4rz 2025 Bitte lesen Sie diese Bedingungen sorgf\u00e4ltig durch, bevor Sie unseren Service nutzen. Auslegung ... <\/p>\n<p class=\"read-more-container\"><a title=\"Bedingungen und Konditionen\" class=\"read-more button\" href=\"https:\/\/youtube-thumbnail-download.org\/de\/terms-conditions\/#more-561\" aria-label=\"Mehr Informationen \u00fcber Allgemeine Gesch\u00e4ftsbedingungen\">Mehr lesen<\/a><\/p>","protected":false},"author":1,"featured_media":0,"parent":0,"menu_order":0,"comment_status":"closed","ping_status":"closed","template":"","meta":{"footnotes":""},"class_list":["post-561","page","type-page","status-publish"],"yoast_head":"<!-- This site is optimized with the Yoast SEO plugin v27.0 - https:\/\/yoast.com\/product\/yoast-seo-wordpress\/ -->\n<title>Terms &amp; Conditions - YouTube Thumbnail Downloader<\/title>\n<meta name=\"robots\" content=\"noindex, follow\" \/>\n<meta property=\"og:locale\" content=\"de_DE\" \/>\n<meta property=\"og:type\" content=\"article\" \/>\n<meta property=\"og:title\" content=\"Terms &amp; Conditions - YouTube Thumbnail Downloader\" \/>\n<meta property=\"og:description\" content=\"Terms and Conditions Last updated: March 30, 2025 Please read these terms and conditions carefully before using Our Service. Interpretation ... Read more\" \/>\n<meta property=\"og:url\" content=\"https:\/\/youtube-thumbnail-download.org\/de\/terms-conditions\/\" \/>\n<meta property=\"og:site_name\" content=\"YouTube Thumbnail Downloader\" \/>\n<meta property=\"article:modified_time\" content=\"2025-05-28T18:18:57+00:00\" \/>\n<meta name=\"twitter:card\" content=\"summary_large_image\" \/>\n<meta name=\"twitter:label1\" content=\"Gesch\u00e4tzte Lesezeit\" \/>\n\t<meta name=\"twitter:data1\" content=\"8\u00a0Minuten\" \/>\n<script type=\"application\/ld+json\" class=\"yoast-schema-graph\">{\"@context\":\"https:\/\/schema.org\",\"@graph\":[{\"@type\":\"WebPage\",\"@id\":\"https:\/\/youtube-thumbnail-download.org\/terms-conditions\/\",\"url\":\"https:\/\/youtube-thumbnail-download.org\/terms-conditions\/\",\"name\":\"Terms &amp; Conditions - YouTube Thumbnail Downloader\",\"isPartOf\":{\"@id\":\"https:\/\/youtube-thumbnail-download.org\/#website\"},\"datePublished\":\"2025-03-30T20:45:14+00:00\",\"dateModified\":\"2025-05-28T18:18:57+00:00\",\"breadcrumb\":{\"@id\":\"https:\/\/youtube-thumbnail-download.org\/terms-conditions\/#breadcrumb\"},\"inLanguage\":\"de\",\"potentialAction\":[{\"@type\":\"ReadAction\",\"target\":[\"https:\/\/youtube-thumbnail-download.org\/terms-conditions\/\"]}]},{\"@type\":\"BreadcrumbList\",\"@id\":\"https:\/\/youtube-thumbnail-download.org\/terms-conditions\/#breadcrumb\",\"itemListElement\":[{\"@type\":\"ListItem\",\"position\":1,\"name\":\"Home\",\"item\":\"https:\/\/youtube-thumbnail-download.org\/\"},{\"@type\":\"ListItem\",\"position\":2,\"name\":\"Terms &amp; Conditions\"}]},{\"@type\":\"WebSite\",\"@id\":\"https:\/\/youtube-thumbnail-download.org\/#website\",\"url\":\"https:\/\/youtube-thumbnail-download.org\/\",\"name\":\"YouTube Thumbnail Downloader\",\"description\":\"\",\"publisher\":{\"@id\":\"https:\/\/youtube-thumbnail-download.org\/#organization\"},\"potentialAction\":[{\"@type\":\"SearchAction\",\"target\":{\"@type\":\"EntryPoint\",\"urlTemplate\":\"https:\/\/youtube-thumbnail-download.org\/?s={search_term_string}\"},\"query-input\":{\"@type\":\"PropertyValueSpecification\",\"valueRequired\":true,\"valueName\":\"search_term_string\"}}],\"inLanguage\":\"de\"},{\"@type\":\"Organization\",\"@id\":\"https:\/\/youtube-thumbnail-download.org\/#organization\",\"name\":\"YouTube Thumbnail Downloader\",\"url\":\"https:\/\/youtube-thumbnail-download.org\/\",\"logo\":{\"@type\":\"ImageObject\",\"inLanguage\":\"de\",\"@id\":\"https:\/\/youtube-thumbnail-download.org\/#\/schema\/logo\/image\/\",\"url\":\"https:\/\/youtube-thumbnail-download.org\/wp-content\/uploads\/2025\/05\/youtube.png\",\"contentUrl\":\"https:\/\/youtube-thumbnail-download.org\/wp-content\/uploads\/2025\/05\/youtube.png\",\"width\":350,\"height\":70,\"caption\":\"YouTube Thumbnail Downloader\"},\"image\":{\"@id\":\"https:\/\/youtube-thumbnail-download.org\/#\/schema\/logo\/image\/\"}}]}<\/script>\n<!-- \/ Yoast SEO plugin. -->","yoast_head_json":{"title":"Terms &amp; Conditions - YouTube Thumbnail Downloader","robots":{"index":"noindex","follow":"follow"},"og_locale":"de_DE","og_type":"article","og_title":"Terms &amp; Conditions - YouTube Thumbnail Downloader","og_description":"Terms and Conditions Last updated: March 30, 2025 Please read these terms and conditions carefully before using Our Service. Interpretation ... Read more","og_url":"https:\/\/youtube-thumbnail-download.org\/de\/terms-conditions\/","og_site_name":"YouTube Thumbnail Downloader","article_modified_time":"2025-05-28T18:18:57+00:00","twitter_card":"summary_large_image","twitter_misc":{"Gesch\u00e4tzte Lesezeit":"8\u00a0Minuten"},"schema":{"@context":"https:\/\/schema.org","@graph":[{"@type":"WebPage","@id":"https:\/\/youtube-thumbnail-download.org\/terms-conditions\/","url":"https:\/\/youtube-thumbnail-download.org\/terms-conditions\/","name":"Terms &amp; Conditions - YouTube Thumbnail Downloader","isPartOf":{"@id":"https:\/\/youtube-thumbnail-download.org\/#website"},"datePublished":"2025-03-30T20:45:14+00:00","dateModified":"2025-05-28T18:18:57+00:00","breadcrumb":{"@id":"https:\/\/youtube-thumbnail-download.org\/terms-conditions\/#breadcrumb"},"inLanguage":"de","potentialAction":[{"@type":"ReadAction","target":["https:\/\/youtube-thumbnail-download.org\/terms-conditions\/"]}]},{"@type":"BreadcrumbList","@id":"https:\/\/youtube-thumbnail-download.org\/terms-conditions\/#breadcrumb","itemListElement":[{"@type":"ListItem","position":1,"name":"Home","item":"https:\/\/youtube-thumbnail-download.org\/"},{"@type":"ListItem","position":2,"name":"Terms &amp; Conditions"}]},{"@type":"WebSite","@id":"https:\/\/youtube-thumbnail-download.org\/#website","url":"https:\/\/youtube-thumbnail-download.org\/","name":"YouTube Thumbnail Downloader","description":"","publisher":{"@id":"https:\/\/youtube-thumbnail-download.org\/#organization"},"potentialAction":[{"@type":"SearchAction","target":{"@type":"EntryPoint","urlTemplate":"https:\/\/youtube-thumbnail-download.org\/?s={search_term_string}"},"query-input":{"@type":"PropertyValueSpecification","valueRequired":true,"valueName":"search_term_string"}}],"inLanguage":"de"},{"@type":"Organization","@id":"https:\/\/youtube-thumbnail-download.org\/#organization","name":"YouTube Thumbnail Downloader","url":"https:\/\/youtube-thumbnail-download.org\/","logo":{"@type":"ImageObject","inLanguage":"de","@id":"https:\/\/youtube-thumbnail-download.org\/#\/schema\/logo\/image\/","url":"https:\/\/youtube-thumbnail-download.org\/wp-content\/uploads\/2025\/05\/youtube.png","contentUrl":"https:\/\/youtube-thumbnail-download.org\/wp-content\/uploads\/2025\/05\/youtube.png","width":350,"height":70,"caption":"YouTube Thumbnail Downloader"},"image":{"@id":"https:\/\/youtube-thumbnail-download.org\/#\/schema\/logo\/image\/"}}]}},"_links":{"self":[{"href":"https:\/\/youtube-thumbnail-download.org\/de\/wp-json\/wp\/v2\/pages\/561","targetHints":{"allow":["GET"]}}],"collection":[{"href":"https:\/\/youtube-thumbnail-download.org\/de\/wp-json\/wp\/v2\/pages"}],"about":[{"href":"https:\/\/youtube-thumbnail-download.org\/de\/wp-json\/wp\/v2\/types\/page"}],"author":[{"embeddable":true,"href":"https:\/\/youtube-thumbnail-download.org\/de\/wp-json\/wp\/v2\/users\/1"}],"replies":[{"embeddable":true,"href":"https:\/\/youtube-thumbnail-download.org\/de\/wp-json\/wp\/v2\/comments?post=561"}],"version-history":[{"count":1,"href":"https:\/\/youtube-thumbnail-download.org\/de\/wp-json\/wp\/v2\/pages\/561\/revisions"}],"predecessor-version":[{"id":562,"href":"https:\/\/youtube-thumbnail-download.org\/de\/wp-json\/wp\/v2\/pages\/561\/revisions\/562"}],"wp:attachment":[{"href":"https:\/\/youtube-thumbnail-download.org\/de\/wp-json\/wp\/v2\/media?parent=561"}],"curies":[{"name":"wp","href":"https:\/\/api.w.org\/{rel}","templated":true}]}}