{"id":612,"date":"2025-05-08T21:01:05","date_gmt":"2025-05-08T21:01:05","guid":{"rendered":"https:\/\/youtube-thumbnail-download.org\/?page_id=612"},"modified":"2025-05-09T06:21:56","modified_gmt":"2025-05-09T06:21:56","slug":"youtube-monetization-checker","status":"publish","type":"page","link":"https:\/\/youtube-thumbnail-download.org\/de\/youtube-monetization-checker\/","title":{"rendered":"Youtube-Monetarisierung-Checker"},"content":{"rendered":"<p class=\"has-text-align-center\">Sofort beurteilen Sie Ihre Kanal-status-Verwendung von YouTube-Monetarisierung-Checker. Finden Sie heraus, ob Sie qualifizieren sich f\u00fcr die Monetarisierung und steigern Sie Ihre YouTube-Ergebnis jetzt.<\/p>\n\n\n        <div id=\"ycimc-container\">\n           \n            <form id=\"ycimc-form\" onsubmit=\"return false;\" action=\"\">\n                <input type=\"text\" name=\"ycimc_input\" id=\"ycimc-input\" placeholder=\"Geben Sie @ein, Griff, Kanal-URL oder Channel-ID\" required>\n                <button type=\"submit\" id=\"ycimc-submit\">Check Channel<\/button>\n            <input type=\"hidden\" name=\"trp-form-language\" value=\"de\"\/><\/form>\n            <div id=\"ycimc-loading\">\n                <div class=\"ycimc-spinner\"><\/div>\n                <p>Holen Kanal-Daten...<\/p>\n            <\/div>\n            <div id=\"ycimc-results\"><\/div>\n        <\/div>\n\n\n\n<hr class=\"wp-block-separator has-alpha-channel-opacity\"\/>\n\n\n\n<h2 class=\"wp-block-heading\"><strong>YouTube-Monetarisierung-Checker-Tool:<\/strong> Ist Ihr Kanal Bereit, f\u00fcr den Umsatz?<\/h2>\n\n\n\n<p>Sie haben macht videos auf YouTube f\u00fcr einige Zeit, und Sie m\u00f6chten nun wissen, ob Sie k\u00f6nnen schlie\u00dflich Geld von allen, die den Schwei\u00df? Ich bin v\u00f6llig bekommen es \u2013 ich war im selben Boot vor etwa zwei Jahren, st\u00e4ndig \u00fcberpr\u00fcfen meine Abonnenten zu z\u00e4hlen und beobachten Sie Stunden, um herauszufinden, ob ich qualifiziert sind, noch.<\/p>\n\n\n\n<p>Das ist eigentlich das, warum ich beschlossen, diesen YouTube-Monetarisierung Checker Tool. Es ist ziemlich einfach, wirklich \u2013 etwas, das ich w\u00fcnschte, ich h\u00e4tte, wenn ich angefangen habe.<\/p>\n\n\n\n<h2 class=\"wp-block-heading\">Was Dieses Tool Eigentlich Nicht<\/h2>\n\n\n\n<p>YouTube-Monetarisierung Checker ist ein tool, das Ihnen erm\u00f6glicht, zu testen, ob berechtigt f\u00fcr ein Google-YouTube-Partner-Programm. Nachdem Sie bereits wissen, auf der month-Ebene Erstellung von Inhalten sollten Sie haben 1000 Abonnenten und 4000 Stunden ansehen, die in Ihrem Kanal kumulativ f\u00fcr die letzten 12 Monate, um die Monetarisierung auf YouTube ein.&nbsp;&nbsp;<\/p>\n\n\n\n<p>Aber warten Sie \u2013 das ist eigentlich nicht ganz korrekt ist, nicht mehr. <a href=\"https:\/\/www.youtube.com\/\">YouTube<\/a> aktualisiert seiner Politik vor kurzem. Jetzt k\u00f6nnen Sie qualifizieren sich auch mit 1.000 Abonnenten und 10 Millionen Shorts Ansichten innerhalb der letzten 90 Tage. Diese \u00e4nderung zeigt an, wie YouTube umarmt short-form content in diesen Tagen.<\/p>\n\n\n\n<h3 class=\"wp-block-heading\"><strong>Wie zu Verwenden die YouTube-Monetarisierung-Checker<\/strong><\/h3>\n\n\n\n<p>Mit dem tool ist nicht kompliziert. Sie m\u00fcssen:<\/p>\n\n\n\n<ol class=\"wp-block-list\">\n<li>Geben Sie Ihre Kanal-URL oder ID in das Werkzeug<\/li>\n\n\n\n<li>Lassen Sie es abrufen der aktuellen Werte Abonnenten, Uhr, Stunden, und Shorts views)<\/li>\n\n\n\n<li>Das tool zeigt Ihnen genau, wie nah Sie an qualifizierte<\/li>\n<\/ol>\n\n\n\n<p>Es ist wichtig zu beachten, dass dieses tool verwendet die YouTube-API zu ziehen, in dem es \u00f6ffentliche Statistiken \u2013 nicht auf private Daten oder verlangen, dass Ihre login-Informationen. Ich bin ziemlich ernst privacy mich, so dass ich sicher war dies sicher zu verwenden.<\/p>\n\n\n\n<h2 class=\"wp-block-heading\">Warum Habe Ich Diese Seite Gebaut (Und Warum Sie Es Ben\u00f6tigen)<\/h2>\n\n\n\n<p>Ich erinnere mich an erfrischenden YouTube Studio mehrere Male am Tag, wenn ich in der N\u00e4he war, um zu schlagen, Monetarisierung Schwellenwerte. Es war obsessiv, auf der Suche zur\u00fcck. YouTube nicht immer machen es extrem klar, wie nahe Sie sind ALLE Anforderungen auf einmal.<\/p>\n\n\n\n<p>Die standard-YouTube-dashboard zeigt Ihre zahlen, aber nicht wirklich geben Ihnen das &#034;gro\u00dfe Bild&#034; Ihrer Monetarisierung Fortschritt. Ich wollte etwas, das mir gerade: &#034;Sie sind 80% des Weges&#034; oder &#034;Sie m\u00fcssen 246 mehr Abonnenten und 512 mehr Stunden Zuschauen.&#034;<\/p>\n\n\n\n<h2 class=\"wp-block-heading\">Dar\u00fcber Hinaus Nur Die \u00dcberpr\u00fcfung Der F\u00f6rderf\u00e4higkeit<\/h2>\n\n\n\n<p>Wenn Sie wissen, wo Sie stehen, das tool bietet auch einige personalisierte Vorschl\u00e4ge. Zum Beispiel, wenn Sie nahe an Abonnenten, aber weit hinter den Wachen Stunden, es k\u00f6nnte vorschlagen, mit Schwerpunkt auf mehr Inhalt. Oder, wenn Sie tun Super auf traditionellen Metriken, wollen aber versuchen die Shorts route, es wird Ihnen zeigen, welche Art von Ansichten, die Sie brauchen.<\/p>\n\n\n\n<p>Was macht diese anders aus, nur \u00fcberpr\u00fcfen der YouTube Studio ist, dass es hilft auch, bilden Sie eine Strategie, nicht nur Nummern angezeigt. Zumindest ist das, was ich wollte, wenn ich es gebaut.<\/p>\n\n\n\n<h2 class=\"wp-block-heading\">Einige Einschr\u00e4nkungen Bewusst Sein<\/h2>\n\n\n\n<p>Ich sollte erw\u00e4hnen, dass das tool ist nicht perfekt. Seit es verwendet die \u00f6ffentliche API, manchmal kann es zu einer leichten Verz\u00f6gerung bei der stat-updates im Vergleich zu dem, was Sie in Ihrem YouTube-Studio. In der Regel ist es nur eine Frage von Stunden, aber so, dass Sie es wissen.<\/p>\n\n\n\n<p>Auch, w\u00e4hrend das tool kann die Sch\u00e4tzung Stunden Zuschauen basierend auf \u00f6ffentlichen Daten, die exakte Berechnung YouTube-intern verwendet wird, leicht unterscheiden. Sie haben Zugang zu mehr genaue Metriken \u00fcber genau, wie lange die Leute beobachten jedes video, in der Erw\u00e4gung, dass \u00f6ffentliche Daten mehr verallgemeinert.<\/p>\n\n\n\n<h2 class=\"wp-block-heading\">Wenn Sie Bereit sind, sich zu Bewerben<\/h2>\n\n\n\n<p>Sobald das tool zeigt Ihnen getroffen habe, die Anforderungen, herzlichen Gl\u00fcckwunsch! Der n\u00e4chste Schritt ist, tats\u00e4chlich die Anwendung, um das YouTube-Partner-Programm durch YouTube Studio. Sie m\u00fcssen:<\/p>\n\n\n\n<ul class=\"wp-block-list\">\n<li>Richten Sie ein AdSense-Konto, wenn Sie nicht haben ein<\/li>\n\n\n\n<li>Lesen und akzeptieren Sie die Bedingungen YPP<\/li>\n\n\n\n<li>Legen Sie Ihre Monetarisierung Einstellungen<\/li>\n\n\n\n<li>Nur warten, f\u00fcr YouTube zu genehmigen Kanal (manchmal kann es nehmen \u00fcber einem Monat, aber ich habe herausgefunden, dass es viel schneller)<\/li>\n<\/ul>\n\n\n\n<h2 class=\"wp-block-heading\">Abschlie\u00dfende Gedanken<\/h2>\n\n\n\n<p>Das erste Geld ist ein aufregender Meilenstein, f\u00fcr sicher, aber ich schw\u00f6re, der Meilenstein ist erst der Beginn der roller-coaster. Die Gewohnheiten und Frequenz, die Sie pflegen, wenn Sie versuchen zu gehen \u00fcber die ersten paar Schwellenwerte sind die gleichen diejenigen, die machen Sie Skala an Ihnen vorbei.<\/p>\n\n\n\n<p>Dieses tool macht sicherlich Ihr Monetarisierung Reise mehr einer geraden Schuss anstelle einer dunklen Gasse. Ich brauche mehr Ideen f\u00fcr die Ver\u00e4nderungen oder das, was sonst in handliches kommen k\u00f6nnte, so, wenn Sie etwas zu teilen! Ich bin immer noch Feintuning, hier und da, wenn ich haben einige Zeit zwischen meine video-Projekte.<\/p>\n\n\n\n<p>Viel Gl\u00fcck mit deinem Kanal die YouTube-grind ist erschreckend real, aber es kann ein Gesamt Spiel-wechsler!<\/p>\n\n\n\n<div class=\"yt-monetization-faq\" itemscope itemtype=\"https:\/\/schema.org\/FAQPage\">\n  <div class=\"yt-monetization-header\">\n    <svg viewbox=\"0 0 24 24\" width=\"40\" height=\"40\">\n      <path fill=\"#FF0000\" d=\"M19.615 3.184c-3.604-.246-11.631-.245-15.23 0-3.897.266-4.356 2.62-4.385 8.816.029 6.185.484 8.549 4.385 8.816 3.6.245 11.626.246 15.23 0 3.897-.266 4.356-2.62 4.385-8.816-.029-6.185-.484-8.549-4.385-8.816zm-10.615 12.816v-8l8 3.993-8 4.007z\"><\/path>\n    <\/svg>\n    <h3>YouTube-Monetarisierung Checker FAQ<\/h3>\n  <\/div>\n\n  <div class=\"yt-monetization-item\" itemscope itemprop=\"mainEntity\" itemtype=\"https:\/\/schema.org\/Question\">\n    <h4 class=\"yt-monetization-question\" itemprop=\"name\">Kann ich Geld verdienen meinen Kanal noch nicht?<\/h4>\n    <div class=\"yt-monetization-answer\" itemscope itemprop=\"acceptedAnswer\" itemtype=\"https:\/\/schema.org\/Answer\">\n      <div itemprop=\"text\">\n        <p>Unser checker schaut auf Ihre Abonnenten zu z\u00e4hlen und Stunden Zuschauen, um zu sehen, wenn Sie auf die YouTube-Anforderungen. Sie ben\u00f6tigen 1,000+ subs und 4.000+ Wachen Stunden in den letzten 12 Monaten. Schon da und warten auf die letzten paar Abonnenten... Es ist schmerzhaft! Aber, wenn Sie auf diese zahlen, boom! Bist du bereit, um f\u00fcr das YouTube-Partnerprogramm.<\/p>\n      <\/div>\n    <\/div>\n  <\/div>\n\n  <div class=\"yt-monetization-item\" itemscope itemprop=\"mainEntity\" itemtype=\"https:\/\/schema.org\/Question\">\n    <h4 class=\"yt-monetization-question\" itemprop=\"name\">Warum tut mein Kanal sagen &#034;nicht f\u00f6rderf\u00e4hig&#034;, wenn ich genug subs?<\/h4>\n    <div class=\"yt-monetization-answer\" itemscope itemprop=\"acceptedAnswer\" itemtype=\"https:\/\/schema.org\/Answer\">\n      <div itemprop=\"text\">\n        <p>Ugh, dieser hat mich verr\u00fcckt zu! In der Regel, es ist, weil Ihre Wachen Stunden nicht ganz da noch (YouTube z\u00e4hlt diese anders, als Sie vielleicht denken), oder Sie haben einige copyright-strikes-hanging around. Auch YouTube manchmal dauert es ein bisschen, Ihr system zu aktualisieren \u2013 ich buchst\u00e4blich gepr\u00fcft mine, wie 20 mal am Tag, wenn ich in der N\u00e4he war, lol.<\/p>\n      <\/div>\n    <\/div>\n  <\/div>\n\n  <div class=\"yt-monetization-item\" itemscope itemprop=\"mainEntity\" itemtype=\"https:\/\/schema.org\/Question\">\n    <h4 class=\"yt-monetization-question\" itemprop=\"name\">Wie lange dauert die Genehmigung nach dem ich mich bewerben?<\/h4>\n    <div class=\"yt-monetization-answer\" itemscope itemprop=\"acceptedAnswer\" itemtype=\"https:\/\/schema.org\/Answer\">\n      <div itemprop=\"text\">\n        <p>Wenn Sie auf alle Anforderungen und Ihren Antrag Einreichen, erwarten 1-4 Wochen. Ja, es ist nicht sehr angenehm! Ich wartete fast 3 Wochen und war die \u00fcberpr\u00fcfung meiner E-Mail wie ein Irrer. YouTube-reviews, alles manuell zu machen Sie sicher, dass Sie Folgen Ihren Regeln und so weiter.<\/p>\n      <\/div>\n    <\/div>\n  <\/div>\n\n  <div class=\"yt-monetization-item\" itemscope itemprop=\"mainEntity\" itemtype=\"https:\/\/schema.org\/Question\">\n    <h4 class=\"yt-monetization-question\" itemprop=\"name\">Werden meine alten videos Geld verdienen, wenn ich zugelassen?<\/h4>\n    <div class=\"yt-monetization-answer\" itemscope itemprop=\"acceptedAnswer\" itemtype=\"https:\/\/schema.org\/Answer\">\n      <div itemprop=\"text\">\n        <p>N\u00d6! Das war ein Mist, wenn ich es herausfand. Nur videos ver\u00f6ffentlicht, NACHDEM Sie genehmigt f\u00fcr die Monetarisierung-Geld verdienen werden. Alle, die alten Inhalte? Keine Besch\u00e4digung von denen (das ist das, was wir als Ergebnis zur\u00fcck in mein Tag, haha). Also machen Sie sich bereit zu erstellen Sie neue Inhalte, sobald Sie genehmigt!<\/p>\n      <\/div>\n    <\/div>\n  <\/div>\n\n  <div class=\"yt-monetization-item\" itemscope itemprop=\"mainEntity\" itemtype=\"https:\/\/schema.org\/Question\">\n    <h4 class=\"yt-monetization-question\" itemprop=\"name\">Was ist, wenn meine zahlen fallen Sie unter die Schwelle?<\/h4>\n    <div class=\"yt-monetization-answer\" itemscope itemprop=\"acceptedAnswer\" itemtype=\"https:\/\/schema.org\/Answer\">\n      <div itemprop=\"text\">\n        <p>Keine Panik! YouTube wird nicht sofort kick Sie aus, wenn Sie Tauchen unter 1.000 subs oder 4.000 Stunden Zuschauen, nachdem er genehmigt wurde. Geben Sie Ihnen eine Nachfrist zur\u00fcck zu bauen-up. Ich hatte dies einmal geschehen, nach der Reinigung einige alte Inhalte \u2013 ein be\u00e4ngstigender moment, aber alles war in Ordnung! Halten Sie einfach zu erstellen, und Sie werden gut.<\/p>\n      <\/div>\n    <\/div>\n  <\/div>\n<\/div>\n\n<style>\n.yt-monetization-faq {\n  max-width: 700px;\n  margin: 30px auto;\n  font-family: 'Roboto', 'Segoe UI', sans-serif;\n  background: white;\n  border-radius: 12px;\n  overflow: hidden;\n  box-shadow: 0 2px 10px rgba(0,0,0,0.1);\n}\n.yt-monetization-header {\n  background: #282828;\n  padding: 20px;\n  display: flex;\n  align-items: center;\n  justify-content: center;\n  gap: 15px;\n  color: white;\n}\n.yt-monetization-header h3 {\n  margin: 0;\n  font-weight: 500;\n  font-size: 22px;\n}\n.yt-monetization-item {\n  border-bottom: 1px solid #e0e0e0;\n}\n.yt-monetization-question {\n  margin: 0;\n  padding: 16px 20px;\n  background-color: white;\n  color: #FF0000;\n  cursor: pointer;\n  font-size: 16px;\n  font-weight: 500;\n  transition: all 0.2s;\n  display: flex;\n  align-items: center;\n}\n.yt-monetization-question:hover {\n  background-color: #fff5f5;\n}\n.yt-monetization-question:before {\n  content: '';\n  display: inline-block;\n  width: 24px;\n  height: 24px;\n  margin-right: 12px;\n  background-image: url('data:image\/svg+xml;utf8,<svg xmlns=\"http:\/\/www.w3.org\/2000\/svg\" viewBox=\"0 0 24 24\" fill=\"%23FF0000\"><path d=\"M19 13h-6v6h-2v-6H5v-2h6V5h2v6h6v2z\"\/><\/svg>');\n  background-size: contain;\n}\n.yt-monetization-item.active .yt-monetization-question:before {\n  background-image: url('data:image\/svg+xml;utf8,<svg xmlns=\"http:\/\/www.w3.org\/2000\/svg\" viewBox=\"0 0 24 24\" fill=\"%23FF0000\"><path d=\"M19 13H5v-2h14v2z\"\/><\/svg>');\n}\n.yt-monetization-answer {\n  max-height: 0;\n  overflow: hidden;\n  transition: max-height 0.25s ease-out;\n  background: #f9f9f9;\n}\n.yt-monetization-answer > div {\n  padding: 20px;\n  color: #333;\n  line-height: 1.6;\n  font-size: 15px;\n}\n.yt-monetization-item.active .yt-monetization-answer {\n  max-height: 500px;\n}\n<\/style>\n\n<script>\ndocument.addEventListener('DOMContentLoaded', function() {\n  const questions = document.querySelectorAll('.yt-monetization-question');\n  questions.forEach(question => {\n    question.addEventListener('click', () => {\n      const item = question.parentElement;\n      item.classList.toggle('active');\n      \n      questions.forEach(q => {\n        if (q !== question) {\n          q.parentElement.classList.remove('active');\n        }\n      });\n    });\n  });\n});\n<\/script>","protected":false},"excerpt":{"rendered":"<p>Instantly assess your channel status using YouTube Monetization Checker. Find out if you qualify for monetization and boost your YouTube &#8230; <\/p>\n<p class=\"read-more-container\"><a title=\"Youtube-Monetarisierung-Checker\" class=\"read-more button\" href=\"https:\/\/youtube-thumbnail-download.org\/de\/youtube-monetization-checker\/#more-612\" aria-label=\"Mehr Informationen \u00fcber Youtube Monetization Checker\">Mehr lesen<\/a><\/p>","protected":false},"author":1,"featured_media":0,"parent":0,"menu_order":0,"comment_status":"closed","ping_status":"closed","template":"","meta":{"footnotes":""},"class_list":["post-612","page","type-page","status-publish"],"yoast_head":"<!-- This site is optimized with the Yoast SEO plugin v27.0 - https:\/\/yoast.com\/product\/yoast-seo-wordpress\/ -->\n<title>YouTube Monetization Checker Tool 2025 [Working]<\/title>\n<meta name=\"description\" content=\"Easily verify channel eligibility with YouTube Monetization Checker. Quickly check if your channel meets requirements to start earning revenue today.\" \/>\n<meta name=\"robots\" content=\"index, follow, max-snippet:-1, max-image-preview:large, max-video-preview:-1\" \/>\n<link rel=\"canonical\" href=\"https:\/\/youtube-thumbnail-download.org\/de\/youtube-monetization-checker\/\" \/>\n<meta property=\"og:locale\" content=\"de_DE\" \/>\n<meta property=\"og:type\" content=\"article\" \/>\n<meta property=\"og:title\" content=\"YouTube Monetization Checker Tool 2025 [Working]\" \/>\n<meta property=\"og:description\" content=\"Easily verify channel eligibility with YouTube Monetization Checker. Quickly check if your channel meets requirements to start earning revenue today.\" \/>\n<meta property=\"og:url\" content=\"https:\/\/youtube-thumbnail-download.org\/de\/youtube-monetization-checker\/\" \/>\n<meta property=\"og:site_name\" content=\"YouTube Thumbnail Downloader\" \/>\n<meta property=\"article:modified_time\" content=\"2025-05-09T06:21:56+00:00\" \/>\n<meta name=\"twitter:card\" content=\"summary_large_image\" \/>\n<meta name=\"twitter:label1\" content=\"Gesch\u00e4tzte Lesezeit\" \/>\n\t<meta name=\"twitter:data1\" content=\"5\u00a0Minuten\" \/>\n<script type=\"application\/ld+json\" class=\"yoast-schema-graph\">{\"@context\":\"https:\/\/schema.org\",\"@graph\":[{\"@type\":\"WebPage\",\"@id\":\"https:\/\/youtube-thumbnail-download.org\/youtube-monetization-checker\/\",\"url\":\"https:\/\/youtube-thumbnail-download.org\/youtube-monetization-checker\/\",\"name\":\"YouTube Monetization Checker Tool 2025 [Working]\",\"isPartOf\":{\"@id\":\"https:\/\/youtube-thumbnail-download.org\/#website\"},\"datePublished\":\"2025-05-08T21:01:05+00:00\",\"dateModified\":\"2025-05-09T06:21:56+00:00\",\"description\":\"Easily verify channel eligibility with YouTube Monetization Checker. Quickly check if your channel meets requirements to start earning revenue today.\",\"breadcrumb\":{\"@id\":\"https:\/\/youtube-thumbnail-download.org\/youtube-monetization-checker\/#breadcrumb\"},\"inLanguage\":\"de\",\"potentialAction\":[{\"@type\":\"ReadAction\",\"target\":[\"https:\/\/youtube-thumbnail-download.org\/youtube-monetization-checker\/\"]}]},{\"@type\":\"BreadcrumbList\",\"@id\":\"https:\/\/youtube-thumbnail-download.org\/youtube-monetization-checker\/#breadcrumb\",\"itemListElement\":[{\"@type\":\"ListItem\",\"position\":1,\"name\":\"Home\",\"item\":\"https:\/\/youtube-thumbnail-download.org\/\"},{\"@type\":\"ListItem\",\"position\":2,\"name\":\"Youtube Monetization Checker\"}]},{\"@type\":\"WebSite\",\"@id\":\"https:\/\/youtube-thumbnail-download.org\/#website\",\"url\":\"https:\/\/youtube-thumbnail-download.org\/\",\"name\":\"YouTube Thumbnail Downloader\",\"description\":\"\",\"publisher\":{\"@id\":\"https:\/\/youtube-thumbnail-download.org\/#organization\"},\"potentialAction\":[{\"@type\":\"SearchAction\",\"target\":{\"@type\":\"EntryPoint\",\"urlTemplate\":\"https:\/\/youtube-thumbnail-download.org\/?s={search_term_string}\"},\"query-input\":{\"@type\":\"PropertyValueSpecification\",\"valueRequired\":true,\"valueName\":\"search_term_string\"}}],\"inLanguage\":\"de\"},{\"@type\":\"Organization\",\"@id\":\"https:\/\/youtube-thumbnail-download.org\/#organization\",\"name\":\"YouTube Thumbnail Downloader\",\"url\":\"https:\/\/youtube-thumbnail-download.org\/\",\"logo\":{\"@type\":\"ImageObject\",\"inLanguage\":\"de\",\"@id\":\"https:\/\/youtube-thumbnail-download.org\/#\/schema\/logo\/image\/\",\"url\":\"https:\/\/youtube-thumbnail-download.org\/wp-content\/uploads\/2025\/05\/youtube.png\",\"contentUrl\":\"https:\/\/youtube-thumbnail-download.org\/wp-content\/uploads\/2025\/05\/youtube.png\",\"width\":350,\"height\":70,\"caption\":\"YouTube Thumbnail Downloader\"},\"image\":{\"@id\":\"https:\/\/youtube-thumbnail-download.org\/#\/schema\/logo\/image\/\"}}]}<\/script>\n<!-- \/ Yoast SEO plugin. -->","yoast_head_json":{"title":"YouTube Monetization Checker Tool 2025 [Working]","description":"Easily verify channel eligibility with YouTube Monetization Checker. Quickly check if your channel meets requirements to start earning revenue today.","robots":{"index":"index","follow":"follow","max-snippet":"max-snippet:-1","max-image-preview":"max-image-preview:large","max-video-preview":"max-video-preview:-1"},"canonical":"https:\/\/youtube-thumbnail-download.org\/de\/youtube-monetization-checker\/","og_locale":"de_DE","og_type":"article","og_title":"YouTube Monetization Checker Tool 2025 [Working]","og_description":"Easily verify channel eligibility with YouTube Monetization Checker. Quickly check if your channel meets requirements to start earning revenue today.","og_url":"https:\/\/youtube-thumbnail-download.org\/de\/youtube-monetization-checker\/","og_site_name":"YouTube Thumbnail Downloader","article_modified_time":"2025-05-09T06:21:56+00:00","twitter_card":"summary_large_image","twitter_misc":{"Gesch\u00e4tzte Lesezeit":"5\u00a0Minuten"},"schema":{"@context":"https:\/\/schema.org","@graph":[{"@type":"WebPage","@id":"https:\/\/youtube-thumbnail-download.org\/youtube-monetization-checker\/","url":"https:\/\/youtube-thumbnail-download.org\/youtube-monetization-checker\/","name":"YouTube Monetization Checker Tool 2025 [Working]","isPartOf":{"@id":"https:\/\/youtube-thumbnail-download.org\/#website"},"datePublished":"2025-05-08T21:01:05+00:00","dateModified":"2025-05-09T06:21:56+00:00","description":"Easily verify channel eligibility with YouTube Monetization Checker. Quickly check if your channel meets requirements to start earning revenue today.","breadcrumb":{"@id":"https:\/\/youtube-thumbnail-download.org\/youtube-monetization-checker\/#breadcrumb"},"inLanguage":"de","potentialAction":[{"@type":"ReadAction","target":["https:\/\/youtube-thumbnail-download.org\/youtube-monetization-checker\/"]}]},{"@type":"BreadcrumbList","@id":"https:\/\/youtube-thumbnail-download.org\/youtube-monetization-checker\/#breadcrumb","itemListElement":[{"@type":"ListItem","position":1,"name":"Home","item":"https:\/\/youtube-thumbnail-download.org\/"},{"@type":"ListItem","position":2,"name":"Youtube Monetization Checker"}]},{"@type":"WebSite","@id":"https:\/\/youtube-thumbnail-download.org\/#website","url":"https:\/\/youtube-thumbnail-download.org\/","name":"YouTube Thumbnail Downloader","description":"","publisher":{"@id":"https:\/\/youtube-thumbnail-download.org\/#organization"},"potentialAction":[{"@type":"SearchAction","target":{"@type":"EntryPoint","urlTemplate":"https:\/\/youtube-thumbnail-download.org\/?s={search_term_string}"},"query-input":{"@type":"PropertyValueSpecification","valueRequired":true,"valueName":"search_term_string"}}],"inLanguage":"de"},{"@type":"Organization","@id":"https:\/\/youtube-thumbnail-download.org\/#organization","name":"YouTube Thumbnail Downloader","url":"https:\/\/youtube-thumbnail-download.org\/","logo":{"@type":"ImageObject","inLanguage":"de","@id":"https:\/\/youtube-thumbnail-download.org\/#\/schema\/logo\/image\/","url":"https:\/\/youtube-thumbnail-download.org\/wp-content\/uploads\/2025\/05\/youtube.png","contentUrl":"https:\/\/youtube-thumbnail-download.org\/wp-content\/uploads\/2025\/05\/youtube.png","width":350,"height":70,"caption":"YouTube Thumbnail Downloader"},"image":{"@id":"https:\/\/youtube-thumbnail-download.org\/#\/schema\/logo\/image\/"}}]}},"_links":{"self":[{"href":"https:\/\/youtube-thumbnail-download.org\/de\/wp-json\/wp\/v2\/pages\/612","targetHints":{"allow":["GET"]}}],"collection":[{"href":"https:\/\/youtube-thumbnail-download.org\/de\/wp-json\/wp\/v2\/pages"}],"about":[{"href":"https:\/\/youtube-thumbnail-download.org\/de\/wp-json\/wp\/v2\/types\/page"}],"author":[{"embeddable":true,"href":"https:\/\/youtube-thumbnail-download.org\/de\/wp-json\/wp\/v2\/users\/1"}],"replies":[{"embeddable":true,"href":"https:\/\/youtube-thumbnail-download.org\/de\/wp-json\/wp\/v2\/comments?post=612"}],"version-history":[{"count":5,"href":"https:\/\/youtube-thumbnail-download.org\/de\/wp-json\/wp\/v2\/pages\/612\/revisions"}],"predecessor-version":[{"id":620,"href":"https:\/\/youtube-thumbnail-download.org\/de\/wp-json\/wp\/v2\/pages\/612\/revisions\/620"}],"wp:attachment":[{"href":"https:\/\/youtube-thumbnail-download.org\/de\/wp-json\/wp\/v2\/media?parent=612"}],"curies":[{"name":"wp","href":"https:\/\/api.w.org\/{rel}","templated":true}]}}