{"id":612,"date":"2025-05-08T21:01:05","date_gmt":"2025-05-08T21:01:05","guid":{"rendered":"https:\/\/youtube-thumbnail-download.org\/?page_id=612"},"modified":"2025-05-09T06:21:56","modified_gmt":"2025-05-09T06:21:56","slug":"youtube-monetization-checker","status":"publish","type":"page","link":"https:\/\/youtube-thumbnail-download.org\/es\/youtube-monetization-checker\/","title":{"rendered":"Youtube Monetizaci\u00f3n Corrector"},"content":{"rendered":"<p class=\"has-text-align-center\">Al instante evaluar su estado de canal utilizando YouTube Monetizaci\u00f3n de Corrector. Averiguar si usted califica para la rentabilidad y aumentar su YouTube ganancias ahora.<\/p>\n\n\n        <div id=\"ycimc-container\">\n           \n            <form id=\"ycimc-form\" onsubmit=\"return false;\" action=\"\">\n                <input type=\"text\" name=\"ycimc_input\" id=\"ycimc-input\" placeholder=\"Escriba @mango, direcci\u00f3n URL del Canal, o ID de Canal\" required>\n                <button type=\"submit\" id=\"ycimc-submit\">Verificaci\u00f3n De Canal<\/button>\n            <input type=\"hidden\" name=\"trp-form-language\" value=\"es\"\/><\/form>\n            <div id=\"ycimc-loading\">\n                <div class=\"ycimc-spinner\"><\/div>\n                <p>La captura de los datos del canal...<\/p>\n            <\/div>\n            <div id=\"ycimc-results\"><\/div>\n        <\/div>\n\n\n\n<hr class=\"wp-block-separator has-alpha-channel-opacity\"\/>\n\n\n\n<h2 class=\"wp-block-heading\"><strong>YouTube Monetizaci\u00f3n De Corrector De La Herramienta:<\/strong> Es Su lista de Canales para los Ingresos?<\/h2>\n\n\n\n<p>Usted ha estado haciendo videos en YouTube por alg\u00fan tiempo, y ahora quiere saber si usted puede finalmente hacer el dinero de todos que el sudor? Estoy totalmente de conseguirlo \u2013 yo estaba en el mismo barco hace unos dos a\u00f1os, constantemente revisando mi n\u00famero de suscriptores y ver horas, tratando de averiguar si me calificado a\u00fan.<\/p>\n\n\n\n<p>Por eso me decid\u00ed a crear este YouTube de Monetizaci\u00f3n de Herramienta. Es bastante sencillo, en realidad \u2013 algo que yo deseaba cuando estaba empezando.<\/p>\n\n\n\n<h2 class=\"wp-block-heading\">Lo Que Esta Herramienta Hace Realmente<\/h2>\n\n\n\n<p>YouTube Monetizaci\u00f3n Checker es una herramienta que permite probar si es elegible para Google del Programa de partners de YouTube. Una vez que ya sabemos en el mes nivel de creaci\u00f3n de contenido, usted debe tener 1000 suscriptores y m\u00e1s de 4.000 horas de reloj en tu canal de forma acumulativa durante los \u00faltimos 12 meses para obtener la monetizaci\u00f3n en YouTube.&nbsp;&nbsp;<\/p>\n\n\n\n<p>Pero espera \u2013 que en realidad no es completamente exacto. <a href=\"https:\/\/www.youtube.com\/\">YouTube<\/a> actualizado su pol\u00edtica recientemente. Ahora usted tambi\u00e9n puede calificar con 1.000 suscriptores y 10 millones de Cortos de vistas en los \u00faltimos 90 d\u00edas. Este cambio muestra c\u00f3mo YouTube est\u00e1 abrazando contenido de estos d\u00edas.<\/p>\n\n\n\n<h3 class=\"wp-block-heading\"><strong>C\u00f3mo Utilizar el YouTube de Monetizaci\u00f3n de Corrector<\/strong><\/h3>\n\n\n\n<p>El uso de la herramienta no es complicado en absoluto. Usted necesita:<\/p>\n\n\n\n<ol class=\"wp-block-list\">\n<li>Introduzca la URL de tu canal o ID en la herramienta<\/li>\n\n\n\n<li>Vamos a conseguir sus estad\u00edsticas actuales (suscriptores, ver horas, y Cortos de vista)<\/li>\n\n\n\n<li>La herramienta le muestra exactamente c\u00f3mo de cerca est\u00e1 de clasificaci\u00f3n<\/li>\n<\/ol>\n\n\n\n<p>Es importante tener en cuenta que esta herramienta utiliza la API de YouTube para atraer a su p\u00fablico stats \u2013 no acceso a los datos privados o requerir que su informaci\u00f3n de inicio de sesi\u00f3n. Estoy muy en serio la privacidad de m\u00ed, as\u00ed que me asegur\u00e9 de que este era seguro de usar.<\/p>\n\n\n\n<h2 class=\"wp-block-heading\">\u00bfPor Qu\u00e9 He Construido Este (Y Por Qu\u00e9 Usted Los Necesite)<\/h2>\n\n\n\n<p>Recuerdo refrescante YouTube Studio varias veces al d\u00eda, cuando estaba a punto de golpear a la monetizaci\u00f3n de los umbrales. Era obsesivo, mirando hacia atr\u00e1s. YouTube no siempre es muy claro c\u00f3mo de cerca est\u00e1 de cumplir TODOS los requisitos a la vez.<\/p>\n\n\n\n<p>El est\u00e1ndar de YouTube panel de control indica tus n\u00fameros, pero no da que la &#034;big picture&#034; a la vista de su monetizaci\u00f3n de progreso. Yo quer\u00eda algo que me diga hacia arriba: &#034;T\u00fa eres el 80% del camino&#034; o &#034;necesita 246 m\u00e1s suscriptores y m\u00e1s de 512 ver horas.&#034;<\/p>\n\n\n\n<h2 class=\"wp-block-heading\">M\u00e1s All\u00e1 De La Comprobaci\u00f3n De La Elegibilidad<\/h2>\n\n\n\n<p>Una vez que usted sabe d\u00f3nde est\u00e1 parado, la herramienta tambi\u00e9n proporciona algunas sugerencias personalizadas. Por ejemplo, si usted est\u00e1 cerca de suscriptores, pero muy por detr\u00e1s en el reloj las horas, que podr\u00eda sugerir centr\u00e1ndose en m\u00e1s de contenido. O si lo est\u00e1 haciendo muy bien en los sistemas de medici\u00f3n tradicionales, pero quiere probar los pantalones Cortos de la ruta, lo voy a mostrar qu\u00e9 tipo de puntos de vista que usted necesita.<\/p>\n\n\n\n<p>Lo que hace este diferente de la comprobaci\u00f3n de YouTube Estudio es que tambi\u00e9n ayuda a formar una estrategia, no ver los n\u00fameros. Al menos eso es lo que yo iba para cuando me la construyeron.<\/p>\n\n\n\n<h2 class=\"wp-block-heading\">Algunas Limitaciones Que Ser Conscientes De<\/h2>\n\n\n\n<p>Debo mencionar que la herramienta no es perfecta. Ya que utiliza la API p\u00fablica, a veces puede haber un ligero retraso en stat actualizaciones en comparaci\u00f3n con lo que se ve en YouTube Studio. Por lo general, es s\u00f3lo una cuesti\u00f3n de horas, pero por lo que usted sabe.<\/p>\n\n\n\n<p>Tambi\u00e9n, mientras que la herramienta puede estimar reloj de horas basado en datos p\u00fablicos, el c\u00e1lculo exacto de YouTube utiliza internamente pueden diferir ligeramente. Ellos tienen acceso a m\u00e1s mediciones precisas acerca de c\u00f3mo exactamente el tiempo que los usuarios ver cada video, mientras que los datos p\u00fablicos es m\u00e1s generalizada.<\/p>\n\n\n\n<h2 class=\"wp-block-heading\">Cuando est\u00e9s Listo para Aplicar<\/h2>\n\n\n\n<p>Una vez que la herramienta muestra que ha cumplido con los requisitos, felicidades! El siguiente paso es aplicar para el Programa de partners de YouTube a trav\u00e9s de YouTube Studio. Usted necesitar\u00e1:<\/p>\n\n\n\n<ul class=\"wp-block-list\">\n<li>Configurar una cuenta de AdSense si usted no tiene uno<\/li>\n\n\n\n<li>Revise y acepte los t\u00e9rminos PPJ<\/li>\n\n\n\n<li>Establezca sus preferencias de monetizaci\u00f3n<\/li>\n\n\n\n<li>S\u00f3lo tiene que esperar a que YouTube aprobar su canal (a veces puede tardar m\u00e1s de un mes, pero he encontrado que es mucho m\u00e1s r\u00e1pido)<\/li>\n<\/ul>\n\n\n\n<h2 class=\"wp-block-heading\">Reflexiones Finales<\/h2>\n\n\n\n<p>Que llegar monetaria es un emocionante hito, por supuesto, pero juro que el hito es s\u00f3lo el comienzo de la monta\u00f1a rusa. Los h\u00e1bitos y frecuencia que cultivar cuando se trata de ir m\u00e1s de los primeros umbrales son los mismos que le har\u00e1 escala m\u00e1s all\u00e1 de ellos.<\/p>\n\n\n\n<p>Esta herramienta, sin duda, hace su monetizaci\u00f3n de viaje de m\u00e1s de un tiro recto en lugar de un callej\u00f3n oscuro. Necesito m\u00e1s ideas para cambios o \u00bfqu\u00e9 otra cosa podr\u00eda venir bien, as\u00ed que si tienes algo para compartir!!! Todav\u00eda estoy afinando, aqu\u00ed y all\u00ed, cuando tengo algo de tiempo entre mis proyectos de v\u00eddeo.<\/p>\n\n\n\n<p>Buena suerte con tu canal de YouTube de la muela es aterradoramente real, pero puede ser un total cambiador de juego!<\/p>\n\n\n\n<div class=\"yt-monetization-faq\" itemscope itemtype=\"https:\/\/schema.org\/FAQPage\">\n  <div class=\"yt-monetization-header\">\n    <svg viewbox=\"0 0 24 24\" width=\"40\" height=\"40\">\n      <path fill=\"#FF0000\" d=\"M19.615 3.184c-3.604-.246-11.631-.245-15.23 0-3.897.266-4.356 2.62-4.385 8.816.029 6.185.484 8.549 4.385 8.816 3.6.245 11.626.246 15.23 0 3.897-.266 4.356-2.62 4.385-8.816-.029-6.185-.484-8.549-4.385-8.816zm-10.615 12.816v-8l8 3.993-8 4.007z\"><\/path>\n    <\/svg>\n    <h3>YouTube Monetizaci\u00f3n Comprobador de preguntas frecuentes<\/h3>\n  <\/div>\n\n  <div class=\"yt-monetization-item\" itemscope itemprop=\"mainEntity\" itemtype=\"https:\/\/schema.org\/Question\">\n    <h4 class=\"yt-monetization-question\" itemprop=\"name\">Puedo rentabilizar mi canal todav\u00eda?<\/h4>\n    <div class=\"yt-monetization-answer\" itemscope itemprop=\"acceptedAnswer\" itemtype=\"https:\/\/schema.org\/Answer\">\n      <div itemprop=\"text\">\n        <p>Nuestro corrector se ve en su n\u00famero de suscriptores y ver horas para ver si usted hit de YouTube requisitos. Usted necesita 1,000+ subs y 4.000+ reloj de horas en los \u00faltimos 12 meses. Estado all\u00ed esperando a los \u00faltimos suscriptores... Es doloroso! Pero una vez que usted pulsa los n\u00fameros, boom! Est\u00e1s listo para aplicar para el Programa de partners de YouTube.<\/p>\n      <\/div>\n    <\/div>\n  <\/div>\n\n  <div class=\"yt-monetization-item\" itemscope itemprop=\"mainEntity\" itemtype=\"https:\/\/schema.org\/Question\">\n    <h4 class=\"yt-monetization-question\" itemprop=\"name\">\u00bfPor qu\u00e9 mi canal de decir &#034;no elegible&#034; cuando tengo suficiente de suscriptores?<\/h4>\n    <div class=\"yt-monetization-answer\" itemscope itemprop=\"acceptedAnswer\" itemtype=\"https:\/\/schema.org\/Answer\">\n      <div itemprop=\"text\">\n        <p>Ugh, esta es una que me volv\u00eda loco demasiado! Generalmente, es porque su reloj las horas no est\u00e1n all\u00ed todav\u00eda (YouTube cuenta estos de manera diferente de lo que piensas) o si usted tiene algunos de los derechos de copyright colgar alrededor. Tambi\u00e9n, YouTube a veces tarda un poco para la actualizaci\u00f3n de su sistema \u2013 que literalmente se comprueba la mina como 20 veces en un d\u00eda, cuando yo estaba cerca de lol.<\/p>\n      <\/div>\n    <\/div>\n  <\/div>\n\n  <div class=\"yt-monetization-item\" itemscope itemprop=\"mainEntity\" itemtype=\"https:\/\/schema.org\/Question\">\n    <h4 class=\"yt-monetization-question\" itemprop=\"name\">\u00bfCu\u00e1nto tiempo de aprobaci\u00f3n de tomar despu\u00e9s de aplicar?<\/h4>\n    <div class=\"yt-monetization-answer\" itemscope itemprop=\"acceptedAnswer\" itemtype=\"https:\/\/schema.org\/Answer\">\n      <div itemprop=\"text\">\n        <p>Una vez consigues todos los requisitos y presentar su solicitud, esperar esperar de 1 a 4 semanas. S\u00ed, no es muy agradable! Esper\u00e9 casi 3 semanas y estaba revisando mi correo electr\u00f3nico como un loco. YouTube revisa todo manualmente para asegurarse de que usted est\u00e1 siguiendo sus reglas y otras cosas.<\/p>\n      <\/div>\n    <\/div>\n  <\/div>\n\n  <div class=\"yt-monetization-item\" itemscope itemprop=\"mainEntity\" itemtype=\"https:\/\/schema.org\/Question\">\n    <h4 class=\"yt-monetization-question\" itemprop=\"name\">Va a mis videos viejos de hacer dinero una vez que sea aprobado?<\/h4>\n    <div class=\"yt-monetization-answer\" itemscope itemprop=\"acceptedAnswer\" itemtype=\"https:\/\/schema.org\/Answer\">\n      <div itemprop=\"text\">\n        <p>Nope! Esta fue una decepci\u00f3n cuando me enter\u00e9. Solo los videos publicados DESPU\u00c9S de que usted haya sido aprobado por la monetizaci\u00f3n va a hacer dinero. Todo lo que el contenido antiguo? No hay da\u00f1o de esos (que es lo que hemos llamado las ganancias de vuelta en mi d\u00eda, jaja). As\u00ed que prep\u00e1rate para crear contenido fresco una vez que est\u00e9 aprobado!<\/p>\n      <\/div>\n    <\/div>\n  <\/div>\n\n  <div class=\"yt-monetization-item\" itemscope itemprop=\"mainEntity\" itemtype=\"https:\/\/schema.org\/Question\">\n    <h4 class=\"yt-monetization-question\" itemprop=\"name\">\u00bfQu\u00e9 pasa si mis n\u00fameros de caer por debajo del umbral?<\/h4>\n    <div class=\"yt-monetization-answer\" itemscope itemprop=\"acceptedAnswer\" itemtype=\"https:\/\/schema.org\/Answer\">\n      <div itemprop=\"text\">\n        <p>Que no cunda el p\u00e1nico! YouTube no inmediatamente una patada a cabo si te metes por debajo de los 1.000 subs o 4.000 ver horas despu\u00e9s de ser aprobado. Te dan un per\u00edodo de gracia para volver a construir hacia arriba. He tenido que esto ocurra una vez despu\u00e9s de la limpieza de algunos viejos contenido \u2013 un momento de miedo, pero todo estaba bien! S\u00f3lo seguir creando, y vas a ser bueno.<\/p>\n      <\/div>\n    <\/div>\n  <\/div>\n<\/div>\n\n<style>\n.yt-monetization-faq {\n  max-width: 700px;\n  margin: 30px auto;\n  font-family: 'Roboto', 'Segoe UI', sans-serif;\n  background: white;\n  border-radius: 12px;\n  overflow: hidden;\n  box-shadow: 0 2px 10px rgba(0,0,0,0.1);\n}\n.yt-monetization-header {\n  background: #282828;\n  padding: 20px;\n  display: flex;\n  align-items: center;\n  justify-content: center;\n  gap: 15px;\n  color: white;\n}\n.yt-monetization-header h3 {\n  margin: 0;\n  font-weight: 500;\n  font-size: 22px;\n}\n.yt-monetization-item {\n  border-bottom: 1px solid #e0e0e0;\n}\n.yt-monetization-question {\n  margin: 0;\n  padding: 16px 20px;\n  background-color: white;\n  color: #FF0000;\n  cursor: pointer;\n  font-size: 16px;\n  font-weight: 500;\n  transition: all 0.2s;\n  display: flex;\n  align-items: center;\n}\n.yt-monetization-question:hover {\n  background-color: #fff5f5;\n}\n.yt-monetization-question:before {\n  content: '';\n  display: inline-block;\n  width: 24px;\n  height: 24px;\n  margin-right: 12px;\n  background-image: url('data:image\/svg+xml;utf8,<svg xmlns=\"http:\/\/www.w3.org\/2000\/svg\" viewBox=\"0 0 24 24\" fill=\"%23FF0000\"><path d=\"M19 13h-6v6h-2v-6H5v-2h6V5h2v6h6v2z\"\/><\/svg>');\n  background-size: contain;\n}\n.yt-monetization-item.active .yt-monetization-question:before {\n  background-image: url('data:image\/svg+xml;utf8,<svg xmlns=\"http:\/\/www.w3.org\/2000\/svg\" viewBox=\"0 0 24 24\" fill=\"%23FF0000\"><path d=\"M19 13H5v-2h14v2z\"\/><\/svg>');\n}\n.yt-monetization-answer {\n  max-height: 0;\n  overflow: hidden;\n  transition: max-height 0.25s ease-out;\n  background: #f9f9f9;\n}\n.yt-monetization-answer > div {\n  padding: 20px;\n  color: #333;\n  line-height: 1.6;\n  font-size: 15px;\n}\n.yt-monetization-item.active .yt-monetization-answer {\n  max-height: 500px;\n}\n<\/style>\n\n<script>\ndocument.addEventListener('DOMContentLoaded', function() {\n  const questions = document.querySelectorAll('.yt-monetization-question');\n  questions.forEach(question => {\n    question.addEventListener('click', () => {\n      const item = question.parentElement;\n      item.classList.toggle('active');\n      \n      questions.forEach(q => {\n        if (q !== question) {\n          q.parentElement.classList.remove('active');\n        }\n      });\n    });\n  });\n});\n<\/script>","protected":false},"excerpt":{"rendered":"<p>Eval\u00faa al instante el estado de tu canal con YouTube Monetization Checker. Averigua si re\u00fanes los requisitos para la monetizaci\u00f3n e impulsa tu canal de YouTube... <\/p>\n<p class=\"read-more-container\"><a title=\"Youtube Monetizaci\u00f3n Corrector\" class=\"read-more button\" href=\"https:\/\/youtube-thumbnail-download.org\/es\/youtube-monetization-checker\/#more-612\" aria-label=\"Leer m\u00e1s sobre Youtube Monetization Checker\">Seguir leyendo<\/a><\/p>","protected":false},"author":1,"featured_media":0,"parent":0,"menu_order":0,"comment_status":"closed","ping_status":"closed","template":"","meta":{"footnotes":""},"class_list":["post-612","page","type-page","status-publish"],"yoast_head":"<!-- This site is optimized with the Yoast SEO plugin v27.0 - https:\/\/yoast.com\/product\/yoast-seo-wordpress\/ -->\n<title>YouTube Monetization Checker Tool 2025 [Working]<\/title>\n<meta name=\"description\" content=\"Easily verify channel eligibility with YouTube Monetization Checker. Quickly check if your channel meets requirements to start earning revenue today.\" \/>\n<meta name=\"robots\" content=\"index, follow, max-snippet:-1, max-image-preview:large, max-video-preview:-1\" \/>\n<link rel=\"canonical\" href=\"https:\/\/youtube-thumbnail-download.org\/es\/youtube-monetization-checker\/\" \/>\n<meta property=\"og:locale\" content=\"es_ES\" \/>\n<meta property=\"og:type\" content=\"article\" \/>\n<meta property=\"og:title\" content=\"YouTube Monetization Checker Tool 2025 [Working]\" \/>\n<meta property=\"og:description\" content=\"Easily verify channel eligibility with YouTube Monetization Checker. Quickly check if your channel meets requirements to start earning revenue today.\" \/>\n<meta property=\"og:url\" content=\"https:\/\/youtube-thumbnail-download.org\/es\/youtube-monetization-checker\/\" \/>\n<meta property=\"og:site_name\" content=\"YouTube Thumbnail Downloader\" \/>\n<meta property=\"article:modified_time\" content=\"2025-05-09T06:21:56+00:00\" \/>\n<meta name=\"twitter:card\" content=\"summary_large_image\" \/>\n<meta name=\"twitter:label1\" content=\"Tiempo de lectura\" \/>\n\t<meta name=\"twitter:data1\" content=\"5 minutos\" \/>\n<script type=\"application\/ld+json\" class=\"yoast-schema-graph\">{\"@context\":\"https:\/\/schema.org\",\"@graph\":[{\"@type\":\"WebPage\",\"@id\":\"https:\/\/youtube-thumbnail-download.org\/youtube-monetization-checker\/\",\"url\":\"https:\/\/youtube-thumbnail-download.org\/youtube-monetization-checker\/\",\"name\":\"YouTube Monetization Checker Tool 2025 [Working]\",\"isPartOf\":{\"@id\":\"https:\/\/youtube-thumbnail-download.org\/#website\"},\"datePublished\":\"2025-05-08T21:01:05+00:00\",\"dateModified\":\"2025-05-09T06:21:56+00:00\",\"description\":\"Easily verify channel eligibility with YouTube Monetization Checker. Quickly check if your channel meets requirements to start earning revenue today.\",\"breadcrumb\":{\"@id\":\"https:\/\/youtube-thumbnail-download.org\/youtube-monetization-checker\/#breadcrumb\"},\"inLanguage\":\"es\",\"potentialAction\":[{\"@type\":\"ReadAction\",\"target\":[\"https:\/\/youtube-thumbnail-download.org\/youtube-monetization-checker\/\"]}]},{\"@type\":\"BreadcrumbList\",\"@id\":\"https:\/\/youtube-thumbnail-download.org\/youtube-monetization-checker\/#breadcrumb\",\"itemListElement\":[{\"@type\":\"ListItem\",\"position\":1,\"name\":\"Home\",\"item\":\"https:\/\/youtube-thumbnail-download.org\/\"},{\"@type\":\"ListItem\",\"position\":2,\"name\":\"Youtube Monetization Checker\"}]},{\"@type\":\"WebSite\",\"@id\":\"https:\/\/youtube-thumbnail-download.org\/#website\",\"url\":\"https:\/\/youtube-thumbnail-download.org\/\",\"name\":\"YouTube Thumbnail Downloader\",\"description\":\"\",\"publisher\":{\"@id\":\"https:\/\/youtube-thumbnail-download.org\/#organization\"},\"potentialAction\":[{\"@type\":\"SearchAction\",\"target\":{\"@type\":\"EntryPoint\",\"urlTemplate\":\"https:\/\/youtube-thumbnail-download.org\/?s={search_term_string}\"},\"query-input\":{\"@type\":\"PropertyValueSpecification\",\"valueRequired\":true,\"valueName\":\"search_term_string\"}}],\"inLanguage\":\"es\"},{\"@type\":\"Organization\",\"@id\":\"https:\/\/youtube-thumbnail-download.org\/#organization\",\"name\":\"YouTube Thumbnail Downloader\",\"url\":\"https:\/\/youtube-thumbnail-download.org\/\",\"logo\":{\"@type\":\"ImageObject\",\"inLanguage\":\"es\",\"@id\":\"https:\/\/youtube-thumbnail-download.org\/#\/schema\/logo\/image\/\",\"url\":\"https:\/\/youtube-thumbnail-download.org\/wp-content\/uploads\/2025\/05\/youtube.png\",\"contentUrl\":\"https:\/\/youtube-thumbnail-download.org\/wp-content\/uploads\/2025\/05\/youtube.png\",\"width\":350,\"height\":70,\"caption\":\"YouTube Thumbnail Downloader\"},\"image\":{\"@id\":\"https:\/\/youtube-thumbnail-download.org\/#\/schema\/logo\/image\/\"}}]}<\/script>\n<!-- \/ Yoast SEO plugin. -->","yoast_head_json":{"title":"YouTube Monetization Checker Tool 2025 [Working]","description":"Easily verify channel eligibility with YouTube Monetization Checker. Quickly check if your channel meets requirements to start earning revenue today.","robots":{"index":"index","follow":"follow","max-snippet":"max-snippet:-1","max-image-preview":"max-image-preview:large","max-video-preview":"max-video-preview:-1"},"canonical":"https:\/\/youtube-thumbnail-download.org\/es\/youtube-monetization-checker\/","og_locale":"es_ES","og_type":"article","og_title":"YouTube Monetization Checker Tool 2025 [Working]","og_description":"Easily verify channel eligibility with YouTube Monetization Checker. Quickly check if your channel meets requirements to start earning revenue today.","og_url":"https:\/\/youtube-thumbnail-download.org\/es\/youtube-monetization-checker\/","og_site_name":"YouTube Thumbnail Downloader","article_modified_time":"2025-05-09T06:21:56+00:00","twitter_card":"summary_large_image","twitter_misc":{"Tiempo de lectura":"5 minutos"},"schema":{"@context":"https:\/\/schema.org","@graph":[{"@type":"WebPage","@id":"https:\/\/youtube-thumbnail-download.org\/youtube-monetization-checker\/","url":"https:\/\/youtube-thumbnail-download.org\/youtube-monetization-checker\/","name":"YouTube Monetization Checker Tool 2025 [Working]","isPartOf":{"@id":"https:\/\/youtube-thumbnail-download.org\/#website"},"datePublished":"2025-05-08T21:01:05+00:00","dateModified":"2025-05-09T06:21:56+00:00","description":"Easily verify channel eligibility with YouTube Monetization Checker. Quickly check if your channel meets requirements to start earning revenue today.","breadcrumb":{"@id":"https:\/\/youtube-thumbnail-download.org\/youtube-monetization-checker\/#breadcrumb"},"inLanguage":"es","potentialAction":[{"@type":"ReadAction","target":["https:\/\/youtube-thumbnail-download.org\/youtube-monetization-checker\/"]}]},{"@type":"BreadcrumbList","@id":"https:\/\/youtube-thumbnail-download.org\/youtube-monetization-checker\/#breadcrumb","itemListElement":[{"@type":"ListItem","position":1,"name":"Home","item":"https:\/\/youtube-thumbnail-download.org\/"},{"@type":"ListItem","position":2,"name":"Youtube Monetization Checker"}]},{"@type":"WebSite","@id":"https:\/\/youtube-thumbnail-download.org\/#website","url":"https:\/\/youtube-thumbnail-download.org\/","name":"YouTube Miniatura Downloader","description":"","publisher":{"@id":"https:\/\/youtube-thumbnail-download.org\/#organization"},"potentialAction":[{"@type":"SearchAction","target":{"@type":"EntryPoint","urlTemplate":"https:\/\/youtube-thumbnail-download.org\/?s={search_term_string}"},"query-input":{"@type":"PropertyValueSpecification","valueRequired":true,"valueName":"search_term_string"}}],"inLanguage":"es"},{"@type":"Organization","@id":"https:\/\/youtube-thumbnail-download.org\/#organization","name":"YouTube Miniatura Downloader","url":"https:\/\/youtube-thumbnail-download.org\/","logo":{"@type":"ImageObject","inLanguage":"es","@id":"https:\/\/youtube-thumbnail-download.org\/#\/schema\/logo\/image\/","url":"https:\/\/youtube-thumbnail-download.org\/wp-content\/uploads\/2025\/05\/youtube.png","contentUrl":"https:\/\/youtube-thumbnail-download.org\/wp-content\/uploads\/2025\/05\/youtube.png","width":350,"height":70,"caption":"YouTube Thumbnail Downloader"},"image":{"@id":"https:\/\/youtube-thumbnail-download.org\/#\/schema\/logo\/image\/"}}]}},"_links":{"self":[{"href":"https:\/\/youtube-thumbnail-download.org\/es\/wp-json\/wp\/v2\/pages\/612","targetHints":{"allow":["GET"]}}],"collection":[{"href":"https:\/\/youtube-thumbnail-download.org\/es\/wp-json\/wp\/v2\/pages"}],"about":[{"href":"https:\/\/youtube-thumbnail-download.org\/es\/wp-json\/wp\/v2\/types\/page"}],"author":[{"embeddable":true,"href":"https:\/\/youtube-thumbnail-download.org\/es\/wp-json\/wp\/v2\/users\/1"}],"replies":[{"embeddable":true,"href":"https:\/\/youtube-thumbnail-download.org\/es\/wp-json\/wp\/v2\/comments?post=612"}],"version-history":[{"count":5,"href":"https:\/\/youtube-thumbnail-download.org\/es\/wp-json\/wp\/v2\/pages\/612\/revisions"}],"predecessor-version":[{"id":620,"href":"https:\/\/youtube-thumbnail-download.org\/es\/wp-json\/wp\/v2\/pages\/612\/revisions\/620"}],"wp:attachment":[{"href":"https:\/\/youtube-thumbnail-download.org\/es\/wp-json\/wp\/v2\/media?parent=612"}],"curies":[{"name":"wp","href":"https:\/\/api.w.org\/{rel}","templated":true}]}}