{"id":552,"date":"2025-03-30T20:31:00","date_gmt":"2025-03-30T20:31:00","guid":{"rendered":"https:\/\/youtube-thumbnail-download.org\/?page_id=552"},"modified":"2025-03-30T20:31:01","modified_gmt":"2025-03-30T20:31:01","slug":"about-us","status":"publish","type":"page","link":"https:\/\/youtube-thumbnail-download.org\/fr\/about-us\/","title":{"rendered":"\u00c0 Propos De Nous"},"content":{"rendered":"<p>Bonjour, je suis votre h\u00f4te de YouTube SEO Tools - votre meilleure ressource pour les outils de r\u00e9f\u00e9rencement sur YouTube ! Nous sommes conscients des difficult\u00e9s rencontr\u00e9es par les cr\u00e9ateurs qui tentent de contextualiser leurs vid\u00e9os dans l'oc\u00e9an mondial qu'est YouTube. C'est pourquoi nous avons cr\u00e9\u00e9 une suite d'outils de r\u00e9f\u00e9rencement YouTube complets destin\u00e9s \u00e0 vous fournir les informations et les strat\u00e9gies dont vous avez besoin pour rendre vos vid\u00e9os plus faciles \u00e0 d\u00e9couvrir et plus attrayantes.<\/p>\n\n\n\n<h2 class=\"wp-block-heading\"><strong>Notre mission<\/strong><\/h2>\n\n\n\n<p>Notre objectif est de rendre les meilleurs outils de r\u00e9f\u00e9rencement YouTube accessibles \u00e0 tous. Chaque cr\u00e9ateur, quelle que soit l'ampleur de son activit\u00e9 ou la taille de son budget, devrait avoir les m\u00eames chances de r\u00e9ussir. Nous offrons vraiment nos outils gratuitement comme un niveleur pour que les r\u00eaves puissent devenir r\u00e9alit\u00e9 ; je parle de vous, les cr\u00e9ateurs.<\/p>\n\n\n\n<h2 class=\"wp-block-heading\"><strong>Nos outils<\/strong><\/h2>\n\n\n\n<p>Outils de r\u00e9f\u00e9rencement YouTube - Nos outils vid\u00e9o ont \u00e9t\u00e9 d\u00e9velopp\u00e9s en tenant compte des derniers algorithmes et des meilleures pratiques. Si vous voulez savoir comment vous pouvez vous classer dans les recherches sur YouTube, tous ces outils vous donnent des informations tangibles sur le titre, la description, les balises ou la vignette de la vid\u00e9o qui peuvent vous aider \u00e0 augmenter la d\u00e9couvrabilit\u00e9 de votre vid\u00e9o. De la recherche de mots-cl\u00e9s \u00e0 l'analyse des performances, nous avons tout ce qu'il vous faut !<\/p>\n\n\n\n<h2 class=\"wp-block-heading\"><strong>Notre \u00e9quipe<\/strong><\/h2>\n\n\n\n<p>Les outils de r\u00e9f\u00e9rencement YouTube sont, en coulisses, le fruit du travail d'une \u00e9quipe de d\u00e9veloppeurs, de sp\u00e9cialistes du r\u00e9f\u00e9rencement et de YouTubeurs de contenu qui se sont r\u00e9guli\u00e8rement battus avec YouTube. Nous travaillons dur, en nous basant sur vos commentaires et sur le terrain en constante \u00e9volution de YouTube, pour am\u00e9liorer continuellement nos outils.<\/p>\n\n\n\n<h2 class=\"wp-block-heading\"><strong>Rejoignez-nous<\/strong><\/h2>\n\n\n\n<p>Heureux de vous compter parmi nous ! Des outils gratuits de r\u00e9f\u00e9rencement sur YouTube pour vous aider dans votre parcours, que ce soit en tant que cr\u00e9ateur gratuit ou professionnel... Construisons ensemble un YouTube r\u00e9ussi !<\/p>\n\n\n\n<p>Akshay<\/p>\n\n\n\n<p>Vous pouvez nous contacter \u00e0 partir de la page de contact en cliquant sur le lien du menu.<\/p>","protected":false},"excerpt":{"rendered":"<p>Bonjour, je suis votre h\u00f4te de YouTube SEO Tools - votre meilleure ressource pour les outils de r\u00e9f\u00e9rencement sur YouTube ! Nous entendons les luttes de ... <\/p>\n<p class=\"read-more-container\"><a title=\"\u00c0 Propos De Nous\" class=\"read-more button\" href=\"https:\/\/youtube-thumbnail-download.org\/fr\/about-us\/#more-552\" aria-label=\"En savoir plus sur A propos de nous\">En savoir plus<\/a><\/p>","protected":false},"author":1,"featured_media":0,"parent":0,"menu_order":0,"comment_status":"closed","ping_status":"closed","template":"","meta":{"footnotes":""},"class_list":["post-552","page","type-page","status-publish"],"yoast_head":"<!-- This site is optimized with the Yoast SEO plugin v27.0 - https:\/\/yoast.com\/product\/yoast-seo-wordpress\/ -->\n<title>About Us - YouTube Thumbnail Downloader<\/title>\n<meta name=\"robots\" content=\"index, follow, max-snippet:-1, max-image-preview:large, max-video-preview:-1\" \/>\n<link rel=\"canonical\" href=\"https:\/\/youtube-thumbnail-download.org\/fr\/about-us\/\" \/>\n<meta property=\"og:locale\" content=\"fr_FR\" \/>\n<meta property=\"og:type\" content=\"article\" \/>\n<meta property=\"og:title\" content=\"About Us - YouTube Thumbnail Downloader\" \/>\n<meta property=\"og:description\" content=\"Hello, I am your host from YouTube SEO Tools\u2014your best resource for YouTube SEO tools! We hear the struggles of ... Read more\" \/>\n<meta property=\"og:url\" content=\"https:\/\/youtube-thumbnail-download.org\/fr\/about-us\/\" \/>\n<meta property=\"og:site_name\" content=\"YouTube Thumbnail Downloader\" \/>\n<meta property=\"article:modified_time\" content=\"2025-03-30T20:31:01+00:00\" \/>\n<meta name=\"twitter:card\" content=\"summary_large_image\" \/>\n<meta name=\"twitter:label1\" content=\"Dur\u00e9e de lecture estim\u00e9e\" \/>\n\t<meta name=\"twitter:data1\" content=\"1 minute\" \/>\n<script type=\"application\/ld+json\" class=\"yoast-schema-graph\">{\"@context\":\"https:\/\/schema.org\",\"@graph\":[{\"@type\":\"WebPage\",\"@id\":\"https:\/\/youtube-thumbnail-download.org\/about-us\/\",\"url\":\"https:\/\/youtube-thumbnail-download.org\/about-us\/\",\"name\":\"About Us - YouTube Thumbnail Downloader\",\"isPartOf\":{\"@id\":\"https:\/\/youtube-thumbnail-download.org\/#website\"},\"datePublished\":\"2025-03-30T20:31:00+00:00\",\"dateModified\":\"2025-03-30T20:31:01+00:00\",\"breadcrumb\":{\"@id\":\"https:\/\/youtube-thumbnail-download.org\/about-us\/#breadcrumb\"},\"inLanguage\":\"fr-FR\",\"potentialAction\":[{\"@type\":\"ReadAction\",\"target\":[\"https:\/\/youtube-thumbnail-download.org\/about-us\/\"]}]},{\"@type\":\"BreadcrumbList\",\"@id\":\"https:\/\/youtube-thumbnail-download.org\/about-us\/#breadcrumb\",\"itemListElement\":[{\"@type\":\"ListItem\",\"position\":1,\"name\":\"Home\",\"item\":\"https:\/\/youtube-thumbnail-download.org\/\"},{\"@type\":\"ListItem\",\"position\":2,\"name\":\"About Us\"}]},{\"@type\":\"WebSite\",\"@id\":\"https:\/\/youtube-thumbnail-download.org\/#website\",\"url\":\"https:\/\/youtube-thumbnail-download.org\/\",\"name\":\"YouTube Thumbnail Downloader\",\"description\":\"\",\"publisher\":{\"@id\":\"https:\/\/youtube-thumbnail-download.org\/#organization\"},\"potentialAction\":[{\"@type\":\"SearchAction\",\"target\":{\"@type\":\"EntryPoint\",\"urlTemplate\":\"https:\/\/youtube-thumbnail-download.org\/?s={search_term_string}\"},\"query-input\":{\"@type\":\"PropertyValueSpecification\",\"valueRequired\":true,\"valueName\":\"search_term_string\"}}],\"inLanguage\":\"fr-FR\"},{\"@type\":\"Organization\",\"@id\":\"https:\/\/youtube-thumbnail-download.org\/#organization\",\"name\":\"YouTube Thumbnail Downloader\",\"url\":\"https:\/\/youtube-thumbnail-download.org\/\",\"logo\":{\"@type\":\"ImageObject\",\"inLanguage\":\"fr-FR\",\"@id\":\"https:\/\/youtube-thumbnail-download.org\/#\/schema\/logo\/image\/\",\"url\":\"https:\/\/youtube-thumbnail-download.org\/wp-content\/uploads\/2025\/05\/youtube.png\",\"contentUrl\":\"https:\/\/youtube-thumbnail-download.org\/wp-content\/uploads\/2025\/05\/youtube.png\",\"width\":350,\"height\":70,\"caption\":\"YouTube Thumbnail Downloader\"},\"image\":{\"@id\":\"https:\/\/youtube-thumbnail-download.org\/#\/schema\/logo\/image\/\"}}]}<\/script>\n<!-- \/ Yoast SEO plugin. -->","yoast_head_json":{"title":"About Us - YouTube Thumbnail Downloader","robots":{"index":"index","follow":"follow","max-snippet":"max-snippet:-1","max-image-preview":"max-image-preview:large","max-video-preview":"max-video-preview:-1"},"canonical":"https:\/\/youtube-thumbnail-download.org\/fr\/about-us\/","og_locale":"fr_FR","og_type":"article","og_title":"About Us - YouTube Thumbnail Downloader","og_description":"Hello, I am your host from YouTube SEO Tools\u2014your best resource for YouTube SEO tools! We hear the struggles of ... Read more","og_url":"https:\/\/youtube-thumbnail-download.org\/fr\/about-us\/","og_site_name":"YouTube Thumbnail Downloader","article_modified_time":"2025-03-30T20:31:01+00:00","twitter_card":"summary_large_image","twitter_misc":{"Dur\u00e9e de lecture estim\u00e9e":"1 minute"},"schema":{"@context":"https:\/\/schema.org","@graph":[{"@type":"WebPage","@id":"https:\/\/youtube-thumbnail-download.org\/about-us\/","url":"https:\/\/youtube-thumbnail-download.org\/about-us\/","name":"About Us - YouTube Thumbnail Downloader","isPartOf":{"@id":"https:\/\/youtube-thumbnail-download.org\/#website"},"datePublished":"2025-03-30T20:31:00+00:00","dateModified":"2025-03-30T20:31:01+00:00","breadcrumb":{"@id":"https:\/\/youtube-thumbnail-download.org\/about-us\/#breadcrumb"},"inLanguage":"fr-FR","potentialAction":[{"@type":"ReadAction","target":["https:\/\/youtube-thumbnail-download.org\/about-us\/"]}]},{"@type":"BreadcrumbList","@id":"https:\/\/youtube-thumbnail-download.org\/about-us\/#breadcrumb","itemListElement":[{"@type":"ListItem","position":1,"name":"Home","item":"https:\/\/youtube-thumbnail-download.org\/"},{"@type":"ListItem","position":2,"name":"About Us"}]},{"@type":"WebSite","@id":"https:\/\/youtube-thumbnail-download.org\/#website","url":"https:\/\/youtube-thumbnail-download.org\/","name":"Vignette De YouTube Downloader","description":"","publisher":{"@id":"https:\/\/youtube-thumbnail-download.org\/#organization"},"potentialAction":[{"@type":"SearchAction","target":{"@type":"EntryPoint","urlTemplate":"https:\/\/youtube-thumbnail-download.org\/?s={search_term_string}"},"query-input":{"@type":"PropertyValueSpecification","valueRequired":true,"valueName":"search_term_string"}}],"inLanguage":"fr-FR"},{"@type":"Organization","@id":"https:\/\/youtube-thumbnail-download.org\/#organization","name":"Vignette De YouTube Downloader","url":"https:\/\/youtube-thumbnail-download.org\/","logo":{"@type":"ImageObject","inLanguage":"fr-FR","@id":"https:\/\/youtube-thumbnail-download.org\/#\/schema\/logo\/image\/","url":"https:\/\/youtube-thumbnail-download.org\/wp-content\/uploads\/2025\/05\/youtube.png","contentUrl":"https:\/\/youtube-thumbnail-download.org\/wp-content\/uploads\/2025\/05\/youtube.png","width":350,"height":70,"caption":"YouTube Thumbnail Downloader"},"image":{"@id":"https:\/\/youtube-thumbnail-download.org\/#\/schema\/logo\/image\/"}}]}},"_links":{"self":[{"href":"https:\/\/youtube-thumbnail-download.org\/fr\/wp-json\/wp\/v2\/pages\/552","targetHints":{"allow":["GET"]}}],"collection":[{"href":"https:\/\/youtube-thumbnail-download.org\/fr\/wp-json\/wp\/v2\/pages"}],"about":[{"href":"https:\/\/youtube-thumbnail-download.org\/fr\/wp-json\/wp\/v2\/types\/page"}],"author":[{"embeddable":true,"href":"https:\/\/youtube-thumbnail-download.org\/fr\/wp-json\/wp\/v2\/users\/1"}],"replies":[{"embeddable":true,"href":"https:\/\/youtube-thumbnail-download.org\/fr\/wp-json\/wp\/v2\/comments?post=552"}],"version-history":[{"count":1,"href":"https:\/\/youtube-thumbnail-download.org\/fr\/wp-json\/wp\/v2\/pages\/552\/revisions"}],"predecessor-version":[{"id":553,"href":"https:\/\/youtube-thumbnail-download.org\/fr\/wp-json\/wp\/v2\/pages\/552\/revisions\/553"}],"wp:attachment":[{"href":"https:\/\/youtube-thumbnail-download.org\/fr\/wp-json\/wp\/v2\/media?parent=552"}],"curies":[{"name":"wp","href":"https:\/\/api.w.org\/{rel}","templated":true}]}}