{"id":561,"date":"2025-03-30T20:45:14","date_gmt":"2025-03-30T20:45:14","guid":{"rendered":"https:\/\/youtube-thumbnail-download.org\/?page_id=561"},"modified":"2025-05-28T18:18:57","modified_gmt":"2025-05-28T18:18:57","slug":"terms-conditions","status":"publish","type":"page","link":"https:\/\/youtube-thumbnail-download.org\/fr\/terms-conditions\/","title":{"rendered":"Conditions g\u00e9n\u00e9rales d'utilisation"},"content":{"rendered":"<h2 class=\"wp-block-heading\">Conditions g\u00e9n\u00e9rales d'utilisation<\/h2>\n\n\n\n<p>Derni\u00e8re mise \u00e0 jour : 30 mars 2025<\/p>\n\n\n\n<p>Veuillez lire attentivement ces conditions avant d'utiliser notre service.<\/p>\n\n\n\n<h2 class=\"wp-block-heading\">Interpr\u00e9tation et d\u00e9finitions<\/h2>\n\n\n\n<h3 class=\"wp-block-heading\">Interpr\u00e9tation<\/h3>\n\n\n\n<p>Les mots dont la lettre initiale est en majuscule ont des significations d\u00e9finies dans les conditions suivantes. Les d\u00e9finitions suivantes ont la m\u00eame signification, qu'elles apparaissent au singulier ou au pluriel.<\/p>\n\n\n\n<h3 class=\"wp-block-heading\">D\u00e9finitions<\/h3>\n\n\n\n<p>Aux fins des pr\u00e9sentes conditions g\u00e9n\u00e9rales :<\/p>\n\n\n\n<ul class=\"wp-block-list\">\n<li><strong>Affiliation<\/strong>\u00a0d\u00e9signe une entit\u00e9 qui contr\u00f4le, est contr\u00f4l\u00e9e par ou est sous contr\u00f4le commun avec une partie, le terme \"contr\u00f4le\" d\u00e9signant la propri\u00e9t\u00e9 d'au moins 50% des actions, participations ou autres titres donnant droit \u00e0 un vote pour l'\u00e9lection des administrateurs ou d'autres responsables de la gestion.<\/li>\n\n\n\n<li><strong>Pays<\/strong>\u00a0se r\u00e9f\u00e8re \u00e0 : Texas, \u00c9tats-Unis<\/li>\n\n\n\n<li><strong>Entreprise<\/strong>\u00a0(d\u00e9sign\u00e9e par les termes \" la soci\u00e9t\u00e9 \", \" nous \", \" notre \" ou \" nos \" dans le pr\u00e9sent accord) se r\u00e9f\u00e8re \u00e0 youtube thumbnails download.<\/li>\n\n\n\n<li><strong>Dispositif<\/strong>\u00a0d\u00e9signe tout appareil pouvant acc\u00e9der au Service, tel qu'un ordinateur, un t\u00e9l\u00e9phone portable ou une tablette num\u00e9rique.<\/li>\n\n\n\n<li><strong>Service<\/strong>\u00a0fait r\u00e9f\u00e9rence au site web.<\/li>\n\n\n\n<li><strong>Conditions g\u00e9n\u00e9rales d'utilisation<\/strong>\u00a0(\u00e9galement appel\u00e9es \"Conditions\"), les pr\u00e9sentes conditions g\u00e9n\u00e9rales qui constituent l'int\u00e9gralit\u00e9 de l'accord entre vous et la soci\u00e9t\u00e9 concernant l'utilisation du service. <\/li>\n\n\n\n<li><strong>Service de m\u00e9dias sociaux tiers<\/strong>\u00a0d\u00e9signe tout service ou contenu (y compris les donn\u00e9es, informations, produits ou services) fourni par un tiers qui peut \u00eatre affich\u00e9, inclus ou mis \u00e0 disposition par le service.<\/li>\n\n\n\n<li><strong>Site web<\/strong>\u00a0renvoie au t\u00e9l\u00e9chargement des vignettes de YouTube, accessible \u00e0 partir de\u00a0<a href=\"https:\/\/youtube-thumbnail-download.org\/fr\/\" target=\"_blank\" rel=\"noreferrer noopener\">https:\/\/youtube-thumbnail-download.org\/<\/a><\/li>\n\n\n\n<li><strong>Vous<\/strong>\u00a0d\u00e9signe la personne qui acc\u00e8de au service ou l'utilise, ou la soci\u00e9t\u00e9 ou autre entit\u00e9 juridique au nom de laquelle cette personne acc\u00e8de au service ou l'utilise, selon le cas.<\/li>\n<\/ul>\n\n\n\n<h2 class=\"wp-block-heading\">Remerciements<\/h2>\n\n\n\n<p>Les pr\u00e9sentes conditions g\u00e9n\u00e9rales r\u00e9gissent l'utilisation de ce service et constituent l'accord entre vous et la soci\u00e9t\u00e9. Ces conditions d\u00e9finissent les droits et obligations de tous les utilisateurs en ce qui concerne l'utilisation du service.<\/p>\n\n\n\n<p>Votre acc\u00e8s au service et son utilisation sont subordonn\u00e9s \u00e0 votre acceptation et au respect des pr\u00e9sentes conditions g\u00e9n\u00e9rales. Ces conditions s'appliquent \u00e0 tous les visiteurs, utilisateurs et autres personnes qui acc\u00e8dent au service ou l'utilisent.<\/p>\n\n\n\n<p>En acc\u00e9dant au service ou en l'utilisant, vous acceptez d'\u00eatre li\u00e9 par les pr\u00e9sentes conditions g\u00e9n\u00e9rales. Si vous n'\u00eates pas d'accord avec une partie de ces conditions, vous ne pouvez pas acc\u00e9der au service.<\/p>\n\n\n\n<p>Vous d\u00e9clarez \u00eatre \u00e2g\u00e9 de plus de 18 ans. La soci\u00e9t\u00e9 n'autorise pas les personnes de moins de 18 ans \u00e0 utiliser le service.<\/p>\n\n\n\n<p>Votre acc\u00e8s et votre utilisation du Service sont \u00e9galement conditionn\u00e9s par votre acceptation et votre respect de la Politique de confidentialit\u00e9 de la Soci\u00e9t\u00e9. Notre politique de confidentialit\u00e9 d\u00e9crit nos politiques et proc\u00e9dures en mati\u00e8re de collecte, d'utilisation et de divulgation de vos informations personnelles lorsque vous utilisez l'application ou le site Web et vous informe de vos droits en mati\u00e8re de confidentialit\u00e9 et de la mani\u00e8re dont la loi vous prot\u00e8ge. Veuillez lire attentivement notre politique de confidentialit\u00e9 avant d'utiliser notre service.<\/p>\n\n\n\n<h2 class=\"wp-block-heading\">Liens vers d'autres sites web<\/h2>\n\n\n\n<p>Notre service peut contenir des liens vers des sites web ou des services de tiers qui ne sont pas d\u00e9tenus ou contr\u00f4l\u00e9s par la soci\u00e9t\u00e9.<\/p>\n\n\n\n<p>La soci\u00e9t\u00e9 n'a aucun contr\u00f4le sur le contenu, les politiques de confidentialit\u00e9 ou les pratiques des sites web ou services de tiers et n'assume aucune responsabilit\u00e9 \u00e0 cet \u00e9gard. Vous reconnaissez et acceptez en outre que la Soci\u00e9t\u00e9 ne peut \u00eatre tenue responsable, directement ou indirectement, de tout dommage ou perte caus\u00e9 ou suppos\u00e9 caus\u00e9 par ou en rapport avec l'utilisation ou la confiance accord\u00e9e \u00e0 tout contenu, bien ou service disponible sur ou par l'interm\u00e9diaire de ces sites web ou services.<\/p>\n\n\n\n<p>Nous vous conseillons vivement de lire les conditions g\u00e9n\u00e9rales et les politiques de confidentialit\u00e9 de tous les sites web ou services tiers que vous visitez.<\/p>\n\n\n\n<h2 class=\"wp-block-heading\">Cessation d'activit\u00e9<\/h2>\n\n\n\n<p>Nous pouvons r\u00e9silier ou suspendre votre acc\u00e8s imm\u00e9diatement, sans pr\u00e9avis ni responsabilit\u00e9, pour quelque raison que ce soit, y compris, mais sans s'y limiter, si vous enfreignez les pr\u00e9sentes conditions g\u00e9n\u00e9rales.<\/p>\n\n\n\n<p>En cas de r\u00e9siliation, votre droit d'utiliser le service cessera imm\u00e9diatement.<\/p>\n\n\n\n<h2 class=\"wp-block-heading\">Limitation de la responsabilit\u00e9<\/h2>\n\n\n\n<p>Nonobstant tout dommage que vous pourriez subir, l'enti\u00e8re responsabilit\u00e9 de la Soci\u00e9t\u00e9 et de ses fournisseurs en vertu de toute disposition des pr\u00e9sentes conditions et votre recours exclusif pour tout ce qui pr\u00e9c\u00e8de seront limit\u00e9s au montant effectivement pay\u00e9 par vous par l'interm\u00e9diaire du service ou \u00e0 100 USD si vous n'avez rien achet\u00e9 par l'interm\u00e9diaire du service.<\/p>\n\n\n\n<p>Dans toute la mesure permise par la loi applicable, la Soci\u00e9t\u00e9 ou ses fournisseurs ne peuvent en aucun cas \u00eatre tenus responsables des dommages sp\u00e9ciaux, accessoires, indirects ou cons\u00e9cutifs quels qu'ils soient (y compris, mais sans s'y limiter, les dommages pour perte de b\u00e9n\u00e9fices, perte de donn\u00e9es ou d'autres informations, pour interruption d'activit\u00e9, pour pr\u00e9judice corporel, etc, la perte de vie priv\u00e9e r\u00e9sultant de l'utilisation ou de l'incapacit\u00e9 d'utiliser le service, les logiciels de tiers et\/ou le mat\u00e9riel de tiers utilis\u00e9s avec le service, ou en rapport avec toute disposition des pr\u00e9sentes conditions), m\u00eame si la soci\u00e9t\u00e9 ou un fournisseur a \u00e9t\u00e9 inform\u00e9 de la possibilit\u00e9 de tels dommages et m\u00eame si le rem\u00e8de n'atteint pas son objectif essentiel.<\/p>\n\n\n\n<p>Certains \u00c9tats n'autorisent pas l'exclusion des garanties implicites ou la limitation de la responsabilit\u00e9 pour les dommages accessoires ou indirects, ce qui signifie que certaines des limitations ci-dessus peuvent ne pas s'appliquer. Dans ces \u00c9tats, la responsabilit\u00e9 de chaque partie sera limit\u00e9e dans toute la mesure permise par la loi.<\/p>\n\n\n\n<h2 class=\"wp-block-heading\">Clause de non-responsabilit\u00e9 \"TELS QUELS\" et \"TELS QUE DISPONIBLES\".<\/h2>\n\n\n\n<p>Le service vous est fourni \"TEL QUEL\" et \"TEL QUE DISPONIBLE\", avec tous les d\u00e9fauts et toutes les d\u00e9ficiences, sans garantie d'aucune sorte. Dans toute la mesure permise par le droit applicable, la Soci\u00e9t\u00e9, en son nom propre et au nom de ses soci\u00e9t\u00e9s affili\u00e9es et de ses conc\u00e9dants de licence et fournisseurs de services respectifs, d\u00e9cline express\u00e9ment toute garantie, expresse, implicite, l\u00e9gale ou autre, concernant le Service, y compris toute garantie implicite de qualit\u00e9 marchande, d'ad\u00e9quation \u00e0 un usage particulier, de titre et d'absence de contrefa\u00e7on, ainsi que les garanties pouvant r\u00e9sulter de la conduite habituelle, des performances, de l'usage ou de la pratique commerciale. Sans pr\u00e9judice de ce qui pr\u00e9c\u00e8de, la Soci\u00e9t\u00e9 ne fournit aucune garantie, ne prend aucun engagement et ne fait aucune d\u00e9claration de quelque nature que ce soit quant au fait que le Service r\u00e9pondra \u00e0 vos exigences, atteindra les r\u00e9sultats escompt\u00e9s, sera compatible ou fonctionnera avec tout autre logiciel, application, syst\u00e8me ou service, fonctionnera sans interruption, r\u00e9pondra \u00e0 toute norme de performance ou de fiabilit\u00e9 ou sera exempt d'erreur, ou que toute erreur ou tout d\u00e9faut peut \u00eatre ou sera corrig\u00e9.<\/p>\n\n\n\n<p>Sans limiter la port\u00e9e de ce qui pr\u00e9c\u00e8de, ni la soci\u00e9t\u00e9 ni aucun de ses fournisseurs ne font de d\u00e9claration ou ne donnent de garantie de quelque nature que ce soit, expresse ou implicite : (i) quant au fonctionnement ou \u00e0 la disponibilit\u00e9 du service, ou des informations, du contenu et des mat\u00e9riaux ou produits qui y sont inclus ; (ii) quant au fait que le service sera ininterrompu ou exempt d'erreurs ; (iii) quant \u00e0 l'exactitude, la fiabilit\u00e9 ou l'actualit\u00e9 de toute information ou de tout contenu fourni par l'interm\u00e9diaire du service ; ou (iv) quant au fait que le service, ses serveurs, le contenu ou les courriers \u00e9lectroniques envoy\u00e9s par la soci\u00e9t\u00e9 ou en son nom sont exempts de virus, de scripts, de chevaux de Troie, de vers, de logiciels malveillants, de bombes \u00e0 retardement ou d'autres composants nocifs.<\/p>\n\n\n\n<p>Certaines juridictions n'autorisent pas l'exclusion de certains types de garanties ou la limitation des droits statutaires applicables \u00e0 un consommateur, de sorte que tout ou partie des exclusions et limitations susmentionn\u00e9es peuvent ne pas s'appliquer \u00e0 vous. Mais dans ce cas, les exclusions et limitations \u00e9nonc\u00e9es dans la pr\u00e9sente section seront appliqu\u00e9es dans la mesure la plus large possible en vertu de la loi applicable.<\/p>\n\n\n\n<h2 class=\"wp-block-heading\">Droit applicable<\/h2>\n\n\n\n<p>Les lois du pays, \u00e0 l'exclusion des r\u00e8gles de conflit de lois, r\u00e9gissent les pr\u00e9sentes conditions et votre utilisation du service. Votre utilisation de l'application peut \u00e9galement \u00eatre soumise \u00e0 d'autres lois locales, r\u00e9gionales, nationales ou internationales.<\/p>\n\n\n\n<h2 class=\"wp-block-heading\">R\u00e9solution des litiges<\/h2>\n\n\n\n<p>En cas de probl\u00e8me ou de litige concernant le Service, vous acceptez de tenter d'abord de r\u00e9soudre le litige de mani\u00e8re informelle en contactant la Soci\u00e9t\u00e9.<\/p>\n\n\n\n<h2 class=\"wp-block-heading\">For European Union (EU) Users<\/h2>\n\n\n\n<p>If You are a European Union consumer, you will benefit from any mandatory provisions of the law of the country in which You are resident.<\/p>\n\n\n\n<h2 class=\"wp-block-heading\">United States Legal Compliance<\/h2>\n\n\n\n<p>You represent and warrant that (i) You are not located in a country that is subject to the United States government embargo, or that has been designated by the United States government as a &#8220;terrorist supporting&#8221; country, and (ii) You are not listed on any United States government list of prohibited or restricted parties.<\/p>\n\n\n\n<h2 class=\"wp-block-heading\">Severability and Waiver<\/h2>\n\n\n\n<h3 class=\"wp-block-heading\">Severability<\/h3>\n\n\n\n<p>If any provision of these Terms is held to be unenforceable or invalid, such provision will be changed and interpreted to accomplish the objectives of such provision to the greatest extent possible under applicable law and the remaining provisions will continue in full force and effect.<\/p>\n\n\n\n<h3 class=\"wp-block-heading\">Waiver<\/h3>\n\n\n\n<p>Except as provided herein, the failure to exercise a right or to require performance of an obligation under these Terms shall not affect a party&#8217;s ability to exercise such right or require such performance at any time thereafter nor shall the waiver of a breach constitute a waiver of any subsequent breach.<\/p>\n\n\n\n<h2 class=\"wp-block-heading\">Translation Interpretation<\/h2>\n\n\n\n<p>These Terms and Conditions may have been translated if We have made them available to You on our Service. You agree that the original English text shall prevail in the case of a dispute.<\/p>\n\n\n\n<h2 class=\"wp-block-heading\">Changes to These Terms and Conditions<\/h2>\n\n\n\n<p>We reserve the right, at Our sole discretion, to modify or replace these Terms at any time. If a revision is material We will make reasonable efforts to provide at least 30 days&#8217; notice prior to any new terms taking effect. What constitutes a material change will be determined at Our sole discretion.<\/p>\n\n\n\n<p>By continuing to access or use Our Service after those revisions become effective, You agree to be bound by the revised terms. If You do not agree to the new terms, in whole or in part, please stop using the website and the Service.<\/p>\n\n\n\n<h2 class=\"wp-block-heading\">Contactez-Nous<\/h2>\n\n\n\n<p>If you have any questions about these Terms and Conditions, You can contact us:<\/p>\n\n\n\n<ul class=\"wp-block-list\">\n<li>By visiting this page on our website:\u00a0<a href=\"https:\/\/youtube-thumbnail-download.org\/fr\/contact-us\/\" target=\"_blank\" rel=\"noreferrer noopener\">https:\/\/youtube-thumbnail-download.org\/contact-us\/<\/a><\/li>\n<\/ul>","protected":false},"excerpt":{"rendered":"<p>Conditions g\u00e9n\u00e9rales Derni\u00e8re mise \u00e0 jour : 30 mars 2025 Veuillez lire attentivement les pr\u00e9sentes conditions g\u00e9n\u00e9rales avant d'utiliser notre service. Interpr\u00e9tation ... <\/p>\n<p class=\"read-more-container\"><a title=\"Conditions g\u00e9n\u00e9rales d&#039;utilisation\" class=\"read-more button\" href=\"https:\/\/youtube-thumbnail-download.org\/fr\/terms-conditions\/#more-561\" aria-label=\"En savoir plus sur Conditions g\u00e9n\u00e9rales\">En savoir plus<\/a><\/p>","protected":false},"author":1,"featured_media":0,"parent":0,"menu_order":0,"comment_status":"closed","ping_status":"closed","template":"","meta":{"footnotes":""},"class_list":["post-561","page","type-page","status-publish"],"yoast_head":"<!-- This site is optimized with the Yoast SEO plugin v27.0 - https:\/\/yoast.com\/product\/yoast-seo-wordpress\/ -->\n<title>Terms &amp; Conditions - YouTube Thumbnail Downloader<\/title>\n<meta name=\"robots\" content=\"noindex, follow\" \/>\n<meta property=\"og:locale\" content=\"fr_FR\" \/>\n<meta property=\"og:type\" content=\"article\" \/>\n<meta property=\"og:title\" content=\"Terms &amp; Conditions - YouTube Thumbnail Downloader\" \/>\n<meta property=\"og:description\" content=\"Terms and Conditions Last updated: March 30, 2025 Please read these terms and conditions carefully before using Our Service. Interpretation ... Read more\" \/>\n<meta property=\"og:url\" content=\"https:\/\/youtube-thumbnail-download.org\/fr\/terms-conditions\/\" \/>\n<meta property=\"og:site_name\" content=\"YouTube Thumbnail Downloader\" \/>\n<meta property=\"article:modified_time\" content=\"2025-05-28T18:18:57+00:00\" \/>\n<meta name=\"twitter:card\" content=\"summary_large_image\" \/>\n<meta name=\"twitter:label1\" content=\"Dur\u00e9e de lecture estim\u00e9e\" \/>\n\t<meta name=\"twitter:data1\" content=\"8 minutes\" \/>\n<script type=\"application\/ld+json\" class=\"yoast-schema-graph\">{\"@context\":\"https:\/\/schema.org\",\"@graph\":[{\"@type\":\"WebPage\",\"@id\":\"https:\/\/youtube-thumbnail-download.org\/terms-conditions\/\",\"url\":\"https:\/\/youtube-thumbnail-download.org\/terms-conditions\/\",\"name\":\"Terms &amp; Conditions - YouTube Thumbnail Downloader\",\"isPartOf\":{\"@id\":\"https:\/\/youtube-thumbnail-download.org\/#website\"},\"datePublished\":\"2025-03-30T20:45:14+00:00\",\"dateModified\":\"2025-05-28T18:18:57+00:00\",\"breadcrumb\":{\"@id\":\"https:\/\/youtube-thumbnail-download.org\/terms-conditions\/#breadcrumb\"},\"inLanguage\":\"fr-FR\",\"potentialAction\":[{\"@type\":\"ReadAction\",\"target\":[\"https:\/\/youtube-thumbnail-download.org\/terms-conditions\/\"]}]},{\"@type\":\"BreadcrumbList\",\"@id\":\"https:\/\/youtube-thumbnail-download.org\/terms-conditions\/#breadcrumb\",\"itemListElement\":[{\"@type\":\"ListItem\",\"position\":1,\"name\":\"Home\",\"item\":\"https:\/\/youtube-thumbnail-download.org\/\"},{\"@type\":\"ListItem\",\"position\":2,\"name\":\"Terms &amp; Conditions\"}]},{\"@type\":\"WebSite\",\"@id\":\"https:\/\/youtube-thumbnail-download.org\/#website\",\"url\":\"https:\/\/youtube-thumbnail-download.org\/\",\"name\":\"YouTube Thumbnail Downloader\",\"description\":\"\",\"publisher\":{\"@id\":\"https:\/\/youtube-thumbnail-download.org\/#organization\"},\"potentialAction\":[{\"@type\":\"SearchAction\",\"target\":{\"@type\":\"EntryPoint\",\"urlTemplate\":\"https:\/\/youtube-thumbnail-download.org\/?s={search_term_string}\"},\"query-input\":{\"@type\":\"PropertyValueSpecification\",\"valueRequired\":true,\"valueName\":\"search_term_string\"}}],\"inLanguage\":\"fr-FR\"},{\"@type\":\"Organization\",\"@id\":\"https:\/\/youtube-thumbnail-download.org\/#organization\",\"name\":\"YouTube Thumbnail Downloader\",\"url\":\"https:\/\/youtube-thumbnail-download.org\/\",\"logo\":{\"@type\":\"ImageObject\",\"inLanguage\":\"fr-FR\",\"@id\":\"https:\/\/youtube-thumbnail-download.org\/#\/schema\/logo\/image\/\",\"url\":\"https:\/\/youtube-thumbnail-download.org\/wp-content\/uploads\/2025\/05\/youtube.png\",\"contentUrl\":\"https:\/\/youtube-thumbnail-download.org\/wp-content\/uploads\/2025\/05\/youtube.png\",\"width\":350,\"height\":70,\"caption\":\"YouTube Thumbnail Downloader\"},\"image\":{\"@id\":\"https:\/\/youtube-thumbnail-download.org\/#\/schema\/logo\/image\/\"}}]}<\/script>\n<!-- \/ Yoast SEO plugin. -->","yoast_head_json":{"title":"Terms &amp; Conditions - YouTube Thumbnail Downloader","robots":{"index":"noindex","follow":"follow"},"og_locale":"fr_FR","og_type":"article","og_title":"Terms &amp; Conditions - YouTube Thumbnail Downloader","og_description":"Terms and Conditions Last updated: March 30, 2025 Please read these terms and conditions carefully before using Our Service. Interpretation ... Read more","og_url":"https:\/\/youtube-thumbnail-download.org\/fr\/terms-conditions\/","og_site_name":"YouTube Thumbnail Downloader","article_modified_time":"2025-05-28T18:18:57+00:00","twitter_card":"summary_large_image","twitter_misc":{"Dur\u00e9e de lecture estim\u00e9e":"8 minutes"},"schema":{"@context":"https:\/\/schema.org","@graph":[{"@type":"WebPage","@id":"https:\/\/youtube-thumbnail-download.org\/terms-conditions\/","url":"https:\/\/youtube-thumbnail-download.org\/terms-conditions\/","name":"Terms &amp; Conditions - YouTube Thumbnail Downloader","isPartOf":{"@id":"https:\/\/youtube-thumbnail-download.org\/#website"},"datePublished":"2025-03-30T20:45:14+00:00","dateModified":"2025-05-28T18:18:57+00:00","breadcrumb":{"@id":"https:\/\/youtube-thumbnail-download.org\/terms-conditions\/#breadcrumb"},"inLanguage":"fr-FR","potentialAction":[{"@type":"ReadAction","target":["https:\/\/youtube-thumbnail-download.org\/terms-conditions\/"]}]},{"@type":"BreadcrumbList","@id":"https:\/\/youtube-thumbnail-download.org\/terms-conditions\/#breadcrumb","itemListElement":[{"@type":"ListItem","position":1,"name":"Home","item":"https:\/\/youtube-thumbnail-download.org\/"},{"@type":"ListItem","position":2,"name":"Terms &amp; Conditions"}]},{"@type":"WebSite","@id":"https:\/\/youtube-thumbnail-download.org\/#website","url":"https:\/\/youtube-thumbnail-download.org\/","name":"Vignette De YouTube Downloader","description":"","publisher":{"@id":"https:\/\/youtube-thumbnail-download.org\/#organization"},"potentialAction":[{"@type":"SearchAction","target":{"@type":"EntryPoint","urlTemplate":"https:\/\/youtube-thumbnail-download.org\/?s={search_term_string}"},"query-input":{"@type":"PropertyValueSpecification","valueRequired":true,"valueName":"search_term_string"}}],"inLanguage":"fr-FR"},{"@type":"Organization","@id":"https:\/\/youtube-thumbnail-download.org\/#organization","name":"Vignette De YouTube Downloader","url":"https:\/\/youtube-thumbnail-download.org\/","logo":{"@type":"ImageObject","inLanguage":"fr-FR","@id":"https:\/\/youtube-thumbnail-download.org\/#\/schema\/logo\/image\/","url":"https:\/\/youtube-thumbnail-download.org\/wp-content\/uploads\/2025\/05\/youtube.png","contentUrl":"https:\/\/youtube-thumbnail-download.org\/wp-content\/uploads\/2025\/05\/youtube.png","width":350,"height":70,"caption":"YouTube Thumbnail Downloader"},"image":{"@id":"https:\/\/youtube-thumbnail-download.org\/#\/schema\/logo\/image\/"}}]}},"_links":{"self":[{"href":"https:\/\/youtube-thumbnail-download.org\/fr\/wp-json\/wp\/v2\/pages\/561","targetHints":{"allow":["GET"]}}],"collection":[{"href":"https:\/\/youtube-thumbnail-download.org\/fr\/wp-json\/wp\/v2\/pages"}],"about":[{"href":"https:\/\/youtube-thumbnail-download.org\/fr\/wp-json\/wp\/v2\/types\/page"}],"author":[{"embeddable":true,"href":"https:\/\/youtube-thumbnail-download.org\/fr\/wp-json\/wp\/v2\/users\/1"}],"replies":[{"embeddable":true,"href":"https:\/\/youtube-thumbnail-download.org\/fr\/wp-json\/wp\/v2\/comments?post=561"}],"version-history":[{"count":1,"href":"https:\/\/youtube-thumbnail-download.org\/fr\/wp-json\/wp\/v2\/pages\/561\/revisions"}],"predecessor-version":[{"id":562,"href":"https:\/\/youtube-thumbnail-download.org\/fr\/wp-json\/wp\/v2\/pages\/561\/revisions\/562"}],"wp:attachment":[{"href":"https:\/\/youtube-thumbnail-download.org\/fr\/wp-json\/wp\/v2\/media?parent=561"}],"curies":[{"name":"wp","href":"https:\/\/api.w.org\/{rel}","templated":true}]}}