{"id":612,"date":"2025-05-08T21:01:05","date_gmt":"2025-05-08T21:01:05","guid":{"rendered":"https:\/\/youtube-thumbnail-download.org\/?page_id=612"},"modified":"2025-05-09T06:21:56","modified_gmt":"2025-05-09T06:21:56","slug":"youtube-monetization-checker","status":"publish","type":"page","link":"https:\/\/youtube-thumbnail-download.org\/fr\/youtube-monetization-checker\/","title":{"rendered":"Youtube Mon\u00e9tisation Checker"},"content":{"rendered":"<p class=\"has-text-align-center\">\u00c9valuer instantan\u00e9ment votre \u00e9tat de chaque canal \u00e0 l&#039;aide de YouTube Mon\u00e9tisation Checker. Savoir si vous vous qualifiez pour la mon\u00e9tisation et d&#039;augmenter votre YouTube r\u00e9sultat maintenant.<\/p>\n\n\n        <div id=\"ycimc-container\">\n           \n            <form id=\"ycimc-form\" onsubmit=\"return false;\" action=\"\">\n                <input type=\"text\" name=\"ycimc_input\" id=\"ycimc-input\" placeholder=\"Entrez @poign\u00e9e de, Canal de l&#039;URL, ou le Channel ID\" required>\n                <button type=\"submit\" id=\"ycimc-submit\">V\u00e9rifier Canal<\/button>\n            <input type=\"hidden\" name=\"trp-form-language\" value=\"fr\"\/><\/form>\n            <div id=\"ycimc-loading\">\n                <div class=\"ycimc-spinner\"><\/div>\n                <p>L&#039;extraction des donn\u00e9es de canal...<\/p>\n            <\/div>\n            <div id=\"ycimc-results\"><\/div>\n        <\/div>\n\n\n\n<hr class=\"wp-block-separator has-alpha-channel-opacity\"\/>\n\n\n\n<h2 class=\"wp-block-heading\"><strong>YouTube Mon\u00e9tisation De L&#039;Outil De V\u00e9rification:<\/strong> Est Votre Canal Ready pour les Recettes?<\/h2>\n\n\n\n<p>Vous avez fait des vid\u00e9os sur YouTube depuis un certain temps, et maintenant vous voulez savoir si vous pouvez enfin faire de l&#039;argent \u00e0 partir de tout ce que la sueur? Je comprends parfaitement \u2013 j&#039;ai \u00e9t\u00e9 dans le m\u00eame bateau il y a deux ans, constamment v\u00e9rifier mon nombre d&#039;abonn\u00e9s et de regarder des heures, \u00e0 essayer de comprendre si j&#039;ai encore qualifi\u00e9s.<\/p>\n\n\n\n<p>C&#039;est la raison pour laquelle j&#039;ai d\u00e9cid\u00e9 de cr\u00e9er ce YouTube la Mon\u00e9tisation de l&#039;Outil de v\u00e9rification. C&#039;est assez simple, vraiment quelque chose que je souhaite que j&#039;ai eu quand j&#039;ai commenc\u00e9.<\/p>\n\n\n\n<h2 class=\"wp-block-heading\">Ce Que Cet Outil Ne Fait<\/h2>\n\n\n\n<p>YouTube Mon\u00e9tisation Checker est un outil qui vous permet de tester si elle est admissible \u00e0 Google Programme Partenaire YouTube. Une fois que vous savez d\u00e9j\u00e0 au niveau du mois de la cr\u00e9ation de contenu, vous devriez avoir 1000 abonn\u00e9s et 4 000 heures de regarder dans votre canal cumulative pour les 12 derniers mois pour obtenir la mon\u00e9tisation sur YouTube.&nbsp;&nbsp;<\/p>\n\n\n\n<p>Mais attendez \u2013 qui est en r\u00e9alit\u00e9 pas tout \u00e0 fait pr\u00e9cis plus. <a href=\"https:\/\/www.youtube.com\/\">YouTube<\/a> mis \u00e0 jour sa politique r\u00e9cemment. Maintenant, vous pouvez \u00e9galement vous qualifier avec plus de 1.000 abonn\u00e9s et 10 millions de Shorts de vues dans le cours des 90 derniers jours. Ce changement montre comment YouTube est l&#039;adoption du contenu abr\u00e9g\u00e9 ces jours-ci.<\/p>\n\n\n\n<h3 class=\"wp-block-heading\"><strong>Comment Utiliser la Mon\u00e9tisation YouTube Checker<\/strong><\/h3>\n\n\n\n<p>\u00c0 l&#039;aide de l&#039;outil n&#039;est pas compliqu\u00e9 du tout. Vous avez besoin de:<\/p>\n\n\n\n<ol class=\"wp-block-list\">\n<li>Entrez l&#039;URL de votre cha\u00eene ou de l&#039;ID dans l&#039;outil<\/li>\n\n\n\n<li>Laissez aller chercher vos stats (abonn\u00e9s, regarder des heures, et des Shorts vues)<\/li>\n\n\n\n<li>L&#039;outil vous montre exactement comment vous \u00eates proche de qualification<\/li>\n<\/ol>\n\n\n\n<p>Il est important de noter que cet outil utilise l&#039;API YouTube pour tirer votre public stats \u2013 il n&#039;a pas acc\u00e8s \u00e0 toutes les donn\u00e9es priv\u00e9es ou besoin de vos informations de connexion. Je suis tr\u00e8s s\u00e9rieux au sujet de la vie priv\u00e9e moi-m\u00eame, j&#039;ai donc fait s\u00fbr que c&#039;est s\u00fbr \u00e0 utiliser.<\/p>\n\n\n\n<h2 class=\"wp-block-heading\">Pourquoi J&#039;Ai Construit Ce (Et Pourquoi Vous Pourriez En Avoir Besoin)<\/h2>\n\n\n\n<p>Je me souviens rafra\u00eechissante YouTube Studio plusieurs fois par jour quand j&#039;\u00e9tais proche de frapper la mon\u00e9tisation des seuils. C&#039;\u00e9tait obsessionnel, en regardant en arri\u00e8re. YouTube n&#039;est pas toujours super clair comment vous \u00eates proche de satisfaire \u00e0 TOUTES les exigences \u00e0 la fois.<\/p>\n\n\n\n<p>Le YouTube standard tableau de bord de vos num\u00e9ros, mais n&#039;a pas vraiment vous donner la \u201cgrande image\u201d de votre mon\u00e9tisation des progr\u00e8s. Je voulais quelque chose qui me dirait tout droit jusqu&#039;: \u201cVous \u00eates 80% du chemin\u201d ou \u201cVous avez besoin de 246 plus d&#039;abonn\u00e9s et plus de 512 regarder des heures.\u201d<\/p>\n\n\n\n<h2 class=\"wp-block-heading\">Au-Del\u00e0 De La Simple V\u00e9rification De L&#039;Admissibilit\u00e9<\/h2>\n\n\n\n<p>Une fois que vous savez o\u00f9 vous vous situez, l&#039;outil fournit \u00e9galement des suggestions personnalis\u00e9es. Par exemple, si vous \u00eates sur les abonn\u00e9s, mais loin derri\u00e8re les sur regarder des heures, on peut penser en se concentrant sur plus de contenu. Ou si vous faites des grand sur les mesures traditionnelles mais qui veulent essayer le Short de route, il va vous montrer \u00e0 quel type de points de vue dont vous avez besoin.<\/p>\n\n\n\n<p>Ce qui rend ce diff\u00e9rent de la simple v\u00e9rification YouTube Studio, c&#039;est qu&#039;il vous aide \u00e9galement \u00e0 former une strat\u00e9gie, pas seulement des chiffres. Au moins, c&#039;est ce que j&#039;allais quand je l&#039;ai construit.<\/p>\n\n\n\n<h2 class=\"wp-block-heading\">Certaines Limitations D&#039;\u00catre Conscient De<\/h2>\n\n\n\n<p>Je dois mentionner que l&#039;outil n&#039;est pas parfait. Depuis qu&#039;il utilise l&#039;API publique, il peut \u00eatre parfois un l\u00e9ger retard dans les mises \u00e0 jour des stats par rapport \u00e0 ce que vous voyez dans votre YouTube Studio. Habituellement, c&#039;est juste une question d&#039;heures, mais de sorte que vous savez.<\/p>\n\n\n\n<p>Aussi, bien que l&#039;outil peut estimer regarder des heures bas\u00e9 sur des donn\u00e9es publiques, le calcul exact YouTube utilise en interne peuvent \u00eatre l\u00e9g\u00e8rement diff\u00e9rentes. Ils ont acc\u00e8s \u00e0 plus pr\u00e9cis des mesures concernant exactement combien de temps les gens de regarder chaque vid\u00e9o, tandis que les donn\u00e9es publiques est plus g\u00e9n\u00e9ralis\u00e9e.<\/p>\n\n\n\n<h2 class=\"wp-block-heading\">Lorsque Vous \u00eates Pr\u00eat \u00e0 Appliquer<\/h2>\n\n\n\n<p>Une fois l&#039;outil montre que vous avez satisfait aux exigences de l&#039;, bravo! La prochaine \u00e9tape est de l&#039;appliquer pour le Programme Partenaire YouTube par le biais de YouTube Studio. Vous aurez besoin de:<\/p>\n\n\n\n<ul class=\"wp-block-list\">\n<li>Configurer un compte AdSense si vous n&#039;en avez pas<\/li>\n\n\n\n<li>Lisez et acceptez les termes YPP<\/li>\n\n\n\n<li>D\u00e9finissez vos pr\u00e9f\u00e9rences de mon\u00e9tisation<\/li>\n\n\n\n<li>Juste attendre pour YouTube pour approuver votre cha\u00eene (cela peut parfois prendre plus d&#039;un mois, mais je l&#039;ai trouv\u00e9 beaucoup plus rapide)<\/li>\n<\/ul>\n\n\n\n<h2 class=\"wp-block-heading\">R\u00e9flexions Finales<\/h2>\n\n\n\n<p>Que se mon\u00e9tis\u00e9 est une \u00e9tape importante, pour s\u00fbr, mais je vous jure que l&#039;\u00e9tape n&#039;est que le d\u00e9but de la roller-coaster. Les habitudes et la fr\u00e9quence de vous cultiver lorsque vous essayez d&#039;aller sur les premiers seuils sont les m\u00eames que ceux qui seront vous faire \u00e0 l&#039;\u00e9chelle pass\u00e9 entre eux.<\/p>\n\n\n\n<p>Cet outil fait certainement de votre mon\u00e9tisation voyage de plus d&#039;un coup droit au lieu d&#039;une ruelle sombre. J&#039;ai besoin de plus d&#039;id\u00e9es de changement ou de quoi d&#039;autre pourrait venir dans maniable, donc si vous avez quelque chose \u00e0 partager! Je suis encore \u00e0 peaufiner, ici et l\u00e0, quand j&#039;ai le temps entre mes projets vid\u00e9o.<\/p>\n\n\n\n<p>Bonne chance avec votre canal YouTube, le grind est effroyablement r\u00e9el, mais il peut \u00eatre un total de changer les r\u00e8gles du jeu!<\/p>\n\n\n\n<div class=\"yt-monetization-faq\" itemscope itemtype=\"https:\/\/schema.org\/FAQPage\">\n  <div class=\"yt-monetization-header\">\n    <svg viewbox=\"0 0 24 24\" width=\"40\" height=\"40\">\n      <path fill=\"#FF0000\" d=\"M19.615 3.184c-3.604-.246-11.631-.245-15.23 0-3.897.266-4.356 2.62-4.385 8.816.029 6.185.484 8.549 4.385 8.816 3.6.245 11.626.246 15.23 0 3.897-.266 4.356-2.62 4.385-8.816-.029-6.185-.484-8.549-4.385-8.816zm-10.615 12.816v-8l8 3.993-8 4.007z\"><\/path>\n    <\/svg>\n    <h3>YouTube Mon\u00e9tisation V\u00e9rificateur FAQ<\/h3>\n  <\/div>\n\n  <div class=\"yt-monetization-item\" itemscope itemprop=\"mainEntity\" itemtype=\"https:\/\/schema.org\/Question\">\n    <h4 class=\"yt-monetization-question\" itemprop=\"name\">Puis-je mon\u00e9tiser mon canal encore?<\/h4>\n    <div class=\"yt-monetization-answer\" itemscope itemprop=\"acceptedAnswer\" itemtype=\"https:\/\/schema.org\/Answer\">\n      <div itemprop=\"text\">\n        <p>Notre v\u00e9rificateur examine votre nombre d&#039;abonn\u00e9s et de regarder des heures pour voir si vous frappez YouTube ses exigences. Vous avez besoin de 1 000+ sous-marins et de+ de 4000 regarder des heures dans les 12 derniers mois. \u00c9t\u00e9 en attente pour ces derniers abonn\u00e9s... C&#039;est douloureux! Mais une fois que vous avez touch\u00e9 ces chiffres, boom! Vous \u00eates pr\u00eat \u00e0 appliquer pour le Programme Partenaire YouTube.<\/p>\n      <\/div>\n    <\/div>\n  <\/div>\n\n  <div class=\"yt-monetization-item\" itemscope itemprop=\"mainEntity\" itemtype=\"https:\/\/schema.org\/Question\">\n    <h4 class=\"yt-monetization-question\" itemprop=\"name\">Pourquoi mon canal de dire \u201cnon admissibles\u201d quand j&#039;ai assez de sous-marins?<\/h4>\n    <div class=\"yt-monetization-answer\" itemscope itemprop=\"acceptedAnswer\" itemtype=\"https:\/\/schema.org\/Answer\">\n      <div itemprop=\"text\">\n        <p>Pouah, celui-ci m&#039;a rendu fou aussi! G\u00e9n\u00e9ralement, c&#039;est parce que votre montre heures ne sont pas encore l\u00e0 (YouTube compte ces diff\u00e9remment que vous ne le pensez) ou vous disposez d&#039;un droit d&#039;auteur gr\u00e8ves tra\u00eener. Aussi, YouTube prend parfois un peu de mise \u00e0 jour du syst\u00e8me \u2013 j&#039;ai v\u00e9rifi\u00e9 la mienne comme 20 fois par jour quand j&#039;\u00e9tais pr\u00e8s lol.<\/p>\n      <\/div>\n    <\/div>\n  <\/div>\n\n  <div class=\"yt-monetization-item\" itemscope itemprop=\"mainEntity\" itemtype=\"https:\/\/schema.org\/Question\">\n    <h4 class=\"yt-monetization-question\" itemprop=\"name\">Combien de temps faut-approbation apr\u00e8s que je demande?<\/h4>\n    <div class=\"yt-monetization-answer\" itemscope itemprop=\"acceptedAnswer\" itemtype=\"https:\/\/schema.org\/Answer\">\n      <div itemprop=\"text\">\n        <p>Une fois que vous frapp\u00e9 \u00e0 toutes les exigences et de soumettre votre demande, attendez-vous \u00e0 attendre de 1 \u00e0 4 semaines. Ouais, il n&#039;est pas tr\u00e8s agr\u00e9able! J&#039;ai attendu presque 3 semaines et a \u00e9t\u00e9 v\u00e9rifier mes e-mail comme un fou. YouTube examens tout manuellement pour que vous soyez \u00e0 la suite de leurs r\u00e8gles et autres joyeuset\u00e9s.<\/p>\n      <\/div>\n    <\/div>\n  <\/div>\n\n  <div class=\"yt-monetization-item\" itemscope itemprop=\"mainEntity\" itemtype=\"https:\/\/schema.org\/Question\">\n    <h4 class=\"yt-monetization-question\" itemprop=\"name\">Mes anciennes vid\u00e9os faire de l&#039;argent une fois que je suis approuv\u00e9?<\/h4>\n    <div class=\"yt-monetization-answer\" itemscope itemprop=\"acceptedAnswer\" itemtype=\"https:\/\/schema.org\/Answer\">\n      <div itemprop=\"text\">\n        <p>Nope! Ce fut une d\u00e9ception lorsque j&#039;ai d\u00e9couvert. Seules les vid\u00e9os publi\u00e9es une fois que vous \u00eates approuv\u00e9 pour la mon\u00e9tisation va faire de l&#039;argent. Tout ce que l&#039;ancien contenu? Pas les dommages caus\u00e9s par ceux-l\u00e0 (c&#039;est ce que nous avons appel\u00e9 les gains de retour dans ma journ\u00e9e, haha). Alors pr\u00e9parez-vous \u00e0 cr\u00e9er du nouveau contenu une fois que vous \u00eates approuv\u00e9!<\/p>\n      <\/div>\n    <\/div>\n  <\/div>\n\n  <div class=\"yt-monetization-item\" itemscope itemprop=\"mainEntity\" itemtype=\"https:\/\/schema.org\/Question\">\n    <h4 class=\"yt-monetization-question\" itemprop=\"name\">Que faire si mon num\u00e9ros de tomber en dessous du seuil?<\/h4>\n    <div class=\"yt-monetization-answer\" itemscope itemprop=\"acceptedAnswer\" itemtype=\"https:\/\/schema.org\/Answer\">\n      <div itemprop=\"text\">\n        <p>Pas de panique! YouTube ne sera pas imm\u00e9diatement un coup de pied si vous descendez en dessous de 1 000 sous-marins, soit 4 000 de regarder des heures apr\u00e8s avoir \u00e9t\u00e9 approuv\u00e9. Ils vous donnent un d\u00e9lai de gr\u00e2ce de construire jusqu&#039;\u00e0. J&#039;ai eu ce arriv\u00e9 une fois apr\u00e8s le nettoyage de l&#039;ancien contenu d&#039;un moment effrayant, mais tout \u00e9tait tr\u00e8s bien! Il suffit de garder la cr\u00e9ation, et vous serez bon.<\/p>\n      <\/div>\n    <\/div>\n  <\/div>\n<\/div>\n\n<style>\n.yt-monetization-faq {\n  max-width: 700px;\n  margin: 30px auto;\n  font-family: 'Roboto', 'Segoe UI', sans-serif;\n  background: white;\n  border-radius: 12px;\n  overflow: hidden;\n  box-shadow: 0 2px 10px rgba(0,0,0,0.1);\n}\n.yt-monetization-header {\n  background: #282828;\n  padding: 20px;\n  display: flex;\n  align-items: center;\n  justify-content: center;\n  gap: 15px;\n  color: white;\n}\n.yt-monetization-header h3 {\n  margin: 0;\n  font-weight: 500;\n  font-size: 22px;\n}\n.yt-monetization-item {\n  border-bottom: 1px solid #e0e0e0;\n}\n.yt-monetization-question {\n  margin: 0;\n  padding: 16px 20px;\n  background-color: white;\n  color: #FF0000;\n  cursor: pointer;\n  font-size: 16px;\n  font-weight: 500;\n  transition: all 0.2s;\n  display: flex;\n  align-items: center;\n}\n.yt-monetization-question:hover {\n  background-color: #fff5f5;\n}\n.yt-monetization-question:before {\n  content: '';\n  display: inline-block;\n  width: 24px;\n  height: 24px;\n  margin-right: 12px;\n  background-image: url('data:image\/svg+xml;utf8,<svg xmlns=\"http:\/\/www.w3.org\/2000\/svg\" viewBox=\"0 0 24 24\" fill=\"%23FF0000\"><path d=\"M19 13h-6v6h-2v-6H5v-2h6V5h2v6h6v2z\"\/><\/svg>');\n  background-size: contain;\n}\n.yt-monetization-item.active .yt-monetization-question:before {\n  background-image: url('data:image\/svg+xml;utf8,<svg xmlns=\"http:\/\/www.w3.org\/2000\/svg\" viewBox=\"0 0 24 24\" fill=\"%23FF0000\"><path d=\"M19 13H5v-2h14v2z\"\/><\/svg>');\n}\n.yt-monetization-answer {\n  max-height: 0;\n  overflow: hidden;\n  transition: max-height 0.25s ease-out;\n  background: #f9f9f9;\n}\n.yt-monetization-answer > div {\n  padding: 20px;\n  color: #333;\n  line-height: 1.6;\n  font-size: 15px;\n}\n.yt-monetization-item.active .yt-monetization-answer {\n  max-height: 500px;\n}\n<\/style>\n\n<script>\ndocument.addEventListener('DOMContentLoaded', function() {\n  const questions = document.querySelectorAll('.yt-monetization-question');\n  questions.forEach(question => {\n    question.addEventListener('click', () => {\n      const item = question.parentElement;\n      item.classList.toggle('active');\n      \n      questions.forEach(q => {\n        if (q !== question) {\n          q.parentElement.classList.remove('active');\n        }\n      });\n    });\n  });\n});\n<\/script>","protected":false},"excerpt":{"rendered":"<p>Instantly assess your channel status using YouTube Monetization Checker. Find out if you qualify for monetization and boost your YouTube &#8230; <\/p>\n<p class=\"read-more-container\"><a title=\"Youtube Mon\u00e9tisation Checker\" class=\"read-more button\" href=\"https:\/\/youtube-thumbnail-download.org\/fr\/youtube-monetization-checker\/#more-612\" aria-label=\"En savoir plus sur Youtube Monetization Checker\">En savoir plus<\/a><\/p>","protected":false},"author":1,"featured_media":0,"parent":0,"menu_order":0,"comment_status":"closed","ping_status":"closed","template":"","meta":{"footnotes":""},"class_list":["post-612","page","type-page","status-publish"],"yoast_head":"<!-- This site is optimized with the Yoast SEO plugin v27.0 - https:\/\/yoast.com\/product\/yoast-seo-wordpress\/ -->\n<title>YouTube Monetization Checker Tool 2025 [Working]<\/title>\n<meta name=\"description\" content=\"Easily verify channel eligibility with YouTube Monetization Checker. Quickly check if your channel meets requirements to start earning revenue today.\" \/>\n<meta name=\"robots\" content=\"index, follow, max-snippet:-1, max-image-preview:large, max-video-preview:-1\" \/>\n<link rel=\"canonical\" href=\"https:\/\/youtube-thumbnail-download.org\/fr\/youtube-monetization-checker\/\" \/>\n<meta property=\"og:locale\" content=\"fr_FR\" \/>\n<meta property=\"og:type\" content=\"article\" \/>\n<meta property=\"og:title\" content=\"YouTube Monetization Checker Tool 2025 [Working]\" \/>\n<meta property=\"og:description\" content=\"Easily verify channel eligibility with YouTube Monetization Checker. Quickly check if your channel meets requirements to start earning revenue today.\" \/>\n<meta property=\"og:url\" content=\"https:\/\/youtube-thumbnail-download.org\/fr\/youtube-monetization-checker\/\" \/>\n<meta property=\"og:site_name\" content=\"YouTube Thumbnail Downloader\" \/>\n<meta property=\"article:modified_time\" content=\"2025-05-09T06:21:56+00:00\" \/>\n<meta name=\"twitter:card\" content=\"summary_large_image\" \/>\n<meta name=\"twitter:label1\" content=\"Dur\u00e9e de lecture estim\u00e9e\" \/>\n\t<meta name=\"twitter:data1\" content=\"5 minutes\" \/>\n<script type=\"application\/ld+json\" class=\"yoast-schema-graph\">{\"@context\":\"https:\/\/schema.org\",\"@graph\":[{\"@type\":\"WebPage\",\"@id\":\"https:\/\/youtube-thumbnail-download.org\/youtube-monetization-checker\/\",\"url\":\"https:\/\/youtube-thumbnail-download.org\/youtube-monetization-checker\/\",\"name\":\"YouTube Monetization Checker Tool 2025 [Working]\",\"isPartOf\":{\"@id\":\"https:\/\/youtube-thumbnail-download.org\/#website\"},\"datePublished\":\"2025-05-08T21:01:05+00:00\",\"dateModified\":\"2025-05-09T06:21:56+00:00\",\"description\":\"Easily verify channel eligibility with YouTube Monetization Checker. Quickly check if your channel meets requirements to start earning revenue today.\",\"breadcrumb\":{\"@id\":\"https:\/\/youtube-thumbnail-download.org\/youtube-monetization-checker\/#breadcrumb\"},\"inLanguage\":\"fr-FR\",\"potentialAction\":[{\"@type\":\"ReadAction\",\"target\":[\"https:\/\/youtube-thumbnail-download.org\/youtube-monetization-checker\/\"]}]},{\"@type\":\"BreadcrumbList\",\"@id\":\"https:\/\/youtube-thumbnail-download.org\/youtube-monetization-checker\/#breadcrumb\",\"itemListElement\":[{\"@type\":\"ListItem\",\"position\":1,\"name\":\"Home\",\"item\":\"https:\/\/youtube-thumbnail-download.org\/\"},{\"@type\":\"ListItem\",\"position\":2,\"name\":\"Youtube Monetization Checker\"}]},{\"@type\":\"WebSite\",\"@id\":\"https:\/\/youtube-thumbnail-download.org\/#website\",\"url\":\"https:\/\/youtube-thumbnail-download.org\/\",\"name\":\"YouTube Thumbnail Downloader\",\"description\":\"\",\"publisher\":{\"@id\":\"https:\/\/youtube-thumbnail-download.org\/#organization\"},\"potentialAction\":[{\"@type\":\"SearchAction\",\"target\":{\"@type\":\"EntryPoint\",\"urlTemplate\":\"https:\/\/youtube-thumbnail-download.org\/?s={search_term_string}\"},\"query-input\":{\"@type\":\"PropertyValueSpecification\",\"valueRequired\":true,\"valueName\":\"search_term_string\"}}],\"inLanguage\":\"fr-FR\"},{\"@type\":\"Organization\",\"@id\":\"https:\/\/youtube-thumbnail-download.org\/#organization\",\"name\":\"YouTube Thumbnail Downloader\",\"url\":\"https:\/\/youtube-thumbnail-download.org\/\",\"logo\":{\"@type\":\"ImageObject\",\"inLanguage\":\"fr-FR\",\"@id\":\"https:\/\/youtube-thumbnail-download.org\/#\/schema\/logo\/image\/\",\"url\":\"https:\/\/youtube-thumbnail-download.org\/wp-content\/uploads\/2025\/05\/youtube.png\",\"contentUrl\":\"https:\/\/youtube-thumbnail-download.org\/wp-content\/uploads\/2025\/05\/youtube.png\",\"width\":350,\"height\":70,\"caption\":\"YouTube Thumbnail Downloader\"},\"image\":{\"@id\":\"https:\/\/youtube-thumbnail-download.org\/#\/schema\/logo\/image\/\"}}]}<\/script>\n<!-- \/ Yoast SEO plugin. -->","yoast_head_json":{"title":"YouTube Monetization Checker Tool 2025 [Working]","description":"Easily verify channel eligibility with YouTube Monetization Checker. Quickly check if your channel meets requirements to start earning revenue today.","robots":{"index":"index","follow":"follow","max-snippet":"max-snippet:-1","max-image-preview":"max-image-preview:large","max-video-preview":"max-video-preview:-1"},"canonical":"https:\/\/youtube-thumbnail-download.org\/fr\/youtube-monetization-checker\/","og_locale":"fr_FR","og_type":"article","og_title":"YouTube Monetization Checker Tool 2025 [Working]","og_description":"Easily verify channel eligibility with YouTube Monetization Checker. Quickly check if your channel meets requirements to start earning revenue today.","og_url":"https:\/\/youtube-thumbnail-download.org\/fr\/youtube-monetization-checker\/","og_site_name":"YouTube Thumbnail Downloader","article_modified_time":"2025-05-09T06:21:56+00:00","twitter_card":"summary_large_image","twitter_misc":{"Dur\u00e9e de lecture estim\u00e9e":"5 minutes"},"schema":{"@context":"https:\/\/schema.org","@graph":[{"@type":"WebPage","@id":"https:\/\/youtube-thumbnail-download.org\/youtube-monetization-checker\/","url":"https:\/\/youtube-thumbnail-download.org\/youtube-monetization-checker\/","name":"YouTube Monetization Checker Tool 2025 [Working]","isPartOf":{"@id":"https:\/\/youtube-thumbnail-download.org\/#website"},"datePublished":"2025-05-08T21:01:05+00:00","dateModified":"2025-05-09T06:21:56+00:00","description":"Easily verify channel eligibility with YouTube Monetization Checker. Quickly check if your channel meets requirements to start earning revenue today.","breadcrumb":{"@id":"https:\/\/youtube-thumbnail-download.org\/youtube-monetization-checker\/#breadcrumb"},"inLanguage":"fr-FR","potentialAction":[{"@type":"ReadAction","target":["https:\/\/youtube-thumbnail-download.org\/youtube-monetization-checker\/"]}]},{"@type":"BreadcrumbList","@id":"https:\/\/youtube-thumbnail-download.org\/youtube-monetization-checker\/#breadcrumb","itemListElement":[{"@type":"ListItem","position":1,"name":"Home","item":"https:\/\/youtube-thumbnail-download.org\/"},{"@type":"ListItem","position":2,"name":"Youtube Monetization Checker"}]},{"@type":"WebSite","@id":"https:\/\/youtube-thumbnail-download.org\/#website","url":"https:\/\/youtube-thumbnail-download.org\/","name":"Vignette De YouTube Downloader","description":"","publisher":{"@id":"https:\/\/youtube-thumbnail-download.org\/#organization"},"potentialAction":[{"@type":"SearchAction","target":{"@type":"EntryPoint","urlTemplate":"https:\/\/youtube-thumbnail-download.org\/?s={search_term_string}"},"query-input":{"@type":"PropertyValueSpecification","valueRequired":true,"valueName":"search_term_string"}}],"inLanguage":"fr-FR"},{"@type":"Organization","@id":"https:\/\/youtube-thumbnail-download.org\/#organization","name":"Vignette De YouTube Downloader","url":"https:\/\/youtube-thumbnail-download.org\/","logo":{"@type":"ImageObject","inLanguage":"fr-FR","@id":"https:\/\/youtube-thumbnail-download.org\/#\/schema\/logo\/image\/","url":"https:\/\/youtube-thumbnail-download.org\/wp-content\/uploads\/2025\/05\/youtube.png","contentUrl":"https:\/\/youtube-thumbnail-download.org\/wp-content\/uploads\/2025\/05\/youtube.png","width":350,"height":70,"caption":"YouTube Thumbnail Downloader"},"image":{"@id":"https:\/\/youtube-thumbnail-download.org\/#\/schema\/logo\/image\/"}}]}},"_links":{"self":[{"href":"https:\/\/youtube-thumbnail-download.org\/fr\/wp-json\/wp\/v2\/pages\/612","targetHints":{"allow":["GET"]}}],"collection":[{"href":"https:\/\/youtube-thumbnail-download.org\/fr\/wp-json\/wp\/v2\/pages"}],"about":[{"href":"https:\/\/youtube-thumbnail-download.org\/fr\/wp-json\/wp\/v2\/types\/page"}],"author":[{"embeddable":true,"href":"https:\/\/youtube-thumbnail-download.org\/fr\/wp-json\/wp\/v2\/users\/1"}],"replies":[{"embeddable":true,"href":"https:\/\/youtube-thumbnail-download.org\/fr\/wp-json\/wp\/v2\/comments?post=612"}],"version-history":[{"count":5,"href":"https:\/\/youtube-thumbnail-download.org\/fr\/wp-json\/wp\/v2\/pages\/612\/revisions"}],"predecessor-version":[{"id":620,"href":"https:\/\/youtube-thumbnail-download.org\/fr\/wp-json\/wp\/v2\/pages\/612\/revisions\/620"}],"wp:attachment":[{"href":"https:\/\/youtube-thumbnail-download.org\/fr\/wp-json\/wp\/v2\/media?parent=612"}],"curies":[{"name":"wp","href":"https:\/\/api.w.org\/{rel}","templated":true}]}}