{"id":612,"date":"2025-05-08T21:01:05","date_gmt":"2025-05-08T21:01:05","guid":{"rendered":"https:\/\/youtube-thumbnail-download.org\/?page_id=612"},"modified":"2025-05-09T06:21:56","modified_gmt":"2025-05-09T06:21:56","slug":"youtube-monetization-checker","status":"publish","type":"page","link":"https:\/\/youtube-thumbnail-download.org\/it\/youtube-monetization-checker\/","title":{"rendered":"Youtube Monetizzazione Correttore"},"content":{"rendered":"<p class=\"has-text-align-center\">Immediatamente valutare il tuo stato di canale utilizzando YouTube Monetizzazione Correttore. Scoprire se si qualificano per la monetizzazione e aumentare la vostra guadagni di YouTube ora.<\/p>\n\n\n        <div id=\"ycimc-container\">\n           \n            <form id=\"ycimc-form\" onsubmit=\"return false;\" action=\"\">\n                <input type=\"text\" name=\"ycimc_input\" id=\"ycimc-input\" placeholder=\"Immettere @maniglia, URL del Canale, o l&#039;ID del Canale\" required>\n                <button type=\"submit\" id=\"ycimc-submit\">Controllare Il Canale<\/button>\n            <input type=\"hidden\" name=\"trp-form-language\" value=\"it\"\/><\/form>\n            <div id=\"ycimc-loading\">\n                <div class=\"ycimc-spinner\"><\/div>\n                <p>Recupero di dati del canale...<\/p>\n            <\/div>\n            <div id=\"ycimc-results\"><\/div>\n        <\/div>\n\n\n\n<hr class=\"wp-block-separator has-alpha-channel-opacity\"\/>\n\n\n\n<h2 class=\"wp-block-heading\"><strong>YouTube Monetizzazione Strumento Di Controllo:<\/strong> Il Canale \u00e8 Pronto per le Entrate?<\/h2>\n\n\n\n<p>Sei stato a fare video su YouTube per qualche tempo, e ora si vuole sapere se si pu\u00f2, infine, fare soldi da tutti e che il sudore? Ho del tutto capito \u2013 mi sono trovato nella stessa barca, a circa due anni fa, il costante controllo il mio numero di iscritti e guardare ore e ore, cercando di capire se mi sono qualificato di sicurezza.<\/p>\n\n\n\n<p>Che in realt\u00e0 \u00e8 per questo che ho deciso di creare questo YouTube Monetizzazione Strumento di controllo. E &#039; abbastanza semplice, in realt\u00e0 \u2013 \u00e8 qualcosa che ho voluto ho avuto quando ho iniziato.<\/p>\n\n\n\n<h2 class=\"wp-block-heading\">Che Cosa Questo Strumento In Realt\u00e0 Non<\/h2>\n\n\n\n<p>YouTube Monetizzazione Checker \u00e8 uno strumento che consente di verificare se hai i requisiti per Google Programma Partner di YouTube. Una volta che si conosce gi\u00e0 al livello mese di creazione di contenuti, si dovrebbe avere 1000 abbonati e 4.000 ore di guardare nel tuo canale cumulativamente per il ultimi 12 mesi per ottenere la monetizzazione di YouTube.&nbsp;&nbsp;<\/p>\n\n\n\n<p>Ma di attendere che in realt\u00e0 non del tutto esatte pi\u00f9. <a href=\"https:\/\/www.youtube.com\/\">YouTube<\/a> aggiornato la sua politica recente. Ora si pu\u00f2 anche qualificarsi con 1.000 iscritti e 10 milioni di Pantaloncini vista negli ultimi 90 giorni. Questo cambiamento dimostra come YouTube sta abbracciando breve i contenuti di questi giorni.<\/p>\n\n\n\n<h3 class=\"wp-block-heading\"><strong>Come Utilizzare YouTube Monetizzazione Correttore<\/strong><\/h3>\n\n\n\n<p>Utilizzando lo strumento non \u00e8 complicato affatto. Hai bisogno di:<\/p>\n\n\n\n<ol class=\"wp-block-list\">\n<li>Inserisci l&#039;URL del tuo canale o l&#039;ID dello strumento<\/li>\n\n\n\n<li>Lasciare scaricare statistiche correnti (abbonati, guardare ore e Pantaloncini vista)<\/li>\n\n\n\n<li>Lo strumento mostra esattamente quanto \u00e8 vicino alla qualificazione<\/li>\n<\/ol>\n\n\n\n<p>\u00c8 importante notare che questo strumento utilizza l&#039;API di YouTube per tirare il vostro pubblico stats \u2013 non ha accesso privato, di dati o per richiedere i dati di accesso. Io sono abbastanza sul serio la privacy di me, quindi ho fatto in modo che questo era sicuro.<\/p>\n\n\n\n<h2 class=\"wp-block-heading\">Perch\u00e9 Ho Costruito Questo (E Perch\u00e9 Tu Ne Abbia Bisogno)<\/h2>\n\n\n\n<p>Mi ricordo rinfrescante YouTube Studio pi\u00f9 volte al giorno, quando mi \u00e8 stato vicino per colpire la monetizzazione delle soglie. Era ossessivo, guardando indietro. YouTube non rendono sempre super chiara di quanto \u00e8 vicino a soddisfare TUTTE le esigenze in una volta.<\/p>\n\n\n\n<p>YouTube standard pannello di controllo mostra i numeri, ma non davvero dare quel \u201cgrande immagine\u201d vista di monetizzazione del progresso. Volevo qualcosa che vorresti dirmi dritto: \u201cTu sei l &#039; 80% della\u201d o \u201c\u00c8 necessario 246 pi\u00f9 abbonati e 512 di pi\u00f9, guarda ore.\u201d<\/p>\n\n\n\n<h2 class=\"wp-block-heading\">Al Di L\u00e0 Solo Il Controllo Di Ammissibilit\u00e0<\/h2>\n\n\n\n<p>Una volta che sai dove ti trovi, lo strumento fornisce anche alcuni suggerimenti personalizzati. Per esempio, se stai su abbonati, ma molto indietro a guardare ore, potrebbe suggerire di messa a fuoco su pi\u00f9 contenuto. O se si sta facendo grande su metriche tradizionali ma vorrei provare i Pantaloncini percorso, ti indicher\u00e0 che tipo di vista di cui hai bisogno.<\/p>\n\n\n\n<p>Ci\u00f2 che rende questo diverso da solo il controllo di YouTube Studio \u00e8 che aiuta anche a formare una strategia, non solo numeri. Almeno questo \u00e8 quello che stavo per quando l&#039;ho costruito.<\/p>\n\n\n\n<h2 class=\"wp-block-heading\">Alcune Limitazioni Di Essere A Conoscenza Di<\/h2>\n\n\n\n<p>Vorrei ricordare che lo strumento non \u00e8 perfetto. Dal momento che utilizza le API pubbliche, a volte pu\u00f2 essere un leggero ritardo nella stat aggiornamenti rispetto a quello che si vede in YouTube Studio. Di solito \u00e8 solo una questione di ore, ma in modo che si conosce.<\/p>\n\n\n\n<p>Inoltre, mentre lo strumento in grado di stimare orologio ore in base a dati pubblici, il calcolo esatto YouTube utilizza internamente potrebbero differire leggermente. Essi hanno accesso a pi\u00f9 precise metriche su esattamente quanto tempo la gente lo guarda ogni video, mentre i dati pi\u00f9 generalizzato.<\/p>\n\n\n\n<h2 class=\"wp-block-heading\">Quando Si \u00e8 Pronti per Applicare<\/h2>\n\n\n\n<p>Una volta che lo strumento mostra di aver soddisfatto i requisiti, complimenti! Il passo successivo \u00e8 effettivamente applicabili al Programma Partner di YouTube attraverso YouTube Studio. Avrai bisogno di:<\/p>\n\n\n\n<ul class=\"wp-block-list\">\n<li>Impostare un account AdSense se si don &#039; t hanno uno<\/li>\n\n\n\n<li>Leggere e accettare i termini YPP<\/li>\n\n\n\n<li>Impostare la monetizzazione delle preferenze<\/li>\n\n\n\n<li>Basta aspettare per YouTube di approvare il canale (a volte pu\u00f2 richiedere pi\u00f9 di un mese, ma l&#039;ho trovato per essere molto pi\u00f9 veloce)<\/li>\n<\/ul>\n\n\n\n<h2 class=\"wp-block-heading\">Considerazioni Finali<\/h2>\n\n\n\n<p>Che ottenere la monetizzazione \u00e8 una pietra miliare, di sicuro, ma giuro che il milestone \u00e8 solo l&#039;inizio di ottovolante. Le abitudini e la frequenza di coltivare quando si cerca di andare oltre le prime, le soglie sono le stesse che vi far\u00e0 scala davanti a loro.<\/p>\n\n\n\n<p>Questo strumento rende sicuramente il tuo monetizzazione viaggio di pi\u00f9 di un colpo dritto invece di un vicolo buio. Ho bisogno di pi\u00f9 idee per modifiche o cos&#039;altro potrebbe tornare utile, quindi se avete qualcosa da condividere! Io sono ancora tweaking, di qua e di l\u00e0, quando ho un po &#039; di tempo tra i miei progetti video.<\/p>\n\n\n\n<p>Buona fortuna con il tuo canale YouTube grind \u00e8 spaventosamente reale, ma pu\u00f2 essere un totale cambio di gioco!<\/p>\n\n\n\n<div class=\"yt-monetization-faq\" itemscope itemtype=\"https:\/\/schema.org\/FAQPage\">\n  <div class=\"yt-monetization-header\">\n    <svg viewbox=\"0 0 24 24\" width=\"40\" height=\"40\">\n      <path fill=\"#FF0000\" d=\"M19.615 3.184c-3.604-.246-11.631-.245-15.23 0-3.897.266-4.356 2.62-4.385 8.816.029 6.185.484 8.549 4.385 8.816 3.6.245 11.626.246 15.23 0 3.897-.266 4.356-2.62 4.385-8.816-.029-6.185-.484-8.549-4.385-8.816zm-10.615 12.816v-8l8 3.993-8 4.007z\"><\/path>\n    <\/svg>\n    <h3>YouTube Monetizzazione Correttore FAQ<\/h3>\n  <\/div>\n\n  <div class=\"yt-monetization-item\" itemscope itemprop=\"mainEntity\" itemtype=\"https:\/\/schema.org\/Question\">\n    <h4 class=\"yt-monetization-question\" itemprop=\"name\">Posso monetizzare il mio canale di sicurezza?<\/h4>\n    <div class=\"yt-monetization-answer\" itemscope itemprop=\"acceptedAnswer\" itemtype=\"https:\/\/schema.org\/Answer\">\n      <div itemprop=\"text\">\n        <p>Il nostro correttore cerca il vostro numero di iscritti e guardare ore per vedere se si ha colpito i requisiti di YouTube. Hai bisogno di 1.000+ subs e il 4000+ orologio ore negli ultimi 12 mesi. Stato c&#039;\u00e8 attesa per gli ultimi iscritti... \u00c8 doloroso! Ma una volta raggiunto quei numeri, boom! Sei pronto per applicare per il Programma Partner di YouTube.<\/p>\n      <\/div>\n    <\/div>\n  <\/div>\n\n  <div class=\"yt-monetization-item\" itemscope itemprop=\"mainEntity\" itemtype=\"https:\/\/schema.org\/Question\">\n    <h4 class=\"yt-monetization-question\" itemprop=\"name\">Perch\u00e9 il mio canale di dire \u201cnon ammissibili\u201d quando ho abbastanza subs?<\/h4>\n    <div class=\"yt-monetization-answer\" itemscope itemprop=\"acceptedAnswer\" itemtype=\"https:\/\/schema.org\/Answer\">\n      <div itemprop=\"text\">\n        <p>Uffa, questo mi faceva impazzire troppo! Di solito, \u00e8 perch\u00e9 il vostro orologio ore non molto c&#039;\u00e8 ancora (YouTube conta questi in modo diverso di quanto si possa pensare), o avete qualche copyright scioperi appendere intorno. Inoltre, YouTube a volte prende un po &#039; per aggiornare il loro sistema \u2013 ho letteralmente controllato mine come 20 volte in un giorno, quando ero vicino lol.<\/p>\n      <\/div>\n    <\/div>\n  <\/div>\n\n  <div class=\"yt-monetization-item\" itemscope itemprop=\"mainEntity\" itemtype=\"https:\/\/schema.org\/Question\">\n    <h4 class=\"yt-monetization-question\" itemprop=\"name\">Quanto tempo fa l&#039;approvazione prendere dopo l&#039;applicazione?<\/h4>\n    <div class=\"yt-monetization-answer\" itemscope itemprop=\"acceptedAnswer\" itemtype=\"https:\/\/schema.org\/Answer\">\n      <div itemprop=\"text\">\n        <p>Una volta colpito tutti i requisiti e presentare la vostra applicazione, si aspettano di attendere da 1 a 4 settimane. S\u00ec, non \u00e8 molto piacevole! Ho aspettato quasi 3 settimane e stava controllando la mia e-mail come un pazzo. YouTube giudizi tutto manualmente per assicurarsi che si sta seguendo le loro regole e quant&#039;altro.<\/p>\n      <\/div>\n    <\/div>\n  <\/div>\n\n  <div class=\"yt-monetization-item\" itemscope itemprop=\"mainEntity\" itemtype=\"https:\/\/schema.org\/Question\">\n    <h4 class=\"yt-monetization-question\" itemprop=\"name\">Sar\u00e0 il mio vecchio video fare soldi una volta che sono approvati?<\/h4>\n    <div class=\"yt-monetization-answer\" itemscope itemprop=\"acceptedAnswer\" itemtype=\"https:\/\/schema.org\/Answer\">\n      <div itemprop=\"text\">\n        <p>No! Questa \u00e8 stata una rottura, quando l&#039;ho scoperto. Solo video pubblicato DOPO aver approvato per la monetizzazione far\u00e0 i soldi. Tutti che il vecchio contenuto? Nessun danno da quelle (che \u00e8 quello che abbiamo chiamato guadagni ritorno nel mio giorno, haha). Quindi preparatevi a creare nuovi contenuti una volta approvato!<\/p>\n      <\/div>\n    <\/div>\n  <\/div>\n\n  <div class=\"yt-monetization-item\" itemscope itemprop=\"mainEntity\" itemtype=\"https:\/\/schema.org\/Question\">\n    <h4 class=\"yt-monetization-question\" itemprop=\"name\">Che cosa succede se i miei numeri scende sotto la soglia?<\/h4>\n    <div class=\"yt-monetization-answer\" itemscope itemprop=\"acceptedAnswer\" itemtype=\"https:\/\/schema.org\/Answer\">\n      <div itemprop=\"text\">\n        <p>Non fatevi prendere dal panico! YouTube non immediatamente calci fuori se si immerge al di sotto dei 1.000 subs o 4.000 orologio ore dopo essere stato approvato. Ti danno un periodo di grazia per costruire il backup. Ho avuto questo successo una volta dopo la pulizia di alcuni vecchi contenuti \u2013 un momento spaventoso, ma tutto \u00e8 andato bene! Basta continuare a creare, e ti troverai bene.<\/p>\n      <\/div>\n    <\/div>\n  <\/div>\n<\/div>\n\n<style>\n.yt-monetization-faq {\n  max-width: 700px;\n  margin: 30px auto;\n  font-family: 'Roboto', 'Segoe UI', sans-serif;\n  background: white;\n  border-radius: 12px;\n  overflow: hidden;\n  box-shadow: 0 2px 10px rgba(0,0,0,0.1);\n}\n.yt-monetization-header {\n  background: #282828;\n  padding: 20px;\n  display: flex;\n  align-items: center;\n  justify-content: center;\n  gap: 15px;\n  color: white;\n}\n.yt-monetization-header h3 {\n  margin: 0;\n  font-weight: 500;\n  font-size: 22px;\n}\n.yt-monetization-item {\n  border-bottom: 1px solid #e0e0e0;\n}\n.yt-monetization-question {\n  margin: 0;\n  padding: 16px 20px;\n  background-color: white;\n  color: #FF0000;\n  cursor: pointer;\n  font-size: 16px;\n  font-weight: 500;\n  transition: all 0.2s;\n  display: flex;\n  align-items: center;\n}\n.yt-monetization-question:hover {\n  background-color: #fff5f5;\n}\n.yt-monetization-question:before {\n  content: '';\n  display: inline-block;\n  width: 24px;\n  height: 24px;\n  margin-right: 12px;\n  background-image: url('data:image\/svg+xml;utf8,<svg xmlns=\"http:\/\/www.w3.org\/2000\/svg\" viewBox=\"0 0 24 24\" fill=\"%23FF0000\"><path d=\"M19 13h-6v6h-2v-6H5v-2h6V5h2v6h6v2z\"\/><\/svg>');\n  background-size: contain;\n}\n.yt-monetization-item.active .yt-monetization-question:before {\n  background-image: url('data:image\/svg+xml;utf8,<svg xmlns=\"http:\/\/www.w3.org\/2000\/svg\" viewBox=\"0 0 24 24\" fill=\"%23FF0000\"><path d=\"M19 13H5v-2h14v2z\"\/><\/svg>');\n}\n.yt-monetization-answer {\n  max-height: 0;\n  overflow: hidden;\n  transition: max-height 0.25s ease-out;\n  background: #f9f9f9;\n}\n.yt-monetization-answer > div {\n  padding: 20px;\n  color: #333;\n  line-height: 1.6;\n  font-size: 15px;\n}\n.yt-monetization-item.active .yt-monetization-answer {\n  max-height: 500px;\n}\n<\/style>\n\n<script>\ndocument.addEventListener('DOMContentLoaded', function() {\n  const questions = document.querySelectorAll('.yt-monetization-question');\n  questions.forEach(question => {\n    question.addEventListener('click', () => {\n      const item = question.parentElement;\n      item.classList.toggle('active');\n      \n      questions.forEach(q => {\n        if (q !== question) {\n          q.parentElement.classList.remove('active');\n        }\n      });\n    });\n  });\n});\n<\/script>","protected":false},"excerpt":{"rendered":"<p>Instantly assess your channel status using YouTube Monetization Checker. Find out if you qualify for monetization and boost your YouTube &#8230; <\/p>\n<p class=\"read-more-container\"><a title=\"Youtube Monetizzazione Correttore\" class=\"read-more button\" href=\"https:\/\/youtube-thumbnail-download.org\/it\/youtube-monetization-checker\/#more-612\" aria-label=\"Per saperne di pi\u00f9 su Youtube Monetization Checker\">Per saperne di pi\u00f9<\/a><\/p>","protected":false},"author":1,"featured_media":0,"parent":0,"menu_order":0,"comment_status":"closed","ping_status":"closed","template":"","meta":{"footnotes":""},"class_list":["post-612","page","type-page","status-publish"],"yoast_head":"<!-- This site is optimized with the Yoast SEO plugin v27.0 - https:\/\/yoast.com\/product\/yoast-seo-wordpress\/ -->\n<title>YouTube Monetization Checker Tool 2025 [Working]<\/title>\n<meta name=\"description\" content=\"Easily verify channel eligibility with YouTube Monetization Checker. Quickly check if your channel meets requirements to start earning revenue today.\" \/>\n<meta name=\"robots\" content=\"index, follow, max-snippet:-1, max-image-preview:large, max-video-preview:-1\" \/>\n<link rel=\"canonical\" href=\"https:\/\/youtube-thumbnail-download.org\/it\/youtube-monetization-checker\/\" \/>\n<meta property=\"og:locale\" content=\"it_IT\" \/>\n<meta property=\"og:type\" content=\"article\" \/>\n<meta property=\"og:title\" content=\"YouTube Monetization Checker Tool 2025 [Working]\" \/>\n<meta property=\"og:description\" content=\"Easily verify channel eligibility with YouTube Monetization Checker. Quickly check if your channel meets requirements to start earning revenue today.\" \/>\n<meta property=\"og:url\" content=\"https:\/\/youtube-thumbnail-download.org\/it\/youtube-monetization-checker\/\" \/>\n<meta property=\"og:site_name\" content=\"YouTube Thumbnail Downloader\" \/>\n<meta property=\"article:modified_time\" content=\"2025-05-09T06:21:56+00:00\" \/>\n<meta name=\"twitter:card\" content=\"summary_large_image\" \/>\n<meta name=\"twitter:label1\" content=\"Tempo di lettura stimato\" \/>\n\t<meta name=\"twitter:data1\" content=\"5 minuti\" \/>\n<script type=\"application\/ld+json\" class=\"yoast-schema-graph\">{\"@context\":\"https:\/\/schema.org\",\"@graph\":[{\"@type\":\"WebPage\",\"@id\":\"https:\/\/youtube-thumbnail-download.org\/youtube-monetization-checker\/\",\"url\":\"https:\/\/youtube-thumbnail-download.org\/youtube-monetization-checker\/\",\"name\":\"YouTube Monetization Checker Tool 2025 [Working]\",\"isPartOf\":{\"@id\":\"https:\/\/youtube-thumbnail-download.org\/#website\"},\"datePublished\":\"2025-05-08T21:01:05+00:00\",\"dateModified\":\"2025-05-09T06:21:56+00:00\",\"description\":\"Easily verify channel eligibility with YouTube Monetization Checker. Quickly check if your channel meets requirements to start earning revenue today.\",\"breadcrumb\":{\"@id\":\"https:\/\/youtube-thumbnail-download.org\/youtube-monetization-checker\/#breadcrumb\"},\"inLanguage\":\"it-IT\",\"potentialAction\":[{\"@type\":\"ReadAction\",\"target\":[\"https:\/\/youtube-thumbnail-download.org\/youtube-monetization-checker\/\"]}]},{\"@type\":\"BreadcrumbList\",\"@id\":\"https:\/\/youtube-thumbnail-download.org\/youtube-monetization-checker\/#breadcrumb\",\"itemListElement\":[{\"@type\":\"ListItem\",\"position\":1,\"name\":\"Home\",\"item\":\"https:\/\/youtube-thumbnail-download.org\/\"},{\"@type\":\"ListItem\",\"position\":2,\"name\":\"Youtube Monetization Checker\"}]},{\"@type\":\"WebSite\",\"@id\":\"https:\/\/youtube-thumbnail-download.org\/#website\",\"url\":\"https:\/\/youtube-thumbnail-download.org\/\",\"name\":\"YouTube Thumbnail Downloader\",\"description\":\"\",\"publisher\":{\"@id\":\"https:\/\/youtube-thumbnail-download.org\/#organization\"},\"potentialAction\":[{\"@type\":\"SearchAction\",\"target\":{\"@type\":\"EntryPoint\",\"urlTemplate\":\"https:\/\/youtube-thumbnail-download.org\/?s={search_term_string}\"},\"query-input\":{\"@type\":\"PropertyValueSpecification\",\"valueRequired\":true,\"valueName\":\"search_term_string\"}}],\"inLanguage\":\"it-IT\"},{\"@type\":\"Organization\",\"@id\":\"https:\/\/youtube-thumbnail-download.org\/#organization\",\"name\":\"YouTube Thumbnail Downloader\",\"url\":\"https:\/\/youtube-thumbnail-download.org\/\",\"logo\":{\"@type\":\"ImageObject\",\"inLanguage\":\"it-IT\",\"@id\":\"https:\/\/youtube-thumbnail-download.org\/#\/schema\/logo\/image\/\",\"url\":\"https:\/\/youtube-thumbnail-download.org\/wp-content\/uploads\/2025\/05\/youtube.png\",\"contentUrl\":\"https:\/\/youtube-thumbnail-download.org\/wp-content\/uploads\/2025\/05\/youtube.png\",\"width\":350,\"height\":70,\"caption\":\"YouTube Thumbnail Downloader\"},\"image\":{\"@id\":\"https:\/\/youtube-thumbnail-download.org\/#\/schema\/logo\/image\/\"}}]}<\/script>\n<!-- \/ Yoast SEO plugin. -->","yoast_head_json":{"title":"YouTube Monetization Checker Tool 2025 [Working]","description":"Easily verify channel eligibility with YouTube Monetization Checker. Quickly check if your channel meets requirements to start earning revenue today.","robots":{"index":"index","follow":"follow","max-snippet":"max-snippet:-1","max-image-preview":"max-image-preview:large","max-video-preview":"max-video-preview:-1"},"canonical":"https:\/\/youtube-thumbnail-download.org\/it\/youtube-monetization-checker\/","og_locale":"it_IT","og_type":"article","og_title":"YouTube Monetization Checker Tool 2025 [Working]","og_description":"Easily verify channel eligibility with YouTube Monetization Checker. Quickly check if your channel meets requirements to start earning revenue today.","og_url":"https:\/\/youtube-thumbnail-download.org\/it\/youtube-monetization-checker\/","og_site_name":"YouTube Thumbnail Downloader","article_modified_time":"2025-05-09T06:21:56+00:00","twitter_card":"summary_large_image","twitter_misc":{"Tempo di lettura stimato":"5 minuti"},"schema":{"@context":"https:\/\/schema.org","@graph":[{"@type":"WebPage","@id":"https:\/\/youtube-thumbnail-download.org\/youtube-monetization-checker\/","url":"https:\/\/youtube-thumbnail-download.org\/youtube-monetization-checker\/","name":"YouTube Monetization Checker Tool 2025 [Working]","isPartOf":{"@id":"https:\/\/youtube-thumbnail-download.org\/#website"},"datePublished":"2025-05-08T21:01:05+00:00","dateModified":"2025-05-09T06:21:56+00:00","description":"Easily verify channel eligibility with YouTube Monetization Checker. Quickly check if your channel meets requirements to start earning revenue today.","breadcrumb":{"@id":"https:\/\/youtube-thumbnail-download.org\/youtube-monetization-checker\/#breadcrumb"},"inLanguage":"it-IT","potentialAction":[{"@type":"ReadAction","target":["https:\/\/youtube-thumbnail-download.org\/youtube-monetization-checker\/"]}]},{"@type":"BreadcrumbList","@id":"https:\/\/youtube-thumbnail-download.org\/youtube-monetization-checker\/#breadcrumb","itemListElement":[{"@type":"ListItem","position":1,"name":"Home","item":"https:\/\/youtube-thumbnail-download.org\/"},{"@type":"ListItem","position":2,"name":"Youtube Monetization Checker"}]},{"@type":"WebSite","@id":"https:\/\/youtube-thumbnail-download.org\/#website","url":"https:\/\/youtube-thumbnail-download.org\/","name":"YouTube Downloader Miniatura","description":"","publisher":{"@id":"https:\/\/youtube-thumbnail-download.org\/#organization"},"potentialAction":[{"@type":"SearchAction","target":{"@type":"EntryPoint","urlTemplate":"https:\/\/youtube-thumbnail-download.org\/?s={search_term_string}"},"query-input":{"@type":"PropertyValueSpecification","valueRequired":true,"valueName":"search_term_string"}}],"inLanguage":"it-IT"},{"@type":"Organization","@id":"https:\/\/youtube-thumbnail-download.org\/#organization","name":"YouTube Downloader Miniatura","url":"https:\/\/youtube-thumbnail-download.org\/","logo":{"@type":"ImageObject","inLanguage":"it-IT","@id":"https:\/\/youtube-thumbnail-download.org\/#\/schema\/logo\/image\/","url":"https:\/\/youtube-thumbnail-download.org\/wp-content\/uploads\/2025\/05\/youtube.png","contentUrl":"https:\/\/youtube-thumbnail-download.org\/wp-content\/uploads\/2025\/05\/youtube.png","width":350,"height":70,"caption":"YouTube Thumbnail Downloader"},"image":{"@id":"https:\/\/youtube-thumbnail-download.org\/#\/schema\/logo\/image\/"}}]}},"_links":{"self":[{"href":"https:\/\/youtube-thumbnail-download.org\/it\/wp-json\/wp\/v2\/pages\/612","targetHints":{"allow":["GET"]}}],"collection":[{"href":"https:\/\/youtube-thumbnail-download.org\/it\/wp-json\/wp\/v2\/pages"}],"about":[{"href":"https:\/\/youtube-thumbnail-download.org\/it\/wp-json\/wp\/v2\/types\/page"}],"author":[{"embeddable":true,"href":"https:\/\/youtube-thumbnail-download.org\/it\/wp-json\/wp\/v2\/users\/1"}],"replies":[{"embeddable":true,"href":"https:\/\/youtube-thumbnail-download.org\/it\/wp-json\/wp\/v2\/comments?post=612"}],"version-history":[{"count":5,"href":"https:\/\/youtube-thumbnail-download.org\/it\/wp-json\/wp\/v2\/pages\/612\/revisions"}],"predecessor-version":[{"id":620,"href":"https:\/\/youtube-thumbnail-download.org\/it\/wp-json\/wp\/v2\/pages\/612\/revisions\/620"}],"wp:attachment":[{"href":"https:\/\/youtube-thumbnail-download.org\/it\/wp-json\/wp\/v2\/media?parent=612"}],"curies":[{"name":"wp","href":"https:\/\/api.w.org\/{rel}","templated":true}]}}