{"id":552,"date":"2025-03-30T20:31:00","date_gmt":"2025-03-30T20:31:00","guid":{"rendered":"https:\/\/youtube-thumbnail-download.org\/?page_id=552"},"modified":"2025-03-30T20:31:01","modified_gmt":"2025-03-30T20:31:01","slug":"about-us","status":"publish","type":"page","link":"https:\/\/youtube-thumbnail-download.org\/pt\/about-us\/","title":{"rendered":"Sobre N\u00f3s"},"content":{"rendered":"<p>Ol\u00e1, sou o anfitri\u00e3o do YouTube SEO Tools - seu melhor recurso para ferramentas de SEO do YouTube! Ouvimos as dificuldades dos criadores que tentam contextualizar seus v\u00eddeos em todo o oceano mundial que \u00e9 o YouTube. Por isso, criamos um conjunto de ferramentas completas de SEO para o YouTube com o objetivo de fornecer as informa\u00e7\u00f5es e as estrat\u00e9gias necess\u00e1rias para ajudar a tornar seus v\u00eddeos mais detect\u00e1veis e envolventes.<\/p>\n\n\n\n<h2 class=\"wp-block-heading\"><strong>Nossa miss\u00e3o<\/strong><\/h2>\n\n\n\n<p>Nosso objetivo \u00e9 tornar as principais ferramentas de SEO do YouTube acess\u00edveis a todos. Todo criador, independentemente da escala de sua opera\u00e7\u00e3o ou do tamanho de seu or\u00e7amento, deve ter oportunidades iguais de sucesso. Estamos realmente oferecendo nossas ferramentas gratuitamente como um nivelador para que os sonhos possam se tornar realidade; estou falando de voc\u00eas, criadores.<\/p>\n\n\n\n<h2 class=\"wp-block-heading\"><strong>Nossas ferramentas<\/strong><\/h2>\n\n\n\n<p>Ferramentas de SEO do YouTube - Nossas ferramentas de v\u00eddeo foram desenvolvidas com os algoritmos e as pr\u00e1ticas recomendadas mais recentes em mente. Se voc\u00ea quiser saber como pode se classificar nas pesquisas do YouTube, todas essas ferramentas fornecem informa\u00e7\u00f5es tang\u00edveis sobre o t\u00edtulo, a descri\u00e7\u00e3o, as tags ou a miniatura do v\u00eddeo que podem ajud\u00e1-lo a aumentar a capacidade de descoberta do v\u00eddeo. Desde a pesquisa de palavras-chave at\u00e9 a an\u00e1lise de desempenho, n\u00f3s temos tudo o que voc\u00ea precisa!<\/p>\n\n\n\n<h2 class=\"wp-block-heading\"><strong>Nossa equipe<\/strong><\/h2>\n\n\n\n<p>As ferramentas de SEO do YouTube s\u00e3o, nos bastidores, uma equipe de desenvolvedores genu\u00ednos, especialistas em SEO e YouTubers de conte\u00fado que lutam regularmente com o YouTube. Trabalhamos arduamente, com base em seu feedback e no terreno em constante mudan\u00e7a do YouTube, para aprimorar continuamente nossas ferramentas.<\/p>\n\n\n\n<h2 class=\"wp-block-heading\"><strong>Junte-se a n\u00f3s<\/strong><\/h2>\n\n\n\n<p>Estamos felizes em t\u00ea-lo a bordo! Ferramentas gratuitas de SEO do YouTube para ajud\u00e1-lo em sua jornada, seja no YouTube como criador gratuito ou profissional... Vamos construir um YouTube de sucesso juntos!<\/p>\n\n\n\n<p>Akshay<\/p>\n\n\n\n<p>Voc\u00ea pode entrar em contato conosco na p\u00e1gina de contato, verificando o link do menu.<\/p>","protected":false},"excerpt":{"rendered":"<p>Ol\u00e1, sou o anfitri\u00e3o do YouTube SEO Tools - seu melhor recurso para ferramentas de SEO do YouTube! Ouvimos as dificuldades de ... <\/p>\n<p class=\"read-more-container\"><a title=\"Sobre N\u00f3s\" class=\"read-more button\" href=\"https:\/\/youtube-thumbnail-download.org\/pt\/about-us\/#more-552\" aria-label=\"Leia mais sobre Sobre n\u00f3s\">Leia mais<\/a><\/p>","protected":false},"author":1,"featured_media":0,"parent":0,"menu_order":0,"comment_status":"closed","ping_status":"closed","template":"","meta":{"footnotes":""},"class_list":["post-552","page","type-page","status-publish"],"yoast_head":"<!-- This site is optimized with the Yoast SEO plugin v27.0 - https:\/\/yoast.com\/product\/yoast-seo-wordpress\/ -->\n<title>About Us - YouTube Thumbnail Downloader<\/title>\n<meta name=\"robots\" content=\"index, follow, max-snippet:-1, max-image-preview:large, max-video-preview:-1\" \/>\n<link rel=\"canonical\" href=\"https:\/\/youtube-thumbnail-download.org\/pt\/about-us\/\" \/>\n<meta property=\"og:locale\" content=\"pt_BR\" \/>\n<meta property=\"og:type\" content=\"article\" \/>\n<meta property=\"og:title\" content=\"About Us - YouTube Thumbnail Downloader\" \/>\n<meta property=\"og:description\" content=\"Hello, I am your host from YouTube SEO Tools\u2014your best resource for YouTube SEO tools! We hear the struggles of ... Read more\" \/>\n<meta property=\"og:url\" content=\"https:\/\/youtube-thumbnail-download.org\/pt\/about-us\/\" \/>\n<meta property=\"og:site_name\" content=\"YouTube Thumbnail Downloader\" \/>\n<meta property=\"article:modified_time\" content=\"2025-03-30T20:31:01+00:00\" \/>\n<meta name=\"twitter:card\" content=\"summary_large_image\" \/>\n<meta name=\"twitter:label1\" content=\"Est. tempo de leitura\" \/>\n\t<meta name=\"twitter:data1\" content=\"1 minuto\" \/>\n<script type=\"application\/ld+json\" class=\"yoast-schema-graph\">{\"@context\":\"https:\/\/schema.org\",\"@graph\":[{\"@type\":\"WebPage\",\"@id\":\"https:\/\/youtube-thumbnail-download.org\/about-us\/\",\"url\":\"https:\/\/youtube-thumbnail-download.org\/about-us\/\",\"name\":\"About Us - YouTube Thumbnail Downloader\",\"isPartOf\":{\"@id\":\"https:\/\/youtube-thumbnail-download.org\/#website\"},\"datePublished\":\"2025-03-30T20:31:00+00:00\",\"dateModified\":\"2025-03-30T20:31:01+00:00\",\"breadcrumb\":{\"@id\":\"https:\/\/youtube-thumbnail-download.org\/about-us\/#breadcrumb\"},\"inLanguage\":\"pt-BR\",\"potentialAction\":[{\"@type\":\"ReadAction\",\"target\":[\"https:\/\/youtube-thumbnail-download.org\/about-us\/\"]}]},{\"@type\":\"BreadcrumbList\",\"@id\":\"https:\/\/youtube-thumbnail-download.org\/about-us\/#breadcrumb\",\"itemListElement\":[{\"@type\":\"ListItem\",\"position\":1,\"name\":\"Home\",\"item\":\"https:\/\/youtube-thumbnail-download.org\/\"},{\"@type\":\"ListItem\",\"position\":2,\"name\":\"About Us\"}]},{\"@type\":\"WebSite\",\"@id\":\"https:\/\/youtube-thumbnail-download.org\/#website\",\"url\":\"https:\/\/youtube-thumbnail-download.org\/\",\"name\":\"YouTube Thumbnail Downloader\",\"description\":\"\",\"publisher\":{\"@id\":\"https:\/\/youtube-thumbnail-download.org\/#organization\"},\"potentialAction\":[{\"@type\":\"SearchAction\",\"target\":{\"@type\":\"EntryPoint\",\"urlTemplate\":\"https:\/\/youtube-thumbnail-download.org\/?s={search_term_string}\"},\"query-input\":{\"@type\":\"PropertyValueSpecification\",\"valueRequired\":true,\"valueName\":\"search_term_string\"}}],\"inLanguage\":\"pt-BR\"},{\"@type\":\"Organization\",\"@id\":\"https:\/\/youtube-thumbnail-download.org\/#organization\",\"name\":\"YouTube Thumbnail Downloader\",\"url\":\"https:\/\/youtube-thumbnail-download.org\/\",\"logo\":{\"@type\":\"ImageObject\",\"inLanguage\":\"pt-BR\",\"@id\":\"https:\/\/youtube-thumbnail-download.org\/#\/schema\/logo\/image\/\",\"url\":\"https:\/\/youtube-thumbnail-download.org\/wp-content\/uploads\/2025\/05\/youtube.png\",\"contentUrl\":\"https:\/\/youtube-thumbnail-download.org\/wp-content\/uploads\/2025\/05\/youtube.png\",\"width\":350,\"height\":70,\"caption\":\"YouTube Thumbnail Downloader\"},\"image\":{\"@id\":\"https:\/\/youtube-thumbnail-download.org\/#\/schema\/logo\/image\/\"}}]}<\/script>\n<!-- \/ Yoast SEO plugin. -->","yoast_head_json":{"title":"About Us - YouTube Thumbnail Downloader","robots":{"index":"index","follow":"follow","max-snippet":"max-snippet:-1","max-image-preview":"max-image-preview:large","max-video-preview":"max-video-preview:-1"},"canonical":"https:\/\/youtube-thumbnail-download.org\/pt\/about-us\/","og_locale":"pt_BR","og_type":"article","og_title":"About Us - YouTube Thumbnail Downloader","og_description":"Hello, I am your host from YouTube SEO Tools\u2014your best resource for YouTube SEO tools! We hear the struggles of ... Read more","og_url":"https:\/\/youtube-thumbnail-download.org\/pt\/about-us\/","og_site_name":"YouTube Thumbnail Downloader","article_modified_time":"2025-03-30T20:31:01+00:00","twitter_card":"summary_large_image","twitter_misc":{"Est. tempo de leitura":"1 minuto"},"schema":{"@context":"https:\/\/schema.org","@graph":[{"@type":"WebPage","@id":"https:\/\/youtube-thumbnail-download.org\/about-us\/","url":"https:\/\/youtube-thumbnail-download.org\/about-us\/","name":"About Us - YouTube Thumbnail Downloader","isPartOf":{"@id":"https:\/\/youtube-thumbnail-download.org\/#website"},"datePublished":"2025-03-30T20:31:00+00:00","dateModified":"2025-03-30T20:31:01+00:00","breadcrumb":{"@id":"https:\/\/youtube-thumbnail-download.org\/about-us\/#breadcrumb"},"inLanguage":"pt-BR","potentialAction":[{"@type":"ReadAction","target":["https:\/\/youtube-thumbnail-download.org\/about-us\/"]}]},{"@type":"BreadcrumbList","@id":"https:\/\/youtube-thumbnail-download.org\/about-us\/#breadcrumb","itemListElement":[{"@type":"ListItem","position":1,"name":"Home","item":"https:\/\/youtube-thumbnail-download.org\/"},{"@type":"ListItem","position":2,"name":"About Us"}]},{"@type":"WebSite","@id":"https:\/\/youtube-thumbnail-download.org\/#website","url":"https:\/\/youtube-thumbnail-download.org\/","name":"O YouTube Downloader Miniatura","description":"","publisher":{"@id":"https:\/\/youtube-thumbnail-download.org\/#organization"},"potentialAction":[{"@type":"SearchAction","target":{"@type":"EntryPoint","urlTemplate":"https:\/\/youtube-thumbnail-download.org\/?s={search_term_string}"},"query-input":{"@type":"PropertyValueSpecification","valueRequired":true,"valueName":"search_term_string"}}],"inLanguage":"pt-BR"},{"@type":"Organization","@id":"https:\/\/youtube-thumbnail-download.org\/#organization","name":"O YouTube Downloader Miniatura","url":"https:\/\/youtube-thumbnail-download.org\/","logo":{"@type":"ImageObject","inLanguage":"pt-BR","@id":"https:\/\/youtube-thumbnail-download.org\/#\/schema\/logo\/image\/","url":"https:\/\/youtube-thumbnail-download.org\/wp-content\/uploads\/2025\/05\/youtube.png","contentUrl":"https:\/\/youtube-thumbnail-download.org\/wp-content\/uploads\/2025\/05\/youtube.png","width":350,"height":70,"caption":"YouTube Thumbnail Downloader"},"image":{"@id":"https:\/\/youtube-thumbnail-download.org\/#\/schema\/logo\/image\/"}}]}},"_links":{"self":[{"href":"https:\/\/youtube-thumbnail-download.org\/pt\/wp-json\/wp\/v2\/pages\/552","targetHints":{"allow":["GET"]}}],"collection":[{"href":"https:\/\/youtube-thumbnail-download.org\/pt\/wp-json\/wp\/v2\/pages"}],"about":[{"href":"https:\/\/youtube-thumbnail-download.org\/pt\/wp-json\/wp\/v2\/types\/page"}],"author":[{"embeddable":true,"href":"https:\/\/youtube-thumbnail-download.org\/pt\/wp-json\/wp\/v2\/users\/1"}],"replies":[{"embeddable":true,"href":"https:\/\/youtube-thumbnail-download.org\/pt\/wp-json\/wp\/v2\/comments?post=552"}],"version-history":[{"count":1,"href":"https:\/\/youtube-thumbnail-download.org\/pt\/wp-json\/wp\/v2\/pages\/552\/revisions"}],"predecessor-version":[{"id":553,"href":"https:\/\/youtube-thumbnail-download.org\/pt\/wp-json\/wp\/v2\/pages\/552\/revisions\/553"}],"wp:attachment":[{"href":"https:\/\/youtube-thumbnail-download.org\/pt\/wp-json\/wp\/v2\/media?parent=552"}],"curies":[{"name":"wp","href":"https:\/\/api.w.org\/{rel}","templated":true}]}}