{"id":552,"date":"2025-03-30T20:31:00","date_gmt":"2025-03-30T20:31:00","guid":{"rendered":"https:\/\/youtube-thumbnail-download.org\/?page_id=552"},"modified":"2025-03-30T20:31:01","modified_gmt":"2025-03-30T20:31:01","slug":"about-us","status":"publish","type":"page","link":"https:\/\/youtube-thumbnail-download.org\/tr\/about-us\/","title":{"rendered":"hakk\u0131m\u0131zda"},"content":{"rendered":"<p>Merhaba, ben YouTube SEO Ara\u00e7lar\u0131'ndan sunucunuzum - YouTube SEO ara\u00e7lar\u0131 i\u00e7in en iyi kayna\u011f\u0131n\u0131z! \u0130\u00e7erik olu\u015fturucular\u0131n, videolar\u0131n\u0131 YouTube olan t\u00fcm d\u00fcnya okyanusu i\u00e7inde ba\u011flamsalla\u015ft\u0131rmaya \u00e7al\u0131\u015f\u0131rken ya\u015fad\u0131klar\u0131 zorluklar\u0131 duyuyoruz. Bu nedenle, videolar\u0131n\u0131z\u0131 daha ke\u015ffedilebilir ve ilgi \u00e7ekici hale getirmenize yard\u0131mc\u0131 olmak i\u00e7in ihtiya\u00e7 duydu\u011funuz bilgi ve stratejileri size sunmay\u0131 ama\u00e7layan tam geli\u015fmi\u015f bir YouTube SEO ara\u00e7lar\u0131 paketi olu\u015fturduk.<\/p>\n\n\n\n<h2 class=\"wp-block-heading\"><strong>Misyonumuz<\/strong><\/h2>\n\n\n\n<p>Amac\u0131m\u0131z, en iyi YouTube SEO ara\u00e7lar\u0131n\u0131 herkes i\u00e7in eri\u015filebilir k\u0131lmakt\u0131r. Faaliyetlerinin \u00f6l\u00e7e\u011fi veya b\u00fct\u00e7elerinin b\u00fcy\u00fckl\u00fc\u011f\u00fc ne olursa olsun, her i\u00e7erik olu\u015fturucu ba\u015far\u0131l\u0131 olmak i\u00e7in e\u015fit f\u0131rsata sahip olmal\u0131d\u0131r. Hayallerin ger\u00e7ek olabilmesi i\u00e7in ara\u00e7lar\u0131m\u0131z\u0131 ger\u00e7ekten \u00fccretsiz olarak sunuyoruz; siz i\u00e7erik olu\u015fturuculardan bahsediyorum.<\/p>\n\n\n\n<h2 class=\"wp-block-heading\"><strong>Ara\u00e7lar\u0131m\u0131z<\/strong><\/h2>\n\n\n\n<p>YouTube SEO Ara\u00e7lar\u0131-Video ara\u00e7lar\u0131m\u0131z en son algoritmalar ve en iyi uygulamalar g\u00f6z \u00f6n\u00fcnde bulundurularak geli\u015ftirilmi\u015ftir. YouTube aramalar\u0131nda nas\u0131l s\u0131ralanabilece\u011finizi \u00f6\u011frenmek istiyorsan\u0131z, t\u00fcm bu ara\u00e7lar size video ba\u015fl\u0131\u011f\u0131, a\u00e7\u0131klamas\u0131, etiketleri veya k\u00fc\u00e7\u00fck resmi hakk\u0131nda videonuzun ke\u015ffedilebilirli\u011fini art\u0131rman\u0131za yard\u0131mc\u0131 olabilecek somut bilgiler verir. Anahtar kelime ara\u015ft\u0131rmas\u0131ndan performans analizine kadar her konuda yan\u0131n\u0131zday\u0131z!<\/p>\n\n\n\n<h2 class=\"wp-block-heading\"><strong>Bizim Tak\u0131m\u0131m\u0131z<\/strong><\/h2>\n\n\n\n<p>YouTube SEO ara\u00e7lar\u0131, perde arkas\u0131nda, YouTube ile d\u00fczenli olarak m\u00fccadele eden ger\u00e7ek geli\u015ftiriciler, SEO uzmanlar\u0131 ve i\u00e7erik YouTuber'lar\u0131ndan olu\u015fan bir ekiptir. Geri bildirimlerinize ve YouTube'un s\u00fcrekli de\u011fi\u015fen ortam\u0131na dayanarak ara\u00e7lar\u0131m\u0131z\u0131 s\u00fcrekli geli\u015ftirmek i\u00e7in \u00e7ok \u00e7al\u0131\u015f\u0131yoruz.<\/p>\n\n\n\n<h2 class=\"wp-block-heading\"><strong>Bize Kat\u0131l\u0131n<\/strong><\/h2>\n\n\n\n<p>Aram\u0131za kat\u0131ld\u0131\u011f\u0131n\u0131z i\u00e7in mutluyuz! YouTube'da ister \u00fccretsiz i\u00e7erik olu\u015fturucu ister profesyonel olarak yolculu\u011funuzda size yard\u0131mc\u0131 olacak \u00fccretsiz YouTube SEO ara\u00e7lar\u0131... Birlikte ba\u015far\u0131l\u0131 bir YouTube olu\u015ftural\u0131m!<\/p>\n\n\n\n<p>Akshay<\/p>\n\n\n\n<p>Men\u00fc ba\u011flant\u0131s\u0131n\u0131 kontrol ederek ileti\u015fim sayfas\u0131ndan bizimle ileti\u015fime ge\u00e7ebilirsiniz.<\/p>","protected":false},"excerpt":{"rendered":"<p>Merhaba, ben YouTube SEO Ara\u00e7lar\u0131'ndan sunucunuzum - YouTube SEO ara\u00e7lar\u0131 i\u00e7in en iyi kayna\u011f\u0131n\u0131z! YouTube SEO ara\u00e7lar\u0131n\u0131 ... <\/p>\n<p class=\"read-more-container\"><a title=\"hakk\u0131m\u0131zda\" class=\"read-more button\" href=\"https:\/\/youtube-thumbnail-download.org\/tr\/about-us\/#more-552\" aria-label=\"Hakk\u0131m\u0131zda hakk\u0131nda daha fazlas\u0131n\u0131 okuyun\">Daha fazla bilgi edinin<\/a><\/p>","protected":false},"author":1,"featured_media":0,"parent":0,"menu_order":0,"comment_status":"closed","ping_status":"closed","template":"","meta":{"footnotes":""},"class_list":["post-552","page","type-page","status-publish"],"yoast_head":"<!-- This site is optimized with the Yoast SEO plugin v27.0 - https:\/\/yoast.com\/product\/yoast-seo-wordpress\/ -->\n<title>About Us - YouTube Thumbnail Downloader<\/title>\n<meta name=\"robots\" content=\"index, follow, max-snippet:-1, max-image-preview:large, max-video-preview:-1\" \/>\n<link rel=\"canonical\" href=\"https:\/\/youtube-thumbnail-download.org\/tr\/about-us\/\" \/>\n<meta property=\"og:locale\" content=\"tr_TR\" \/>\n<meta property=\"og:type\" content=\"article\" \/>\n<meta property=\"og:title\" content=\"About Us - YouTube Thumbnail Downloader\" \/>\n<meta property=\"og:description\" content=\"Hello, I am your host from YouTube SEO Tools\u2014your best resource for YouTube SEO tools! We hear the struggles of ... Read more\" \/>\n<meta property=\"og:url\" content=\"https:\/\/youtube-thumbnail-download.org\/tr\/about-us\/\" \/>\n<meta property=\"og:site_name\" content=\"YouTube Thumbnail Downloader\" \/>\n<meta property=\"article:modified_time\" content=\"2025-03-30T20:31:01+00:00\" \/>\n<meta name=\"twitter:card\" content=\"summary_large_image\" \/>\n<meta name=\"twitter:label1\" content=\"Tahmini okuma s\u00fcresi\" \/>\n\t<meta name=\"twitter:data1\" content=\"1 dakika\" \/>\n<script type=\"application\/ld+json\" class=\"yoast-schema-graph\">{\"@context\":\"https:\/\/schema.org\",\"@graph\":[{\"@type\":\"WebPage\",\"@id\":\"https:\/\/youtube-thumbnail-download.org\/about-us\/\",\"url\":\"https:\/\/youtube-thumbnail-download.org\/about-us\/\",\"name\":\"About Us - YouTube Thumbnail Downloader\",\"isPartOf\":{\"@id\":\"https:\/\/youtube-thumbnail-download.org\/#website\"},\"datePublished\":\"2025-03-30T20:31:00+00:00\",\"dateModified\":\"2025-03-30T20:31:01+00:00\",\"breadcrumb\":{\"@id\":\"https:\/\/youtube-thumbnail-download.org\/about-us\/#breadcrumb\"},\"inLanguage\":\"tr\",\"potentialAction\":[{\"@type\":\"ReadAction\",\"target\":[\"https:\/\/youtube-thumbnail-download.org\/about-us\/\"]}]},{\"@type\":\"BreadcrumbList\",\"@id\":\"https:\/\/youtube-thumbnail-download.org\/about-us\/#breadcrumb\",\"itemListElement\":[{\"@type\":\"ListItem\",\"position\":1,\"name\":\"Home\",\"item\":\"https:\/\/youtube-thumbnail-download.org\/\"},{\"@type\":\"ListItem\",\"position\":2,\"name\":\"About Us\"}]},{\"@type\":\"WebSite\",\"@id\":\"https:\/\/youtube-thumbnail-download.org\/#website\",\"url\":\"https:\/\/youtube-thumbnail-download.org\/\",\"name\":\"YouTube Thumbnail Downloader\",\"description\":\"\",\"publisher\":{\"@id\":\"https:\/\/youtube-thumbnail-download.org\/#organization\"},\"potentialAction\":[{\"@type\":\"SearchAction\",\"target\":{\"@type\":\"EntryPoint\",\"urlTemplate\":\"https:\/\/youtube-thumbnail-download.org\/?s={search_term_string}\"},\"query-input\":{\"@type\":\"PropertyValueSpecification\",\"valueRequired\":true,\"valueName\":\"search_term_string\"}}],\"inLanguage\":\"tr\"},{\"@type\":\"Organization\",\"@id\":\"https:\/\/youtube-thumbnail-download.org\/#organization\",\"name\":\"YouTube Thumbnail Downloader\",\"url\":\"https:\/\/youtube-thumbnail-download.org\/\",\"logo\":{\"@type\":\"ImageObject\",\"inLanguage\":\"tr\",\"@id\":\"https:\/\/youtube-thumbnail-download.org\/#\/schema\/logo\/image\/\",\"url\":\"https:\/\/youtube-thumbnail-download.org\/wp-content\/uploads\/2025\/05\/youtube.png\",\"contentUrl\":\"https:\/\/youtube-thumbnail-download.org\/wp-content\/uploads\/2025\/05\/youtube.png\",\"width\":350,\"height\":70,\"caption\":\"YouTube Thumbnail Downloader\"},\"image\":{\"@id\":\"https:\/\/youtube-thumbnail-download.org\/#\/schema\/logo\/image\/\"}}]}<\/script>\n<!-- \/ Yoast SEO plugin. -->","yoast_head_json":{"title":"About Us - YouTube Thumbnail Downloader","robots":{"index":"index","follow":"follow","max-snippet":"max-snippet:-1","max-image-preview":"max-image-preview:large","max-video-preview":"max-video-preview:-1"},"canonical":"https:\/\/youtube-thumbnail-download.org\/tr\/about-us\/","og_locale":"tr_TR","og_type":"article","og_title":"About Us - YouTube Thumbnail Downloader","og_description":"Hello, I am your host from YouTube SEO Tools\u2014your best resource for YouTube SEO tools! We hear the struggles of ... Read more","og_url":"https:\/\/youtube-thumbnail-download.org\/tr\/about-us\/","og_site_name":"YouTube Thumbnail Downloader","article_modified_time":"2025-03-30T20:31:01+00:00","twitter_card":"summary_large_image","twitter_misc":{"Tahmini okuma s\u00fcresi":"1 dakika"},"schema":{"@context":"https:\/\/schema.org","@graph":[{"@type":"WebPage","@id":"https:\/\/youtube-thumbnail-download.org\/about-us\/","url":"https:\/\/youtube-thumbnail-download.org\/about-us\/","name":"About Us - YouTube Thumbnail Downloader","isPartOf":{"@id":"https:\/\/youtube-thumbnail-download.org\/#website"},"datePublished":"2025-03-30T20:31:00+00:00","dateModified":"2025-03-30T20:31:01+00:00","breadcrumb":{"@id":"https:\/\/youtube-thumbnail-download.org\/about-us\/#breadcrumb"},"inLanguage":"tr","potentialAction":[{"@type":"ReadAction","target":["https:\/\/youtube-thumbnail-download.org\/about-us\/"]}]},{"@type":"BreadcrumbList","@id":"https:\/\/youtube-thumbnail-download.org\/about-us\/#breadcrumb","itemListElement":[{"@type":"ListItem","position":1,"name":"Home","item":"https:\/\/youtube-thumbnail-download.org\/"},{"@type":"ListItem","position":2,"name":"About Us"}]},{"@type":"WebSite","@id":"https:\/\/youtube-thumbnail-download.org\/#website","url":"https:\/\/youtube-thumbnail-download.org\/","name":"YouTube K\u00fc\u00e7\u00fck Resim \u0130ndiricisi","description":"","publisher":{"@id":"https:\/\/youtube-thumbnail-download.org\/#organization"},"potentialAction":[{"@type":"SearchAction","target":{"@type":"EntryPoint","urlTemplate":"https:\/\/youtube-thumbnail-download.org\/?s={search_term_string}"},"query-input":{"@type":"PropertyValueSpecification","valueRequired":true,"valueName":"search_term_string"}}],"inLanguage":"tr"},{"@type":"Organization","@id":"https:\/\/youtube-thumbnail-download.org\/#organization","name":"YouTube K\u00fc\u00e7\u00fck Resim \u0130ndiricisi","url":"https:\/\/youtube-thumbnail-download.org\/","logo":{"@type":"ImageObject","inLanguage":"tr","@id":"https:\/\/youtube-thumbnail-download.org\/#\/schema\/logo\/image\/","url":"https:\/\/youtube-thumbnail-download.org\/wp-content\/uploads\/2025\/05\/youtube.png","contentUrl":"https:\/\/youtube-thumbnail-download.org\/wp-content\/uploads\/2025\/05\/youtube.png","width":350,"height":70,"caption":"YouTube Thumbnail Downloader"},"image":{"@id":"https:\/\/youtube-thumbnail-download.org\/#\/schema\/logo\/image\/"}}]}},"_links":{"self":[{"href":"https:\/\/youtube-thumbnail-download.org\/tr\/wp-json\/wp\/v2\/pages\/552","targetHints":{"allow":["GET"]}}],"collection":[{"href":"https:\/\/youtube-thumbnail-download.org\/tr\/wp-json\/wp\/v2\/pages"}],"about":[{"href":"https:\/\/youtube-thumbnail-download.org\/tr\/wp-json\/wp\/v2\/types\/page"}],"author":[{"embeddable":true,"href":"https:\/\/youtube-thumbnail-download.org\/tr\/wp-json\/wp\/v2\/users\/1"}],"replies":[{"embeddable":true,"href":"https:\/\/youtube-thumbnail-download.org\/tr\/wp-json\/wp\/v2\/comments?post=552"}],"version-history":[{"count":1,"href":"https:\/\/youtube-thumbnail-download.org\/tr\/wp-json\/wp\/v2\/pages\/552\/revisions"}],"predecessor-version":[{"id":553,"href":"https:\/\/youtube-thumbnail-download.org\/tr\/wp-json\/wp\/v2\/pages\/552\/revisions\/553"}],"wp:attachment":[{"href":"https:\/\/youtube-thumbnail-download.org\/tr\/wp-json\/wp\/v2\/media?parent=552"}],"curies":[{"name":"wp","href":"https:\/\/api.w.org\/{rel}","templated":true}]}}